{"id":1065,"date":"2022-06-14T13:23:17","date_gmt":"2022-06-14T13:23:17","guid":{"rendered":"https:\/\/enjust.net\/?page_id=1065"},"modified":"2025-01-21T09:18:20","modified_gmt":"2025-01-21T09:18:20","slug":"special-issues","status":"publish","type":"page","link":"https:\/\/enjust.net\/de\/special-issues\/","title":{"rendered":"Sammelb\u00e4nde"},"content":{"rendered":"\n<p>In diesem Abschnitt finden Sie einen \u00dcberblick \u00fcber die von EnJust-Mitgliedern ver\u00f6ffentlichten Sammelb\u00e4nde.<\/p>\n\n\n\n<figure class=\"wp-block-image size-large\"><img loading=\"lazy\" decoding=\"async\" width=\"1024\" height=\"387\" src=\"https:\/\/enjust.net\/wp-content\/uploads\/2023\/03\/Belo-Monte-e1679408887825-1024x387.jpg\" alt=\"\" class=\"wp-image-1603\" srcset=\"https:\/\/enjust.net\/wp-content\/uploads\/2023\/03\/Belo-Monte-e1679408887825-1024x387.jpg 1024w, https:\/\/enjust.net\/wp-content\/uploads\/2023\/03\/Belo-Monte-e1679408887825-300x113.jpg 300w, https:\/\/enjust.net\/wp-content\/uploads\/2023\/03\/Belo-Monte-e1679408887825-768x290.jpg 768w, https:\/\/enjust.net\/wp-content\/uploads\/2023\/03\/Belo-Monte-e1679408887825.jpg 1200w\" sizes=\"auto, (max-width: 1024px) 100vw, 1024px\" \/><\/figure>\n\n\n\n<hr class=\"wp-block-separator has-css-opacity\"\/>\n\n\n\n<p><strong>Special Issue 2020:<\/strong><br><a href=\"https:\/\/www.die-erde.org\/index.php\/die-erde\/issue\/view\/45\" target=\"_blank\" rel=\"noreferrer noopener\">Narratives and practices of environmental justice.<\/a> DIE ERDE \u2013 Journal of the Geographical Society of Berlin, 151(2-3).<\/p>\n\n\n\n<p>Der erste Sammelband &#8222;<strong>Narratives and practices of environmental justice<\/strong>&#8220; (dt.&#8220;Narrative und Praktiken der Umweltgerechtigkeit&#8220;) wurde durch den Kick-off Enjust-Workshops 2019 initiiert. Die Ausgabe enth\u00e4lt eine Reihe von empirischen und konzeptionellen Beitr\u00e4gen zum Thema Umweltgerechtigkeit. Die Artikel entwickeln neue konzeptionelle Ideen (z.B. Partizipation, epistemische Gerechtigkeit, sozio-\u00f6kologische Gerechtigkeit, Environmental Justice Incommensurabilities Framework) und bieten interessante Einblicke in laufende K\u00e4mpfe f\u00fcr Umweltgerechtigkeit und in die Rolle, die Narrative in solchen Konflikten spielen. Empirisch reichen die Beitr\u00e4ge vom Widerstand gegen Wasserkraftwerke (T\u00fcrkei und Brasilien) \u00fcber Bewegungen gegen Kohle (\u00c4gypten) \u00fcber Bioethanolproduktion (Argentinien) bis hin zu r\u00e4umlichem Hochwasserrisikomanagement (\u00d6sterreich und Niederlande) und urbaner Mobilit\u00e4t (Mexiko).<\/p>\n\n\n\n<hr class=\"wp-block-separator has-css-opacity\"\/>\n\n\n\n<p><strong>Special Issue 2021:<\/strong><br><a href=\"https:\/\/gh.copernicus.org\/articles\/special_issue1054.html\">Climate and Marine Justice \u2013 Debates and Critical Perspectives<\/a>. Geographica Helvetica 75\/76.<\/p>\n\n\n\n<p>Der zweite Sammelband <strong>\u201cClimate and Marine Justice \u2013 Debates and Critical Perspectives\u201d<\/strong> (dt. &#8222;Klima- und Meeresgerechtigkeit &#8211; Debatten und kritische Perspektiven&#8220;) besch\u00e4ftigt sich mit der N\u00fctzlichkeit umweltgerechter Perspektiven f\u00fcr die Analyse aktueller sozio-\u00f6kologischer Konflikte. Ziel des Sammelbands ist es, Klima- und Meeresnarrative, \u00f6kologische Wissensanspr\u00fcche, multiple Ontologien, die Anpassung an den Klimawandel sowie die r\u00e4umliche und zeitliche Ausgestaltung sozial-\u00f6kologischer K\u00e4mpfe um Klima- und Meeresgerechtigkeit n\u00e4her zu beleuchten. Dar\u00fcber hinaus greift er aktuelle Forschungsstr\u00e4nge zur Klima- und Meeresgerechtigkeit auf und zeigt Wege f\u00fcr weitere Forschungen auf.<\/p>\n\n\n\n<hr class=\"wp-block-separator has-alpha-channel-opacity\"\/>\n\n\n\n<p><strong>Special Issue 2024:<\/strong><\/p>\n\n\n\n<div class=\"wp-block-group is-vertical is-layout-flex wp-container-core-group-is-layout-8cf370e7 wp-block-group-is-layout-flex\">\n<p><a href=\"https:\/\/enjust.net\/wp-content\/uploads\/2025\/01\/Enjust_inLA_eng_noISBN.pdf\">Environmental Justice in Latin America: Violence and Resistance<\/a><\/p>\n\n\n\n<p>Die Sonderausgabe <strong>\u201eEnvironmental Justice in Latin America: Violence and Resistance&#8220; (Umweltgerechtigkeit in Lateinamerika: Gewalt und Widerstand)<\/strong> fasst die Ergebnisse des vierten EnJust-Treffens im Jahr 2023 zusammen. Diese Publikation zielt darauf ab, ein Feld dringender Probleme sichtbar zu machen, mit denen Nationen und V\u00f6lker in Mexiko, Lateinamerika und dem Rest der Welt konfrontiert sind: die K\u00e4mpfe um die Transformation des vorherrschenden politisch-\u00f6kologischen Modells der extraktivistischen, ausgrenzenden, patriarchalen und \u00f6kozidalen Ausbeutung. Anhand eines breiten Spektrums von Themen und Situationen der Umweltgerechtigkeit wird eine kollektive Erz\u00e4hlung gewoben, die sowohl die Gewalt gegen Gemeinschaften und ihre Umwelt als auch die Formen des Widerstands und der Hoffnung aufzeigt, die als Reaktion darauf entstehen. Die Beitr\u00e4ge in diesem Werk bem\u00fchen sich, den aktuellen kritischen Stand der Dinge auf agile und klare Weise zu erfassen und unterstreichen die Bedeutung der Organisation von Gemeinschaften, der Hartn\u00e4ckigkeit im Angesicht von Widrigkeiten und der Schaffung von kollektivem Wissen als entscheidende Elemente f\u00fcr die angestrebte sozio\u00f6kologische Transformation.<\/p>\n<\/div>\n\n\n\n<p>Spanische Version: <a href=\"https:\/\/enjust.net\/wp-content\/uploads\/2024\/06\/21MAYO-PUBLICACIOoN-ENJUST.pdf\">Justicia ambiental en Am\u00e9rica Latina: entre violencias y resistencias<\/a><\/p>\n","protected":false},"excerpt":{"rendered":"<p>In diesem Abschnitt finden Sie einen \u00dcberblick \u00fcber die von EnJust-Mitgliedern ver\u00f6ffentlichten Sammelb\u00e4nde. Special Issue 2020:Narratives and practices of environmental justice. DIE ERDE \u2013 Journal of the Geographical Society of Berlin, 151(2-3). Der erste Sammelband &#8222;Narratives and practices of environmental justice&#8220; (dt.&#8220;Narrative und Praktiken der Umweltgerechtigkeit&#8220;) wurde durch den Kick-off Enjust-Workshops 2019 initiiert. Die Ausgabe enth\u00e4lt eine Reihe von empirischen und konzeptionellen Beitr\u00e4gen zum Thema Umweltgerechtigkeit. Die Artikel entwickeln neue konzeptionelle Ideen (z.B. Partizipation, epistemische Gerechtigkeit, sozio-\u00f6kologische Gerechtigkeit, Environmental Justice Incommensurabilities Framework) und bieten interessante Einblicke in laufende K\u00e4mpfe f\u00fcr Umweltgerechtigkeit und in die Rolle, die Narrative in solchen Konflikten&#8230; <\/p>\n","protected":false},"author":5,"featured_media":0,"parent":0,"menu_order":0,"comment_status":"closed","ping_status":"closed","template":"","meta":{"footnotes":""},"class_list":["post-1065","page","type-page","status-publish","hentry"],"translation":{"provider":"WPGlobus","version":"3.0.2","language":"de","enabled_languages":["en","de","es"],"languages":{"en":{"title":true,"content":true,"excerpt":false},"de":{"title":true,"content":true,"excerpt":false},"es":{"title":true,"content":true,"excerpt":false}}},"yoast_head":"<!-- This site is optimized with the Yoast SEO plugin v27.3 - https:\/\/yoast.com\/product\/yoast-seo-wordpress\/ -->\n<title>Sammelb\u00e4nde -<\/title>\n<meta name=\"robots\" content=\"index, follow, max-snippet:-1, max-image-preview:large, max-video-preview:-1\" \/>\n<link rel=\"canonical\" href=\"https:\/\/enjust.net\/special-issues\/\" \/>\n<meta property=\"og:locale\" content=\"de_DE\" \/>\n<meta property=\"og:type\" content=\"article\" \/>\n<meta property=\"og:title\" content=\"Sammelb\u00e4nde -\" \/>\n<meta property=\"og:url\" content=\"https:\/\/enjust.net\/special-issues\/\" \/>\n<meta property=\"article:modified_time\" content=\"2025-01-21T09:18:20+00:00\" \/>\n<meta property=\"og:image\" content=\"https:\/\/enjust.net\/wp-content\/uploads\/2023\/03\/Belo-Monte-e1679408887825.jpg\" \/>\n\t<meta property=\"og:image:width\" content=\"1200\" \/>\n\t<meta property=\"og:image:height\" content=\"453\" \/>\n\t<meta property=\"og:image:type\" content=\"image\/jpeg\" \/>\n<meta name=\"twitter:card\" content=\"summary_large_image\" \/>\n<meta name=\"twitter:label1\" content=\"Gesch\u00e4tzte Lesezeit\" \/>\n\t<meta name=\"twitter:data1\" content=\"2\u00a0Minuten\" \/>\n<script type=\"application\/ld+json\" class=\"yoast-schema-graph\">{\"@context\":\"https:\\\/\\\/schema.org\",\"@graph\":[{\"@type\":\"WebPage\",\"@id\":\"https:\\\/\\\/enjust.net\\\/special-issues\\\/\",\"url\":\"https:\\\/\\\/enjust.net\\\/special-issues\\\/\",\"name\":\"Sammelb\u00e4nde -\",\"isPartOf\":{\"@id\":\"https:\\\/\\\/enjust.net\\\/de\\\/#website\"},\"primaryImageOfPage\":{\"@id\":\"https:\\\/\\\/enjust.net\\\/special-issues\\\/#primaryimage\"},\"image\":{\"@id\":\"https:\\\/\\\/enjust.net\\\/special-issues\\\/#primaryimage\"},\"thumbnailUrl\":\"https:\\\/\\\/enjust.net\\\/wp-content\\\/uploads\\\/2023\\\/03\\\/Belo-Monte-e1679408887825-1024x387.jpg\",\"datePublished\":\"2022-06-14T13:23:17+00:00\",\"dateModified\":\"2025-01-21T09:18:20+00:00\",\"breadcrumb\":{\"@id\":\"https:\\\/\\\/enjust.net\\\/special-issues\\\/#breadcrumb\"},\"inLanguage\":\"de\",\"potentialAction\":[{\"@type\":\"ReadAction\",\"target\":[\"https:\\\/\\\/enjust.net\\\/special-issues\\\/\"]}]},{\"@type\":\"ImageObject\",\"inLanguage\":\"de\",\"@id\":\"https:\\\/\\\/enjust.net\\\/special-issues\\\/#primaryimage\",\"url\":\"https:\\\/\\\/enjust.net\\\/wp-content\\\/uploads\\\/2023\\\/03\\\/Belo-Monte-e1679408887825-1024x387.jpg\",\"contentUrl\":\"https:\\\/\\\/enjust.net\\\/wp-content\\\/uploads\\\/2023\\\/03\\\/Belo-Monte-e1679408887825-1024x387.jpg\"},{\"@type\":\"BreadcrumbList\",\"@id\":\"https:\\\/\\\/enjust.net\\\/special-issues\\\/#breadcrumb\",\"itemListElement\":[{\"@type\":\"ListItem\",\"position\":1,\"name\":\"Startseite\",\"item\":\"https:\\\/\\\/enjust.net\\\/\"},{\"@type\":\"ListItem\",\"position\":2,\"name\":\"Special Issues\"}]},{\"@type\":\"WebSite\",\"@id\":\"https:\\\/\\\/enjust.net\\\/de\\\/#website\",\"url\":\"https:\\\/\\\/enjust.net\\\/de\\\/\",\"name\":\"\",\"description\":\"         \",\"potentialAction\":[{\"@type\":\"SearchAction\",\"target\":{\"@type\":\"EntryPoint\",\"urlTemplate\":\"https:\\\/\\\/enjust.net\\\/de\\\/?s={search_term_string}\"},\"query-input\":{\"@type\":\"PropertyValueSpecification\",\"valueRequired\":true,\"valueName\":\"search_term_string\"}}],\"inLanguage\":\"de\"}]}<\/script>\n<!-- \/ Yoast SEO plugin. -->","yoast_head_json":{"title":"Sammelb\u00e4nde -","robots":{"index":"index","follow":"follow","max-snippet":"max-snippet:-1","max-image-preview":"max-image-preview:large","max-video-preview":"max-video-preview:-1"},"canonical":"https:\/\/enjust.net\/special-issues\/","og_locale":"de_DE","og_type":"article","og_title":"Sammelb\u00e4nde -","og_url":"https:\/\/enjust.net\/special-issues\/","article_modified_time":"2025-01-21T09:18:20+00:00","og_image":[{"width":1200,"height":453,"url":"https:\/\/enjust.net\/wp-content\/uploads\/2023\/03\/Belo-Monte-e1679408887825.jpg","type":"image\/jpeg"}],"twitter_card":"summary_large_image","twitter_misc":{"Gesch\u00e4tzte Lesezeit":"2\u00a0Minuten"},"schema":{"@context":"https:\/\/schema.org","@graph":[{"@type":"WebPage","@id":"https:\/\/enjust.net\/special-issues\/","url":"https:\/\/enjust.net\/special-issues\/","name":"Sammelb\u00e4nde -","isPartOf":{"@id":"https:\/\/enjust.net\/de\/#website"},"primaryImageOfPage":{"@id":"https:\/\/enjust.net\/special-issues\/#primaryimage"},"image":{"@id":"https:\/\/enjust.net\/special-issues\/#primaryimage"},"thumbnailUrl":"https:\/\/enjust.net\/wp-content\/uploads\/2023\/03\/Belo-Monte-e1679408887825-1024x387.jpg","datePublished":"2022-06-14T13:23:17+00:00","dateModified":"2025-01-21T09:18:20+00:00","breadcrumb":{"@id":"https:\/\/enjust.net\/special-issues\/#breadcrumb"},"inLanguage":"de","potentialAction":[{"@type":"ReadAction","target":["https:\/\/enjust.net\/special-issues\/"]}]},{"@type":"ImageObject","inLanguage":"de","@id":"https:\/\/enjust.net\/special-issues\/#primaryimage","url":"https:\/\/enjust.net\/wp-content\/uploads\/2023\/03\/Belo-Monte-e1679408887825-1024x387.jpg","contentUrl":"https:\/\/enjust.net\/wp-content\/uploads\/2023\/03\/Belo-Monte-e1679408887825-1024x387.jpg"},{"@type":"BreadcrumbList","@id":"https:\/\/enjust.net\/special-issues\/#breadcrumb","itemListElement":[{"@type":"ListItem","position":1,"name":"Startseite","item":"https:\/\/enjust.net\/"},{"@type":"ListItem","position":2,"name":"Special Issues"}]},{"@type":"WebSite","@id":"https:\/\/enjust.net\/de\/#website","url":"https:\/\/enjust.net\/de\/","name":"","description":"         ","potentialAction":[{"@type":"SearchAction","target":{"@type":"EntryPoint","urlTemplate":"https:\/\/enjust.net\/de\/?s={search_term_string}"},"query-input":{"@type":"PropertyValueSpecification","valueRequired":true,"valueName":"search_term_string"}}],"inLanguage":"de"}]}},"_links":{"self":[{"href":"https:\/\/enjust.net\/de\/wp-json\/wp\/v2\/pages\/1065","targetHints":{"allow":["GET"]}}],"collection":[{"href":"https:\/\/enjust.net\/de\/wp-json\/wp\/v2\/pages"}],"about":[{"href":"https:\/\/enjust.net\/de\/wp-json\/wp\/v2\/types\/page"}],"author":[{"embeddable":true,"href":"https:\/\/enjust.net\/de\/wp-json\/wp\/v2\/users\/5"}],"replies":[{"embeddable":true,"href":"https:\/\/enjust.net\/de\/wp-json\/wp\/v2\/comments?post=1065"}],"version-history":[{"count":13,"href":"https:\/\/enjust.net\/de\/wp-json\/wp\/v2\/pages\/1065\/revisions"}],"predecessor-version":[{"id":2670,"href":"https:\/\/enjust.net\/de\/wp-json\/wp\/v2\/pages\/1065\/revisions\/2670"}],"wp:attachment":[{"href":"https:\/\/enjust.net\/de\/wp-json\/wp\/v2\/media?parent=1065"}],"curies":[{"name":"wp","href":"https:\/\/api.w.org\/{rel}","templated":true}]}}