{"id":1125,"date":"2021-09-29T14:37:56","date_gmt":"2021-09-29T14:37:56","guid":{"rendered":"https:\/\/enjust.net\/?page_id=1125"},"modified":"2025-12-17T15:00:36","modified_gmt":"2025-12-17T15:00:36","slug":"teaching-resources","status":"publish","type":"page","link":"https:\/\/enjust.net\/de\/ressourcen\/teaching-resources\/","title":{"rendered":"Lernmaterialien"},"content":{"rendered":"\n<p>In diesem Abschnitt finden Sie verschiedene Ressourcen zum Thema Umweltgerechtigkeit, die f\u00fcr den Unterricht genutzt werden k\u00f6nnen.<\/p>\n\n\n\n<ul class=\"wp-block-list\">\n<li><strong>Pr\u00e4sentation von EnJust: Introduction to Environmental Justice<\/strong><br>Wir haben eine kurze Einf\u00fchrung zum Thema Umweltgerechtigkeit erstellt, die Sie als Leitfaden oder Hilfsmittel zur Aufkl\u00e4rung \u00fcber das Thema nutzen k\u00f6nnen. Sie sind an der deutschen oder der PowerPoint-Version interessiert? Kontaktieren Sie uns unter:<br>enjust[at]geographie.uni-kiel.de<br>Um die englische Pr\u00e4sentation herunterzuladen, klicken Sie bitte auf den folgenden Link:<br><a href=\"https:\/\/enjust.net\/wp-content\/uploads\/2021\/09\/VL_Umweltgerechtigkeit_EnJust_ENG.pdf\">Presentation_Introduction_Environmental_Justice<\/a><\/li>\n<\/ul>\n\n\n\n<ul class=\"wp-block-list\">\n<li><strong>EJ Atlas &#8211; Global Atlas of Environmental Justice<\/strong><br>EJ Atlas erfasst F\u00e4lle von Umweltgerechtigkeit auf der ganzen Welt. Er bietet einen guten \u00dcberblick \u00fcber aktuelle und vergangene Konflikte.<br><a href=\"https:\/\/ejatlas.org\/\">Link<\/a><\/li>\n<\/ul>\n\n\n\n<ul class=\"wp-block-list\">\n<li><strong>Environmental Justice Comic Book<\/strong><br>Im Rahmen des <em>Comic Book Projects<\/em> entstand das Comic-Buch <em>Mayah&#8217;s Lot<\/em>, das von Charlie La Greca und Rebecca Bratspiess am CUER (Center for Urban Environmental Reform) verfasst wurde. Anhand einer fiktiven Geschichte erforscht das Buch auf k\u00fcnstlerische Weise die verschiedenen Ebenen und Probleme von Umweltgerechtigkeit, einschlie\u00dflich ihrer Weitergabe an Entscheidungstr\u00e4ger.<br>Mehr \u00fcber das Projekt erfahren Sie <a href=\"https:\/\/cuer.law.cuny.edu\/?page_id=1272\">hier<\/a>.<br><\/li>\n<\/ul>\n\n\n\n<ul class=\"wp-block-list\">\n<li><strong>Bundesministerium f\u00fcr Bildung und Forschung<\/strong><br>Verschiedene Lernressourcen zu Themen der nachhaltigen Entwicklung (z.B. Klimagerechtigkeit, Gleichheit).<br>Zugang zur Webseite <a href=\"https:\/\/www.bne-portal.de\/SiteGlobals\/Forms\/bne\/lernmaterialien\/suche_formular.html\">hier<\/a>.<\/li>\n<\/ul>\n\n\n\n<div class=\"wp-block-group\"><div class=\"wp-block-group__inner-container is-layout-constrained wp-block-group-is-layout-constrained\">\n<ul class=\"wp-block-list\">\n<li><strong>Klimaretter Hamburg<\/strong><br>Bildungsmaterialien zu Klimagerechtigkeit, Klimawandel und mehr. Speziell f\u00fcr Lehrkr\u00e4fte.<br><a href=\"https:\/\/klimaretter.hamburg\/materialien\/\">Hier<\/a> geht es zur Webseite.<\/li>\n<\/ul>\n<\/div><\/div>\n\n\n\n<div class=\"wp-block-group\"><div class=\"wp-block-group__inner-container is-layout-constrained wp-block-group-is-layout-constrained\">\n<div class=\"wp-block-group\"><div class=\"wp-block-group__inner-container is-layout-constrained wp-block-group-is-layout-constrained\">\n<div class=\"wp-block-group\"><div class=\"wp-block-group__inner-container is-layout-constrained wp-block-group-is-layout-constrained\">\n<div class=\"wp-block-group\"><div class=\"wp-block-group__inner-container is-layout-constrained wp-block-group-is-layout-constrained\">\n<ul class=\"wp-block-list\">\n<li><strong>Umweltgerechtigkeit &#8211; Fragen und Antworten <\/strong><\/li>\n<\/ul>\n\n\n\n<div class=\"wp-block-group\"><div class=\"wp-block-group__inner-container is-layout-constrained wp-block-group-is-layout-constrained\">\n<p>Barrierefreies Lehrmaterial der Berliner Landeszentrale f\u00fcr politische Bildung. Am Beispiel von Berlin wird Umweltgerechtigkeit umfassend, in leichter Sprache erkl\u00e4rt und sehr sch\u00f6n visuell erg\u00e4nzt. <\/p>\n<\/div><\/div>\n<\/div><\/div>\n\n\n\n<p><a href=\"https:\/\/enjust.net\/wp-content\/uploads\/2025\/12\/LPB_Umweltgerechtigkeit-barrierefrei-5.pdf\">Hier <\/a>ist das Dokument zufinden.<\/p>\n<\/div><\/div>\n<\/div><\/div>\n\n\n\n<p><\/p>\n<\/div><\/div>\n","protected":false},"excerpt":{"rendered":"<p>In diesem Abschnitt finden Sie verschiedene Ressourcen zum Thema Umweltgerechtigkeit, die f\u00fcr den Unterricht genutzt werden k\u00f6nnen. Barrierefreies Lehrmaterial der Berliner Landeszentrale f\u00fcr politische Bildung. Am Beispiel von Berlin wird Umweltgerechtigkeit umfassend, in leichter Sprache erkl\u00e4rt und sehr sch\u00f6n visuell erg\u00e4nzt. Hier ist das Dokument zufinden.<\/p>\n","protected":false},"author":5,"featured_media":0,"parent":226,"menu_order":0,"comment_status":"closed","ping_status":"closed","template":"","meta":{"footnotes":""},"class_list":["post-1125","page","type-page","status-publish","hentry"],"translation":{"provider":"WPGlobus","version":"3.0.2","language":"de","enabled_languages":["en","de","es"],"languages":{"en":{"title":true,"content":true,"excerpt":false},"de":{"title":true,"content":true,"excerpt":false},"es":{"title":true,"content":true,"excerpt":false}}},"yoast_head":"<!-- This site is optimized with the Yoast SEO plugin v27.4 - https:\/\/yoast.com\/product\/yoast-seo-wordpress\/ -->\n<title>Lernmaterialien -<\/title>\n<meta name=\"robots\" content=\"index, follow, max-snippet:-1, max-image-preview:large, max-video-preview:-1\" \/>\n<link rel=\"canonical\" href=\"https:\/\/enjust.net\/ressourcen\/teaching-resources\/\" \/>\n<meta property=\"og:locale\" content=\"de_DE\" \/>\n<meta property=\"og:type\" content=\"article\" \/>\n<meta property=\"og:title\" content=\"Lernmaterialien -\" \/>\n<meta property=\"og:url\" content=\"https:\/\/enjust.net\/ressourcen\/teaching-resources\/\" \/>\n<meta property=\"article:modified_time\" content=\"2025-12-17T15:00:36+00:00\" \/>\n<meta name=\"twitter:card\" content=\"summary_large_image\" \/>\n<meta name=\"twitter:label1\" content=\"Gesch\u00e4tzte Lesezeit\" \/>\n\t<meta name=\"twitter:data1\" content=\"2\u00a0Minuten\" \/>\n<script type=\"application\/ld+json\" class=\"yoast-schema-graph\">{\"@context\":\"https:\\\/\\\/schema.org\",\"@graph\":[{\"@type\":\"WebPage\",\"@id\":\"https:\\\/\\\/enjust.net\\\/ressourcen\\\/teaching-resources\\\/\",\"url\":\"https:\\\/\\\/enjust.net\\\/ressourcen\\\/teaching-resources\\\/\",\"name\":\"Lernmaterialien -\",\"isPartOf\":{\"@id\":\"https:\\\/\\\/enjust.net\\\/de\\\/#website\"},\"datePublished\":\"2021-09-29T14:37:56+00:00\",\"dateModified\":\"2025-12-17T15:00:36+00:00\",\"breadcrumb\":{\"@id\":\"https:\\\/\\\/enjust.net\\\/ressourcen\\\/teaching-resources\\\/#breadcrumb\"},\"inLanguage\":\"de\",\"potentialAction\":[{\"@type\":\"ReadAction\",\"target\":[\"https:\\\/\\\/enjust.net\\\/ressourcen\\\/teaching-resources\\\/\"]}]},{\"@type\":\"BreadcrumbList\",\"@id\":\"https:\\\/\\\/enjust.net\\\/ressourcen\\\/teaching-resources\\\/#breadcrumb\",\"itemListElement\":[{\"@type\":\"ListItem\",\"position\":1,\"name\":\"Startseite\",\"item\":\"https:\\\/\\\/enjust.net\\\/\"},{\"@type\":\"ListItem\",\"position\":2,\"name\":\"Resources\",\"item\":\"https:\\\/\\\/enjust.net\\\/ressourcen\\\/\"},{\"@type\":\"ListItem\",\"position\":3,\"name\":\"Learning Resources\"}]},{\"@type\":\"WebSite\",\"@id\":\"https:\\\/\\\/enjust.net\\\/de\\\/#website\",\"url\":\"https:\\\/\\\/enjust.net\\\/de\\\/\",\"name\":\"\",\"description\":\"         \",\"potentialAction\":[{\"@type\":\"SearchAction\",\"target\":{\"@type\":\"EntryPoint\",\"urlTemplate\":\"https:\\\/\\\/enjust.net\\\/de\\\/?s={search_term_string}\"},\"query-input\":{\"@type\":\"PropertyValueSpecification\",\"valueRequired\":true,\"valueName\":\"search_term_string\"}}],\"inLanguage\":\"de\"}]}<\/script>\n<!-- \/ Yoast SEO plugin. -->","yoast_head_json":{"title":"Lernmaterialien -","robots":{"index":"index","follow":"follow","max-snippet":"max-snippet:-1","max-image-preview":"max-image-preview:large","max-video-preview":"max-video-preview:-1"},"canonical":"https:\/\/enjust.net\/ressourcen\/teaching-resources\/","og_locale":"de_DE","og_type":"article","og_title":"Lernmaterialien -","og_url":"https:\/\/enjust.net\/ressourcen\/teaching-resources\/","article_modified_time":"2025-12-17T15:00:36+00:00","twitter_card":"summary_large_image","twitter_misc":{"Gesch\u00e4tzte Lesezeit":"2\u00a0Minuten"},"schema":{"@context":"https:\/\/schema.org","@graph":[{"@type":"WebPage","@id":"https:\/\/enjust.net\/ressourcen\/teaching-resources\/","url":"https:\/\/enjust.net\/ressourcen\/teaching-resources\/","name":"Lernmaterialien -","isPartOf":{"@id":"https:\/\/enjust.net\/de\/#website"},"datePublished":"2021-09-29T14:37:56+00:00","dateModified":"2025-12-17T15:00:36+00:00","breadcrumb":{"@id":"https:\/\/enjust.net\/ressourcen\/teaching-resources\/#breadcrumb"},"inLanguage":"de","potentialAction":[{"@type":"ReadAction","target":["https:\/\/enjust.net\/ressourcen\/teaching-resources\/"]}]},{"@type":"BreadcrumbList","@id":"https:\/\/enjust.net\/ressourcen\/teaching-resources\/#breadcrumb","itemListElement":[{"@type":"ListItem","position":1,"name":"Startseite","item":"https:\/\/enjust.net\/"},{"@type":"ListItem","position":2,"name":"Resources","item":"https:\/\/enjust.net\/ressourcen\/"},{"@type":"ListItem","position":3,"name":"Learning Resources"}]},{"@type":"WebSite","@id":"https:\/\/enjust.net\/de\/#website","url":"https:\/\/enjust.net\/de\/","name":"","description":"         ","potentialAction":[{"@type":"SearchAction","target":{"@type":"EntryPoint","urlTemplate":"https:\/\/enjust.net\/de\/?s={search_term_string}"},"query-input":{"@type":"PropertyValueSpecification","valueRequired":true,"valueName":"search_term_string"}}],"inLanguage":"de"}]}},"_links":{"self":[{"href":"https:\/\/enjust.net\/de\/wp-json\/wp\/v2\/pages\/1125","targetHints":{"allow":["GET"]}}],"collection":[{"href":"https:\/\/enjust.net\/de\/wp-json\/wp\/v2\/pages"}],"about":[{"href":"https:\/\/enjust.net\/de\/wp-json\/wp\/v2\/types\/page"}],"author":[{"embeddable":true,"href":"https:\/\/enjust.net\/de\/wp-json\/wp\/v2\/users\/5"}],"replies":[{"embeddable":true,"href":"https:\/\/enjust.net\/de\/wp-json\/wp\/v2\/comments?post=1125"}],"version-history":[{"count":28,"href":"https:\/\/enjust.net\/de\/wp-json\/wp\/v2\/pages\/1125\/revisions"}],"predecessor-version":[{"id":3513,"href":"https:\/\/enjust.net\/de\/wp-json\/wp\/v2\/pages\/1125\/revisions\/3513"}],"up":[{"embeddable":true,"href":"https:\/\/enjust.net\/de\/wp-json\/wp\/v2\/pages\/226"}],"wp:attachment":[{"href":"https:\/\/enjust.net\/de\/wp-json\/wp\/v2\/media?parent=1125"}],"curies":[{"name":"wp","href":"https:\/\/api.w.org\/{rel}","templated":true}]}}