{"id":1621,"date":"2023-04-18T09:10:49","date_gmt":"2023-04-18T09:10:49","guid":{"rendered":"https:\/\/enjust.net\/?page_id=1621"},"modified":"2025-12-17T14:33:04","modified_gmt":"2025-12-17T14:33:04","slug":"environmental-justice-in-transdisciplinary-contexts","status":"publish","type":"page","link":"https:\/\/enjust.net\/de\/environmental-justice-in-transdisciplinary-contexts\/","title":{"rendered":"Umweltgerechtigkeit in transdisziplin\u00e4ren Kontexten"},"content":{"rendered":"\n<p>Es wird viel \u00fcber transdisziplin\u00e4re Arbeit gesprochen. Insbesondere wenn es um Umweltgifte und -gefahren geht, die typischerweise Gruppen betreffen, die bereits als gef\u00e4hrdet gelten, sind transdisziplin\u00e4re Ans\u00e4tze bei der Verfolgung von Umweltgerechtigkeit n\u00fctzlich. Durch kollaborative und gemeinsame Anstrengungen k\u00f6nnen Umweltprobleme auf lokaler, regionaler und \u00fcberregionaler Ebene angegangen werden, indem verschiedene Interessengruppen in die Forschung und L\u00f6sungsfindung einbezogen werden.<\/p>\n\n\n\n<p>Aber was bedeutet dieser klangvolle Begriff \u201eTransdisziplinarit\u00e4t\u201c in der Praxis? Wo sollten wir anfangen zu forschen, und wo k\u00f6nnen wir von den Erfolgen oder Fehlern anderer lernen? Wir sehen in transdisziplin\u00e4ren Ans\u00e4tzen einen besonders wertvollen Weg, um auf Umweltgerechtigkeit hinzuarbeiten, sind aber der Meinung, dass die Idee und die Methoden einer sorgf\u00e4ltigen und kritischen Auseinandersetzung bed\u00fcrfen. Wir glauben auch, dass Transdisziplinarit\u00e4t nicht der einzige m\u00f6gliche Weg ist, um eine lebenswerte Zukunft anzustreben. Diese Form der Zusammenarbeit passt vielleicht nicht immer in Ihren Kontext oder birgt zu viele politische Risiken.<\/p>\n\n\n\n<p>Die folgenden Ressourcen wurden von der Enjust-Arbeitsgruppe f\u00fcr Transdisziplinarit\u00e4t erstellt und sollen Sie bei dieser Untersuchung unterst\u00fctzen. Mitglieder der Gruppe sind: Judith Bopp, Jeanne F\u00e9aux de la Croix, Kathrin Eitel, Mennatullah Hendawy, Yvonne Kunz, Julia Rawlins und Juliane Schumacher. Es gibt verschiedene M\u00f6glichkeiten, transdisziplin\u00e4re Praxis zu definieren. Wir verstehen sie hier als:<\/p>\n\n\n\n<p>\u201e<em>\u2026ein reflexiver Forschungsansatz, der gesellschaftliche Probleme durch interdisziplin\u00e4re Zusammenarbeit sowie die Kooperation zwischen Forschern und au\u00dferwissenschaftlichen Akteuren angeht; er zielt darauf ab, wechselseitige Lernprozesse zwischen Wissenschaft und Gesellschaft zu erm\u00f6glichen; Integration ist die wichtigste kognitive Herausforderung des Forschungsprozesses.<\/em>\u201c (Quelle: Jahn, T., Bergmann, M. &amp; Keil, F. (2012). Transdisziplinarit\u00e4t: Zwischen Mainstreaming und Marginalisierung. Ecological Economics, 79, 1-10.)<\/p>\n\n\n\n<p><a href=\"https:\/\/enjust.net\/transdisciplinary-resources\/\">Hier klicken, um zu den transdisziplin\u00e4ren Ressourcen zu gelangen<\/a><\/p>\n\n\n\n<p class=\"has-large-font-size\"><strong>TD Peer-Coaching Serie<\/strong><\/p>\n\n\n\n<p>Liebe Kolleginnen und Kollegen,<\/p>\n\n\n\n<p>als Enjust-Arbeitsgruppe f\u00fcr Umweltgerechtigkeit in transdisziplin\u00e4ren Kontexten laden wir Sie herzlich ein zu unserer<\/p>\n\n\n\n<p><strong>Peer-Coaching-Reihe <\/strong>zu den &#8218;<strong>sticky-bits&#8216; <\/strong>(d.h. schwierigen Momenten) <strong>in transdisziplin\u00e4ren Forschungskooperationen <\/strong>ein.<\/p>\n\n\n\n<p>Unsere &#8222;sticky-bits&#8220;-Auftaktveranstaltung auf der Enjust-Konferenz 2024 in Hamburg best\u00e4tigte das gro\u00dfe Interesse der Kollegen an einem sicheren Austausch- und Lernformat zur transdisziplin\u00e4ren Praxis.<\/p>\n\n\n\n<p>Als Folgema\u00dfnahme bieten wir nun <strong>Online-Sitzungen <\/strong>auf Zoom an. Unsere erste Online-Sitzung fand im Mai statt. Zwei weitere Sitzungen sollen noch in diesem Jahr folgen: am <strong>Dienstag, 9.September<\/strong>, und <strong>am Donnerstag, 6. November<\/strong>.<\/p>\n\n\n\n<p><em>Unser Konzept:<\/em><\/p>\n\n\n\n<p>Im Sinne einer transdisziplin\u00e4ren Ethik glauben wir, dass jeder seine Erfahrungen und \u00dcberlegungen einbringen kann. Die Sitzung richtet sich daher an akademische und nicht akademische Teilnehmer, die ihre Probleme mit einer bestimmten Zusammenarbeit vorstellen oder dazu beitragen m\u00f6chten, schwierige Situationen, Konflikte, Momente des Zweifels usw. in transdisziplin\u00e4ren Projekten mit anderen Teilnehmern zu diskutieren. Die Gruppe wird aktives Zuh\u00f6ren und Peer-Coaching in einem vertraulichen Rahmen praktizieren.<\/p>\n\n\n\n<p><em>Der Ablauf der 2-st\u00fcndigen Sitzungen sieht in etwa wie folgt aus:<\/em><\/p>\n\n\n\n<ul class=\"wp-block-list\">\n<li>Gegenseitiges Kennenlernen, Konzept der Ethik des sicheren Raums + Definitionen der transdisziplin\u00e4ren Arbeit<\/li>\n<\/ul>\n\n\n\n<ul class=\"wp-block-list\">\n<li>45-60 Minuten f\u00fcr die Entwicklung und das Peer-Coaching der Fallstudie (Break-out- Sitzungen m\u00f6glich)<\/li>\n<\/ul>\n\n\n\n<ul class=\"wp-block-list\">\n<li>Eine allgemeine Diskussion am Ende f\u00fcr Take-aways und Ausblick.<\/li>\n<\/ul>\n\n\n\n<p><em>Zur Teilnahme:<\/em><\/p>\n\n\n\n<p>Die Sitzung ist auf 20 Teilnehmer begrenzt. Um besser planen zu k\u00f6nnen, lassen Sie uns bitte per E-Mail wissen, ob Sie teilnehmen m\u00f6chten. Bitte teilen Sie uns auch mit, ob Sie Ihren eigenen Fall vorstellen und von der Gruppe diskutieren lassen m\u00f6chten (optional!).<\/p>\n\n\n\n<p>Wenn Sie an den Peer-Coaching-Sitzungen interessiert sind, aber an den vorgeschlagenen Terminen nicht teilnehmen k\u00f6nnen, k\u00f6nnen Sie mit dieser kurzen <a href=\"https:\/\/forms.gle\/ES4mg28VfWhjHawC9\">Umfrage<\/a> Ihr allgemeines Interesse bekunden. Sie wird uns helfen, Verf\u00fcgbarkeiten und Bed\u00fcrfnisse innerhalb der Gruppe zu erkennen, F\u00e4lle mit wiederkehrenden Themen vorzubereiten, Ihre Zeitzonen f\u00fcr die Koordinierung der Sitzungen zu bestimmen und festzustellen, ob Sie eine aktive Rolle \u00fcbernehmen m\u00f6chten, z. B. Coaching oder Pr\u00e4sentation eines Falles. Die \u00dcbernahme einer aktiven Rolle ist optional &#8211; es besteht keine Verpflichtung zum Coaching oder zum Erhalt von Feedback zu Ihrem Fall.<\/p>\n\n\n\n<p>Wir hoffen, Sie bald zu h\u00f6ren und zu sehen! Vielen Dank, dass Sie uns helfen, diese Einladung \u00fcber Ihre Netzwerke zu verbreiten.<\/p>\n\n\n\n<p>Mit freundlichen Gr\u00fc\u00dfen,<\/p>\n\n\n\n<p>Judith Bopp (<a href=\"mailto:judith.bopp@lmu.de\">judith.bopp@lmu.de<\/a>)<\/p>\n\n\n\n<p>Jeanne F\u00e9aux de la Croix (<a href=\"mailto:jeanne.feauxdelacroix@unibe.ch\">jeanne.feauxdelacroix@unibe.ch<\/a>)<\/p>\n\n\n\n<p>Juneseo Hwang (<a href=\"mailto:juneseo.hwang@uni-hamburg.de\">juneseo.hwang@uni-hamburg.de<\/a>)<\/p>\n\n\n\n<p>Juliane Schumacher (<a href=\"mailto:j.schumacher@jpberlin.de\">j.schumacher@jpberlin.de<\/a>)<\/p>\n","protected":false},"excerpt":{"rendered":"<p>Es wird viel \u00fcber transdisziplin\u00e4re Arbeit gesprochen. Insbesondere wenn es um Umweltgifte und -gefahren geht, die typischerweise Gruppen betreffen, die bereits als gef\u00e4hrdet gelten, sind transdisziplin\u00e4re Ans\u00e4tze bei der Verfolgung von Umweltgerechtigkeit n\u00fctzlich. Durch kollaborative und gemeinsame Anstrengungen k\u00f6nnen Umweltprobleme auf lokaler, regionaler und \u00fcberregionaler Ebene angegangen werden, indem verschiedene Interessengruppen in die Forschung und L\u00f6sungsfindung einbezogen werden. Aber was bedeutet dieser klangvolle Begriff \u201eTransdisziplinarit\u00e4t\u201c in der Praxis? Wo sollten wir anfangen zu forschen, und wo k\u00f6nnen wir von den Erfolgen oder Fehlern anderer lernen? Wir sehen in transdisziplin\u00e4ren Ans\u00e4tzen einen besonders wertvollen Weg, um auf Umweltgerechtigkeit hinzuarbeiten, sind aber&#8230; <\/p>\n","protected":false},"author":7,"featured_media":0,"parent":0,"menu_order":0,"comment_status":"closed","ping_status":"closed","template":"","meta":{"footnotes":""},"class_list":["post-1621","page","type-page","status-publish","hentry"],"translation":{"provider":"WPGlobus","version":"3.0.2","language":"de","enabled_languages":["en","de","es"],"languages":{"en":{"title":true,"content":true,"excerpt":false},"de":{"title":true,"content":true,"excerpt":false},"es":{"title":true,"content":true,"excerpt":false}}},"yoast_head":"<!-- This site is optimized with the Yoast SEO plugin v27.3 - https:\/\/yoast.com\/product\/yoast-seo-wordpress\/ -->\n<title>Umweltgerechtigkeit in transdisziplin\u00e4ren Kontexten -<\/title>\n<meta name=\"robots\" content=\"index, follow, max-snippet:-1, max-image-preview:large, max-video-preview:-1\" \/>\n<link rel=\"canonical\" href=\"https:\/\/enjust.net\/environmental-justice-in-transdisciplinary-contexts\/\" \/>\n<meta property=\"og:locale\" content=\"de_DE\" \/>\n<meta property=\"og:type\" content=\"article\" \/>\n<meta property=\"og:title\" content=\"Umweltgerechtigkeit in transdisziplin\u00e4ren Kontexten -\" \/>\n<meta property=\"og:url\" content=\"https:\/\/enjust.net\/environmental-justice-in-transdisciplinary-contexts\/\" \/>\n<meta property=\"article:modified_time\" content=\"2025-12-17T14:33:04+00:00\" \/>\n<meta name=\"twitter:card\" content=\"summary_large_image\" \/>\n<meta name=\"twitter:label1\" content=\"Gesch\u00e4tzte Lesezeit\" \/>\n\t<meta name=\"twitter:data1\" content=\"3\u00a0Minuten\" \/>\n<script type=\"application\/ld+json\" class=\"yoast-schema-graph\">{\"@context\":\"https:\\\/\\\/schema.org\",\"@graph\":[{\"@type\":\"WebPage\",\"@id\":\"https:\\\/\\\/enjust.net\\\/environmental-justice-in-transdisciplinary-contexts\\\/\",\"url\":\"https:\\\/\\\/enjust.net\\\/environmental-justice-in-transdisciplinary-contexts\\\/\",\"name\":\"Umweltgerechtigkeit in transdisziplin\u00e4ren Kontexten -\",\"isPartOf\":{\"@id\":\"https:\\\/\\\/enjust.net\\\/de\\\/#website\"},\"datePublished\":\"2023-04-18T09:10:49+00:00\",\"dateModified\":\"2025-12-17T14:33:04+00:00\",\"breadcrumb\":{\"@id\":\"https:\\\/\\\/enjust.net\\\/environmental-justice-in-transdisciplinary-contexts\\\/#breadcrumb\"},\"inLanguage\":\"de\",\"potentialAction\":[{\"@type\":\"ReadAction\",\"target\":[\"https:\\\/\\\/enjust.net\\\/environmental-justice-in-transdisciplinary-contexts\\\/\"]}]},{\"@type\":\"BreadcrumbList\",\"@id\":\"https:\\\/\\\/enjust.net\\\/environmental-justice-in-transdisciplinary-contexts\\\/#breadcrumb\",\"itemListElement\":[{\"@type\":\"ListItem\",\"position\":1,\"name\":\"Startseite\",\"item\":\"https:\\\/\\\/enjust.net\\\/\"},{\"@type\":\"ListItem\",\"position\":2,\"name\":\"Environmental Justice in transdisciplinary contexts\"}]},{\"@type\":\"WebSite\",\"@id\":\"https:\\\/\\\/enjust.net\\\/de\\\/#website\",\"url\":\"https:\\\/\\\/enjust.net\\\/de\\\/\",\"name\":\"\",\"description\":\"         \",\"potentialAction\":[{\"@type\":\"SearchAction\",\"target\":{\"@type\":\"EntryPoint\",\"urlTemplate\":\"https:\\\/\\\/enjust.net\\\/de\\\/?s={search_term_string}\"},\"query-input\":{\"@type\":\"PropertyValueSpecification\",\"valueRequired\":true,\"valueName\":\"search_term_string\"}}],\"inLanguage\":\"de\"}]}<\/script>\n<!-- \/ Yoast SEO plugin. -->","yoast_head_json":{"title":"Umweltgerechtigkeit in transdisziplin\u00e4ren Kontexten -","robots":{"index":"index","follow":"follow","max-snippet":"max-snippet:-1","max-image-preview":"max-image-preview:large","max-video-preview":"max-video-preview:-1"},"canonical":"https:\/\/enjust.net\/environmental-justice-in-transdisciplinary-contexts\/","og_locale":"de_DE","og_type":"article","og_title":"Umweltgerechtigkeit in transdisziplin\u00e4ren Kontexten -","og_url":"https:\/\/enjust.net\/environmental-justice-in-transdisciplinary-contexts\/","article_modified_time":"2025-12-17T14:33:04+00:00","twitter_card":"summary_large_image","twitter_misc":{"Gesch\u00e4tzte Lesezeit":"3\u00a0Minuten"},"schema":{"@context":"https:\/\/schema.org","@graph":[{"@type":"WebPage","@id":"https:\/\/enjust.net\/environmental-justice-in-transdisciplinary-contexts\/","url":"https:\/\/enjust.net\/environmental-justice-in-transdisciplinary-contexts\/","name":"Umweltgerechtigkeit in transdisziplin\u00e4ren Kontexten -","isPartOf":{"@id":"https:\/\/enjust.net\/de\/#website"},"datePublished":"2023-04-18T09:10:49+00:00","dateModified":"2025-12-17T14:33:04+00:00","breadcrumb":{"@id":"https:\/\/enjust.net\/environmental-justice-in-transdisciplinary-contexts\/#breadcrumb"},"inLanguage":"de","potentialAction":[{"@type":"ReadAction","target":["https:\/\/enjust.net\/environmental-justice-in-transdisciplinary-contexts\/"]}]},{"@type":"BreadcrumbList","@id":"https:\/\/enjust.net\/environmental-justice-in-transdisciplinary-contexts\/#breadcrumb","itemListElement":[{"@type":"ListItem","position":1,"name":"Startseite","item":"https:\/\/enjust.net\/"},{"@type":"ListItem","position":2,"name":"Environmental Justice in transdisciplinary contexts"}]},{"@type":"WebSite","@id":"https:\/\/enjust.net\/de\/#website","url":"https:\/\/enjust.net\/de\/","name":"","description":"         ","potentialAction":[{"@type":"SearchAction","target":{"@type":"EntryPoint","urlTemplate":"https:\/\/enjust.net\/de\/?s={search_term_string}"},"query-input":{"@type":"PropertyValueSpecification","valueRequired":true,"valueName":"search_term_string"}}],"inLanguage":"de"}]}},"_links":{"self":[{"href":"https:\/\/enjust.net\/de\/wp-json\/wp\/v2\/pages\/1621","targetHints":{"allow":["GET"]}}],"collection":[{"href":"https:\/\/enjust.net\/de\/wp-json\/wp\/v2\/pages"}],"about":[{"href":"https:\/\/enjust.net\/de\/wp-json\/wp\/v2\/types\/page"}],"author":[{"embeddable":true,"href":"https:\/\/enjust.net\/de\/wp-json\/wp\/v2\/users\/7"}],"replies":[{"embeddable":true,"href":"https:\/\/enjust.net\/de\/wp-json\/wp\/v2\/comments?post=1621"}],"version-history":[{"count":20,"href":"https:\/\/enjust.net\/de\/wp-json\/wp\/v2\/pages\/1621\/revisions"}],"predecessor-version":[{"id":3507,"href":"https:\/\/enjust.net\/de\/wp-json\/wp\/v2\/pages\/1621\/revisions\/3507"}],"wp:attachment":[{"href":"https:\/\/enjust.net\/de\/wp-json\/wp\/v2\/media?parent=1621"}],"curies":[{"name":"wp","href":"https:\/\/api.w.org\/{rel}","templated":true}]}}