{"id":164,"date":"2020-06-05T11:31:26","date_gmt":"2020-06-05T11:31:26","guid":{"rendered":"http:\/\/enjust.net\/?page_id=164"},"modified":"2026-03-18T20:34:37","modified_gmt":"2026-03-18T20:34:37","slug":"become-a-member","status":"publish","type":"page","link":"https:\/\/enjust.net\/de\/become-a-member\/","title":{"rendered":"Mitglied werden"},"content":{"rendered":"\n<p>Grunds\u00e4tzlich kann jede*r Mitglied im EnJust-Netzwerk werden. Dazu senden Sie bitte eine Nachricht mit Namen und kurzer Interessensbekundung per Mail an:<\/p>\n\n\n\n<p><a href=\"mailto:enjust@geographie.uni-kiel.de\">enjust@geographie.uni-kiel.de<\/a><\/p>\n\n\n\n<p>Die Person wird damit automatisch Mitglied und auf die Mailingliste des Netzwerkes eingetragen. Jedes Mitglied kann eigene Beitr\u00e4ge zum Thema Umweltgerechtigkeit im Netzwerk teilen und auf der Website Inhalte\/Themen\/Material zur Verf\u00fcgung stellen.<\/p>\n\n\n\n<p>Falls Sie auf unser Website unter der Rubrik <a href=\"https:\/\/enjust.net\/register-of-experts\/\" target=\"_blank\" aria-label=\"undefined (opens in a new tab)\" rel=\"noreferrer noopener\">Mitglieder<\/a> ver\u00f6ffentlicht werden m\u00f6chten, f\u00fcllen Sie bitte die folgende Vorlage aus und senden sie ebenfalls an <a href=\"mailto:enjust@geographie.uni-kiel.de\">enjust@geographie.uni-kiel.de<\/a><\/p>\n\n\n\n<div class=\"wp-block-file\"><a id=\"wp-block-file--media-6530198a-1ba4-455a-9881-d01a71c20662\" href=\"https:\/\/enjust.net\/wp-content\/uploads\/2026\/03\/Template_Enjust_Members-3.docx\">Template_Enjust_Members<\/a><a href=\"https:\/\/enjust.net\/wp-content\/uploads\/2026\/03\/Template_Enjust_Members-3.docx\" class=\"wp-block-file__button wp-element-button\" download aria-describedby=\"wp-block-file--media-6530198a-1ba4-455a-9881-d01a71c20662\">Herunterladen<\/a><\/div>\n\n\n\n<p><\/p>\n","protected":false},"excerpt":{"rendered":"<p>Grunds\u00e4tzlich kann jede*r Mitglied im EnJust-Netzwerk werden. Dazu senden Sie bitte eine Nachricht mit Namen und kurzer Interessensbekundung per Mail an: enjust@geographie.uni-kiel.de Die Person wird damit automatisch Mitglied und auf die Mailingliste des Netzwerkes eingetragen. Jedes Mitglied kann eigene Beitr\u00e4ge zum Thema Umweltgerechtigkeit im Netzwerk teilen und auf der Website Inhalte\/Themen\/Material zur Verf\u00fcgung stellen. Falls Sie auf unser Website unter der Rubrik Mitglieder ver\u00f6ffentlicht werden m\u00f6chten, f\u00fcllen Sie bitte die folgende Vorlage aus und senden sie ebenfalls an enjust@geographie.uni-kiel.de<\/p>\n","protected":false},"author":1,"featured_media":104,"parent":0,"menu_order":0,"comment_status":"closed","ping_status":"closed","template":"","meta":{"footnotes":""},"class_list":["post-164","page","type-page","status-publish","has-post-thumbnail","hentry"],"translation":{"provider":"WPGlobus","version":"3.0.2","language":"de","enabled_languages":["en","de","es"],"languages":{"en":{"title":true,"content":true,"excerpt":false},"de":{"title":true,"content":true,"excerpt":false},"es":{"title":true,"content":true,"excerpt":false}}},"yoast_head":"<!-- This site is optimized with the Yoast SEO plugin v27.3 - https:\/\/yoast.com\/product\/yoast-seo-wordpress\/ -->\n<title>Mitglied werden -<\/title>\n<meta name=\"robots\" content=\"index, follow, max-snippet:-1, max-image-preview:large, max-video-preview:-1\" \/>\n<link rel=\"canonical\" href=\"https:\/\/enjust.net\/become-a-member\/\" \/>\n<meta property=\"og:locale\" content=\"de_DE\" \/>\n<meta property=\"og:type\" content=\"article\" \/>\n<meta property=\"og:title\" content=\"Mitglied werden -\" \/>\n<meta property=\"og:url\" content=\"https:\/\/enjust.net\/become-a-member\/\" \/>\n<meta property=\"article:modified_time\" content=\"2026-03-18T20:34:37+00:00\" \/>\n<meta property=\"og:image\" content=\"https:\/\/enjust.net\/wp-content\/uploads\/2020\/06\/index-1.jpg\" \/>\n\t<meta property=\"og:image:width\" content=\"1024\" \/>\n\t<meta property=\"og:image:height\" content=\"317\" \/>\n\t<meta property=\"og:image:type\" content=\"image\/jpeg\" \/>\n<meta name=\"twitter:card\" content=\"summary_large_image\" \/>\n<meta name=\"twitter:label1\" content=\"Gesch\u00e4tzte Lesezeit\" \/>\n\t<meta name=\"twitter:data1\" content=\"1\u00a0Minute\" \/>\n<script type=\"application\/ld+json\" class=\"yoast-schema-graph\">{\"@context\":\"https:\\\/\\\/schema.org\",\"@graph\":[{\"@type\":\"WebPage\",\"@id\":\"https:\\\/\\\/enjust.net\\\/become-a-member\\\/\",\"url\":\"https:\\\/\\\/enjust.net\\\/become-a-member\\\/\",\"name\":\"Mitglied werden -\",\"isPartOf\":{\"@id\":\"https:\\\/\\\/enjust.net\\\/de\\\/#website\"},\"primaryImageOfPage\":{\"@id\":\"https:\\\/\\\/enjust.net\\\/become-a-member\\\/#primaryimage\"},\"image\":{\"@id\":\"https:\\\/\\\/enjust.net\\\/become-a-member\\\/#primaryimage\"},\"thumbnailUrl\":\"https:\\\/\\\/enjust.net\\\/wp-content\\\/uploads\\\/2020\\\/06\\\/index-1.jpg\",\"datePublished\":\"2020-06-05T11:31:26+00:00\",\"dateModified\":\"2026-03-18T20:34:37+00:00\",\"breadcrumb\":{\"@id\":\"https:\\\/\\\/enjust.net\\\/become-a-member\\\/#breadcrumb\"},\"inLanguage\":\"de\",\"potentialAction\":[{\"@type\":\"ReadAction\",\"target\":[\"https:\\\/\\\/enjust.net\\\/become-a-member\\\/\"]}]},{\"@type\":\"ImageObject\",\"inLanguage\":\"de\",\"@id\":\"https:\\\/\\\/enjust.net\\\/become-a-member\\\/#primaryimage\",\"url\":\"https:\\\/\\\/enjust.net\\\/wp-content\\\/uploads\\\/2020\\\/06\\\/index-1.jpg\",\"contentUrl\":\"https:\\\/\\\/enjust.net\\\/wp-content\\\/uploads\\\/2020\\\/06\\\/index-1.jpg\",\"width\":1024,\"height\":317},{\"@type\":\"BreadcrumbList\",\"@id\":\"https:\\\/\\\/enjust.net\\\/become-a-member\\\/#breadcrumb\",\"itemListElement\":[{\"@type\":\"ListItem\",\"position\":1,\"name\":\"Startseite\",\"item\":\"https:\\\/\\\/enjust.net\\\/\"},{\"@type\":\"ListItem\",\"position\":2,\"name\":\"Become a member\"}]},{\"@type\":\"WebSite\",\"@id\":\"https:\\\/\\\/enjust.net\\\/de\\\/#website\",\"url\":\"https:\\\/\\\/enjust.net\\\/de\\\/\",\"name\":\"\",\"description\":\"         \",\"potentialAction\":[{\"@type\":\"SearchAction\",\"target\":{\"@type\":\"EntryPoint\",\"urlTemplate\":\"https:\\\/\\\/enjust.net\\\/de\\\/?s={search_term_string}\"},\"query-input\":{\"@type\":\"PropertyValueSpecification\",\"valueRequired\":true,\"valueName\":\"search_term_string\"}}],\"inLanguage\":\"de\"}]}<\/script>\n<!-- \/ Yoast SEO plugin. -->","yoast_head_json":{"title":"Mitglied werden -","robots":{"index":"index","follow":"follow","max-snippet":"max-snippet:-1","max-image-preview":"max-image-preview:large","max-video-preview":"max-video-preview:-1"},"canonical":"https:\/\/enjust.net\/become-a-member\/","og_locale":"de_DE","og_type":"article","og_title":"Mitglied werden -","og_url":"https:\/\/enjust.net\/become-a-member\/","article_modified_time":"2026-03-18T20:34:37+00:00","og_image":[{"width":1024,"height":317,"url":"https:\/\/enjust.net\/wp-content\/uploads\/2020\/06\/index-1.jpg","type":"image\/jpeg"}],"twitter_card":"summary_large_image","twitter_misc":{"Gesch\u00e4tzte Lesezeit":"1\u00a0Minute"},"schema":{"@context":"https:\/\/schema.org","@graph":[{"@type":"WebPage","@id":"https:\/\/enjust.net\/become-a-member\/","url":"https:\/\/enjust.net\/become-a-member\/","name":"Mitglied werden -","isPartOf":{"@id":"https:\/\/enjust.net\/de\/#website"},"primaryImageOfPage":{"@id":"https:\/\/enjust.net\/become-a-member\/#primaryimage"},"image":{"@id":"https:\/\/enjust.net\/become-a-member\/#primaryimage"},"thumbnailUrl":"https:\/\/enjust.net\/wp-content\/uploads\/2020\/06\/index-1.jpg","datePublished":"2020-06-05T11:31:26+00:00","dateModified":"2026-03-18T20:34:37+00:00","breadcrumb":{"@id":"https:\/\/enjust.net\/become-a-member\/#breadcrumb"},"inLanguage":"de","potentialAction":[{"@type":"ReadAction","target":["https:\/\/enjust.net\/become-a-member\/"]}]},{"@type":"ImageObject","inLanguage":"de","@id":"https:\/\/enjust.net\/become-a-member\/#primaryimage","url":"https:\/\/enjust.net\/wp-content\/uploads\/2020\/06\/index-1.jpg","contentUrl":"https:\/\/enjust.net\/wp-content\/uploads\/2020\/06\/index-1.jpg","width":1024,"height":317},{"@type":"BreadcrumbList","@id":"https:\/\/enjust.net\/become-a-member\/#breadcrumb","itemListElement":[{"@type":"ListItem","position":1,"name":"Startseite","item":"https:\/\/enjust.net\/"},{"@type":"ListItem","position":2,"name":"Become a member"}]},{"@type":"WebSite","@id":"https:\/\/enjust.net\/de\/#website","url":"https:\/\/enjust.net\/de\/","name":"","description":"         ","potentialAction":[{"@type":"SearchAction","target":{"@type":"EntryPoint","urlTemplate":"https:\/\/enjust.net\/de\/?s={search_term_string}"},"query-input":{"@type":"PropertyValueSpecification","valueRequired":true,"valueName":"search_term_string"}}],"inLanguage":"de"}]}},"_links":{"self":[{"href":"https:\/\/enjust.net\/de\/wp-json\/wp\/v2\/pages\/164","targetHints":{"allow":["GET"]}}],"collection":[{"href":"https:\/\/enjust.net\/de\/wp-json\/wp\/v2\/pages"}],"about":[{"href":"https:\/\/enjust.net\/de\/wp-json\/wp\/v2\/types\/page"}],"author":[{"embeddable":true,"href":"https:\/\/enjust.net\/de\/wp-json\/wp\/v2\/users\/1"}],"replies":[{"embeddable":true,"href":"https:\/\/enjust.net\/de\/wp-json\/wp\/v2\/comments?post=164"}],"version-history":[{"count":22,"href":"https:\/\/enjust.net\/de\/wp-json\/wp\/v2\/pages\/164\/revisions"}],"predecessor-version":[{"id":3736,"href":"https:\/\/enjust.net\/de\/wp-json\/wp\/v2\/pages\/164\/revisions\/3736"}],"wp:featuredmedia":[{"embeddable":true,"href":"https:\/\/enjust.net\/de\/wp-json\/wp\/v2\/media\/104"}],"wp:attachment":[{"href":"https:\/\/enjust.net\/de\/wp-json\/wp\/v2\/media?parent=164"}],"curies":[{"name":"wp","href":"https:\/\/api.w.org\/{rel}","templated":true}]}}