{"id":1667,"date":"2023-05-16T12:05:33","date_gmt":"2023-05-16T12:05:33","guid":{"rendered":"https:\/\/enjust.net\/?page_id=1667"},"modified":"2025-03-18T13:26:23","modified_gmt":"2025-03-18T13:26:23","slug":"regulars-table","status":"publish","type":"page","link":"https:\/\/enjust.net\/de\/regulars-table\/","title":{"rendered":"Stammtisch"},"content":{"rendered":"\n<p>Der Stammtisch soll ein Ort des informellen Austauschs zwischen den Mitgliedern unserer EnJust-Community sein. Jeder ist herzlich eingeladen, vorbeizukommen und sich mit anderen EnJusties zu unterhalten, Themen zu diskutieren und Kontakte zu kn\u00fcpfen. Wenn Sie ein Thema haben, das Sie mit anderen teilen und diskutieren m\u00f6chten, k\u00f6nnen Sie es gerne mitbringen. Es gibt keine feste Tagesordnung oder einen festen Zeitplan.<\/p>\n\n\n\n<p>Der Stammtisch findet viertelj\u00e4hrlich statt. Die Termine werden \u00fcber die EnJust-Mailingliste bekannt gegeben.<\/p>\n","protected":false},"excerpt":{"rendered":"<p>Der Stammtisch soll ein Ort des informellen Austauschs zwischen den Mitgliedern unserer EnJust-Community sein. Jeder ist herzlich eingeladen, vorbeizukommen und sich mit anderen EnJusties zu unterhalten, Themen zu diskutieren und Kontakte zu kn\u00fcpfen. Wenn Sie ein Thema haben, das Sie mit anderen teilen und diskutieren m\u00f6chten, k\u00f6nnen Sie es gerne mitbringen. Es gibt keine feste Tagesordnung oder einen festen Zeitplan. Der Stammtisch findet viertelj\u00e4hrlich statt. Die Termine werden \u00fcber die EnJust-Mailingliste bekannt gegeben.<\/p>\n","protected":false},"author":7,"featured_media":0,"parent":0,"menu_order":0,"comment_status":"closed","ping_status":"closed","template":"","meta":{"footnotes":""},"class_list":["post-1667","page","type-page","status-publish","hentry"],"translation":{"provider":"WPGlobus","version":"3.0.2","language":"de","enabled_languages":["en","de","es"],"languages":{"en":{"title":true,"content":true,"excerpt":false},"de":{"title":true,"content":true,"excerpt":false},"es":{"title":true,"content":true,"excerpt":false}}},"yoast_head":"<!-- This site is optimized with the Yoast SEO plugin v27.4 - https:\/\/yoast.com\/product\/yoast-seo-wordpress\/ -->\n<title>Stammtisch -<\/title>\n<meta name=\"robots\" content=\"index, follow, max-snippet:-1, max-image-preview:large, max-video-preview:-1\" \/>\n<link rel=\"canonical\" href=\"https:\/\/enjust.net\/regulars-table\/\" \/>\n<meta property=\"og:locale\" content=\"de_DE\" \/>\n<meta property=\"og:type\" content=\"article\" \/>\n<meta property=\"og:title\" content=\"Stammtisch -\" \/>\n<meta property=\"og:url\" content=\"https:\/\/enjust.net\/regulars-table\/\" \/>\n<meta property=\"article:modified_time\" content=\"2025-03-18T13:26:23+00:00\" \/>\n<meta name=\"twitter:card\" content=\"summary_large_image\" \/>\n<meta name=\"twitter:label1\" content=\"Gesch\u00e4tzte Lesezeit\" \/>\n\t<meta name=\"twitter:data1\" content=\"1\u00a0Minute\" \/>\n<script type=\"application\/ld+json\" class=\"yoast-schema-graph\">{\"@context\":\"https:\\\/\\\/schema.org\",\"@graph\":[{\"@type\":\"WebPage\",\"@id\":\"https:\\\/\\\/enjust.net\\\/regulars-table\\\/\",\"url\":\"https:\\\/\\\/enjust.net\\\/regulars-table\\\/\",\"name\":\"Stammtisch -\",\"isPartOf\":{\"@id\":\"https:\\\/\\\/enjust.net\\\/de\\\/#website\"},\"datePublished\":\"2023-05-16T12:05:33+00:00\",\"dateModified\":\"2025-03-18T13:26:23+00:00\",\"breadcrumb\":{\"@id\":\"https:\\\/\\\/enjust.net\\\/regulars-table\\\/#breadcrumb\"},\"inLanguage\":\"de\",\"potentialAction\":[{\"@type\":\"ReadAction\",\"target\":[\"https:\\\/\\\/enjust.net\\\/regulars-table\\\/\"]}]},{\"@type\":\"BreadcrumbList\",\"@id\":\"https:\\\/\\\/enjust.net\\\/regulars-table\\\/#breadcrumb\",\"itemListElement\":[{\"@type\":\"ListItem\",\"position\":1,\"name\":\"Startseite\",\"item\":\"https:\\\/\\\/enjust.net\\\/\"},{\"@type\":\"ListItem\",\"position\":2,\"name\":\"Regulars&#8217; Table\"}]},{\"@type\":\"WebSite\",\"@id\":\"https:\\\/\\\/enjust.net\\\/de\\\/#website\",\"url\":\"https:\\\/\\\/enjust.net\\\/de\\\/\",\"name\":\"\",\"description\":\"         \",\"potentialAction\":[{\"@type\":\"SearchAction\",\"target\":{\"@type\":\"EntryPoint\",\"urlTemplate\":\"https:\\\/\\\/enjust.net\\\/de\\\/?s={search_term_string}\"},\"query-input\":{\"@type\":\"PropertyValueSpecification\",\"valueRequired\":true,\"valueName\":\"search_term_string\"}}],\"inLanguage\":\"de\"}]}<\/script>\n<!-- \/ Yoast SEO plugin. -->","yoast_head_json":{"title":"Stammtisch -","robots":{"index":"index","follow":"follow","max-snippet":"max-snippet:-1","max-image-preview":"max-image-preview:large","max-video-preview":"max-video-preview:-1"},"canonical":"https:\/\/enjust.net\/regulars-table\/","og_locale":"de_DE","og_type":"article","og_title":"Stammtisch -","og_url":"https:\/\/enjust.net\/regulars-table\/","article_modified_time":"2025-03-18T13:26:23+00:00","twitter_card":"summary_large_image","twitter_misc":{"Gesch\u00e4tzte Lesezeit":"1\u00a0Minute"},"schema":{"@context":"https:\/\/schema.org","@graph":[{"@type":"WebPage","@id":"https:\/\/enjust.net\/regulars-table\/","url":"https:\/\/enjust.net\/regulars-table\/","name":"Stammtisch -","isPartOf":{"@id":"https:\/\/enjust.net\/de\/#website"},"datePublished":"2023-05-16T12:05:33+00:00","dateModified":"2025-03-18T13:26:23+00:00","breadcrumb":{"@id":"https:\/\/enjust.net\/regulars-table\/#breadcrumb"},"inLanguage":"de","potentialAction":[{"@type":"ReadAction","target":["https:\/\/enjust.net\/regulars-table\/"]}]},{"@type":"BreadcrumbList","@id":"https:\/\/enjust.net\/regulars-table\/#breadcrumb","itemListElement":[{"@type":"ListItem","position":1,"name":"Startseite","item":"https:\/\/enjust.net\/"},{"@type":"ListItem","position":2,"name":"Regulars&#8217; Table"}]},{"@type":"WebSite","@id":"https:\/\/enjust.net\/de\/#website","url":"https:\/\/enjust.net\/de\/","name":"","description":"         ","potentialAction":[{"@type":"SearchAction","target":{"@type":"EntryPoint","urlTemplate":"https:\/\/enjust.net\/de\/?s={search_term_string}"},"query-input":{"@type":"PropertyValueSpecification","valueRequired":true,"valueName":"search_term_string"}}],"inLanguage":"de"}]}},"_links":{"self":[{"href":"https:\/\/enjust.net\/de\/wp-json\/wp\/v2\/pages\/1667","targetHints":{"allow":["GET"]}}],"collection":[{"href":"https:\/\/enjust.net\/de\/wp-json\/wp\/v2\/pages"}],"about":[{"href":"https:\/\/enjust.net\/de\/wp-json\/wp\/v2\/types\/page"}],"author":[{"embeddable":true,"href":"https:\/\/enjust.net\/de\/wp-json\/wp\/v2\/users\/7"}],"replies":[{"embeddable":true,"href":"https:\/\/enjust.net\/de\/wp-json\/wp\/v2\/comments?post=1667"}],"version-history":[{"count":6,"href":"https:\/\/enjust.net\/de\/wp-json\/wp\/v2\/pages\/1667\/revisions"}],"predecessor-version":[{"id":3197,"href":"https:\/\/enjust.net\/de\/wp-json\/wp\/v2\/pages\/1667\/revisions\/3197"}],"wp:attachment":[{"href":"https:\/\/enjust.net\/de\/wp-json\/wp\/v2\/media?parent=1667"}],"curies":[{"name":"wp","href":"https:\/\/api.w.org\/{rel}","templated":true}]}}