{"id":169,"date":"2020-06-05T11:36:59","date_gmt":"2020-06-05T11:36:59","guid":{"rendered":"http:\/\/enjust.net\/?page_id=169"},"modified":"2025-02-18T10:55:49","modified_gmt":"2025-02-18T10:55:49","slug":"faq","status":"publish","type":"page","link":"https:\/\/enjust.net\/de\/faq\/","title":{"rendered":"FAQ"},"content":{"rendered":"<\/p>\n\n\n<h3 class=\"wp-block-heading\">FAQ: F\u00fcr wen ist das EnJust-Netzwerk?<\/h3>\n\n\n\n<p>Wissenschaftler*innen, Praktiker*innen, interessierte Menschen, Studierende.<\/p>\n\n\n\n<h3 class=\"wp-block-heading\">FAQ: Kostet mich die Mitgliedschaft etwas, was gibt es f\u00fcr Anforderungen?<\/h3>\n\n\n\n<p>Eine Mitgliedschaft kostet nichts. Interesse an Themen der Umweltgerechtigkeit ist w\u00fcnschenswert.<\/p>\n\n\n\n<h3 class=\"wp-block-heading\">FAQ: Wie kann ich Mitglied werden?<\/h3>\n\n\n\n<p>Grunds\u00e4tzlich kann jede*r Mitglied im EnJust-Netzwerk werden. Dazu bitte eine Nachricht mit Namen und kurzer Interessensbekundung per Mail an:<\/p>\n\n\n\n<p><a href=\"mailto:enjust@geographie.uni-kiel.de\">enjust[at]geographie.uni-kiel.de<\/a><\/p>\n\n\n\n<p>Die Person wird dann automatisch Mitglied und wird in die Mailingliste des Netzwerks aufgenommen. Jedes Mitglied kann eigene Beitr\u00e4ge zum Thema Umweltgerechtigkeit in das Netzwerk einbringen und Inhalte \/ Themen \/ Material auf der Website zur Verf\u00fcgung stellen.<\/p>\n\n\n\n<h3 class=\"wp-block-heading\">FAQ: Was bedeutet \u201eEnJust\u201c?<\/h3>\n\n\n\n<p>EnJust ist die Kurzform f\u00fcr \u201eEnvironmental Justice\u201c &#8211; Umweltgerechtigkeit.<\/p>\n\n\n\n<h3 class=\"wp-block-heading\">FAQ: Was ist das Ziel des EnJust-Netzwerkes?<\/h3>\n\n\n\n<p>Ziel des EnJust-Netzwerkes ist die F\u00f6rderung des Austausches zwischen Wissenschaft und Zivilgesellschaft zu Fragen der Umwelt- und der Klimagerechtigkeit.<\/p>\n\n\n<p>","protected":false},"excerpt":{"rendered":"<p>FAQ: F\u00fcr wen ist das EnJust-Netzwerk? Wissenschaftler*innen, Praktiker*innen, interessierte Menschen, Studierende. FAQ: Kostet mich die Mitgliedschaft etwas, was gibt es f\u00fcr Anforderungen? Eine Mitgliedschaft kostet nichts. Interesse an Themen der Umweltgerechtigkeit ist w\u00fcnschenswert. FAQ: Wie kann ich Mitglied werden? Grunds\u00e4tzlich kann jede*r Mitglied im EnJust-Netzwerk werden. Dazu bitte eine Nachricht mit Namen und kurzer Interessensbekundung per Mail an: enjust[at]geographie.uni-kiel.de Die Person wird dann automatisch Mitglied und wird in die Mailingliste des Netzwerks aufgenommen. Jedes Mitglied kann eigene Beitr\u00e4ge zum Thema Umweltgerechtigkeit in das Netzwerk einbringen und Inhalte \/ Themen \/ Material auf der Website zur Verf\u00fcgung stellen. FAQ: Was bedeutet&#8230; <\/p>\n","protected":false},"author":1,"featured_media":0,"parent":0,"menu_order":0,"comment_status":"closed","ping_status":"closed","template":"","meta":{"footnotes":""},"class_list":["post-169","page","type-page","status-publish","hentry"],"translation":{"provider":"WPGlobus","version":"3.0.2","language":"de","enabled_languages":["en","de","es"],"languages":{"en":{"title":true,"content":true,"excerpt":false},"de":{"title":true,"content":true,"excerpt":false},"es":{"title":true,"content":true,"excerpt":false}}},"yoast_head":"<!-- This site is optimized with the Yoast SEO plugin v27.4 - https:\/\/yoast.com\/product\/yoast-seo-wordpress\/ -->\n<title>FAQ -<\/title>\n<meta name=\"robots\" content=\"index, follow, max-snippet:-1, max-image-preview:large, max-video-preview:-1\" \/>\n<link rel=\"canonical\" href=\"https:\/\/enjust.net\/faq\/\" \/>\n<meta property=\"og:locale\" content=\"de_DE\" \/>\n<meta property=\"og:type\" content=\"article\" \/>\n<meta property=\"og:title\" content=\"FAQ -\" \/>\n<meta property=\"og:url\" content=\"https:\/\/enjust.net\/faq\/\" \/>\n<meta property=\"article:modified_time\" content=\"2025-02-18T10:55:49+00:00\" \/>\n<meta name=\"twitter:card\" content=\"summary_large_image\" \/>\n<meta name=\"twitter:label1\" content=\"Gesch\u00e4tzte Lesezeit\" \/>\n\t<meta name=\"twitter:data1\" content=\"1\u00a0Minute\" \/>\n<script type=\"application\/ld+json\" class=\"yoast-schema-graph\">{\"@context\":\"https:\\\/\\\/schema.org\",\"@graph\":[{\"@type\":\"WebPage\",\"@id\":\"https:\\\/\\\/enjust.net\\\/faq\\\/\",\"url\":\"https:\\\/\\\/enjust.net\\\/faq\\\/\",\"name\":\"FAQ -\",\"isPartOf\":{\"@id\":\"https:\\\/\\\/enjust.net\\\/de\\\/#website\"},\"datePublished\":\"2020-06-05T11:36:59+00:00\",\"dateModified\":\"2025-02-18T10:55:49+00:00\",\"breadcrumb\":{\"@id\":\"https:\\\/\\\/enjust.net\\\/faq\\\/#breadcrumb\"},\"inLanguage\":\"de\",\"potentialAction\":[{\"@type\":\"ReadAction\",\"target\":[\"https:\\\/\\\/enjust.net\\\/faq\\\/\"]}]},{\"@type\":\"BreadcrumbList\",\"@id\":\"https:\\\/\\\/enjust.net\\\/faq\\\/#breadcrumb\",\"itemListElement\":[{\"@type\":\"ListItem\",\"position\":1,\"name\":\"Startseite\",\"item\":\"https:\\\/\\\/enjust.net\\\/\"},{\"@type\":\"ListItem\",\"position\":2,\"name\":\"FAQ\"}]},{\"@type\":\"WebSite\",\"@id\":\"https:\\\/\\\/enjust.net\\\/de\\\/#website\",\"url\":\"https:\\\/\\\/enjust.net\\\/de\\\/\",\"name\":\"\",\"description\":\"         \",\"potentialAction\":[{\"@type\":\"SearchAction\",\"target\":{\"@type\":\"EntryPoint\",\"urlTemplate\":\"https:\\\/\\\/enjust.net\\\/de\\\/?s={search_term_string}\"},\"query-input\":{\"@type\":\"PropertyValueSpecification\",\"valueRequired\":true,\"valueName\":\"search_term_string\"}}],\"inLanguage\":\"de\"}]}<\/script>\n<!-- \/ Yoast SEO plugin. -->","yoast_head_json":{"title":"FAQ -","robots":{"index":"index","follow":"follow","max-snippet":"max-snippet:-1","max-image-preview":"max-image-preview:large","max-video-preview":"max-video-preview:-1"},"canonical":"https:\/\/enjust.net\/faq\/","og_locale":"de_DE","og_type":"article","og_title":"FAQ -","og_url":"https:\/\/enjust.net\/faq\/","article_modified_time":"2025-02-18T10:55:49+00:00","twitter_card":"summary_large_image","twitter_misc":{"Gesch\u00e4tzte Lesezeit":"1\u00a0Minute"},"schema":{"@context":"https:\/\/schema.org","@graph":[{"@type":"WebPage","@id":"https:\/\/enjust.net\/faq\/","url":"https:\/\/enjust.net\/faq\/","name":"FAQ -","isPartOf":{"@id":"https:\/\/enjust.net\/de\/#website"},"datePublished":"2020-06-05T11:36:59+00:00","dateModified":"2025-02-18T10:55:49+00:00","breadcrumb":{"@id":"https:\/\/enjust.net\/faq\/#breadcrumb"},"inLanguage":"de","potentialAction":[{"@type":"ReadAction","target":["https:\/\/enjust.net\/faq\/"]}]},{"@type":"BreadcrumbList","@id":"https:\/\/enjust.net\/faq\/#breadcrumb","itemListElement":[{"@type":"ListItem","position":1,"name":"Startseite","item":"https:\/\/enjust.net\/"},{"@type":"ListItem","position":2,"name":"FAQ"}]},{"@type":"WebSite","@id":"https:\/\/enjust.net\/de\/#website","url":"https:\/\/enjust.net\/de\/","name":"","description":"         ","potentialAction":[{"@type":"SearchAction","target":{"@type":"EntryPoint","urlTemplate":"https:\/\/enjust.net\/de\/?s={search_term_string}"},"query-input":{"@type":"PropertyValueSpecification","valueRequired":true,"valueName":"search_term_string"}}],"inLanguage":"de"}]}},"_links":{"self":[{"href":"https:\/\/enjust.net\/de\/wp-json\/wp\/v2\/pages\/169","targetHints":{"allow":["GET"]}}],"collection":[{"href":"https:\/\/enjust.net\/de\/wp-json\/wp\/v2\/pages"}],"about":[{"href":"https:\/\/enjust.net\/de\/wp-json\/wp\/v2\/types\/page"}],"author":[{"embeddable":true,"href":"https:\/\/enjust.net\/de\/wp-json\/wp\/v2\/users\/1"}],"replies":[{"embeddable":true,"href":"https:\/\/enjust.net\/de\/wp-json\/wp\/v2\/comments?post=169"}],"version-history":[{"count":19,"href":"https:\/\/enjust.net\/de\/wp-json\/wp\/v2\/pages\/169\/revisions"}],"predecessor-version":[{"id":3139,"href":"https:\/\/enjust.net\/de\/wp-json\/wp\/v2\/pages\/169\/revisions\/3139"}],"wp:attachment":[{"href":"https:\/\/enjust.net\/de\/wp-json\/wp\/v2\/media?parent=169"}],"curies":[{"name":"wp","href":"https:\/\/api.w.org\/{rel}","templated":true}]}}