{"id":1694,"date":"2023-05-30T09:11:51","date_gmt":"2023-05-30T09:11:51","guid":{"rendered":"https:\/\/enjust.net\/?page_id=1694"},"modified":"2025-02-18T11:01:47","modified_gmt":"2025-02-18T11:01:47","slug":"ej-in-the-global-north","status":"publish","type":"page","link":"https:\/\/enjust.net\/de\/ej-in-the-global-north\/","title":{"rendered":"EJ im Globalen Norden"},"content":{"rendered":"\n<p>Die Frage der Umweltgerechtigkeit im Globalen Norden ist immer dringlicher geworden. Dies gilt insbesondere im Zusammenhang mit politischen Massnahmen zur Bew\u00e4ltigung des Klimawandels und der sozio-\u00f6kologischen Transformation.<\/p>\n\n\n\n<p>Um diese Fragen zu untersuchen, wurde auf der EnJust-Konferenz 2022 in Bern von interessierten Netzwerkmitgliedern eine Untergruppe zum Thema \u201eUmweltgerechtigkeit im Globalen Norden\u201c gebildet.<\/p>\n\n\n\n<p>In Fortf\u00fchrung der Berner Diskussionen haben wir am 5. Mai 2023 unseren ersten Online-Workshop durchgef\u00fchrt. Ziel war es, herauszufinden, wer im EnJust-Netzwerk an diesen Themen arbeitet und welche Aspekte von Interesse sind. Im Laufe unserer Diskussionen kristallisierten sich drei verschiedene Themen heraus:<\/p>\n\n\n\n<ul class=\"wp-block-list\">\n<li>Energie-Infrastrukturen<\/li>\n\n\n\n<li>R\u00e4umliche Gerechtigkeit, K\u00fcsten-\/Landentwicklung<\/li>\n\n\n\n<li>Umweltgerechtigkeit &amp; Ethik + epistemische Gerechtigkeit\/Politik (Framing)<\/li>\n<\/ul>\n\n\n\n<p>Insbesondere die Gruppe der Energieinfrastrukturen wollte ihre Diskussionen in naher Zukunft fortsetzen. Dar\u00fcber hinaus wurden Fragen zur Epistemologie und zu konzeptionellen Unterschieden der Umweltgerechtigkeit in verschiedenen Teilen des Globalen Nordens lebhaft diskutiert und m\u00fcssen eindeutig weiterverfolgt werden. Um diese Debatten voranzutreiben, veranstalteten wir am 20. Juni 2023 einen weiteren Workshop. Dort diskutierten wir konkreter \u00fcber diese beiden Themen, gefolgt von der Frage nach unseren n\u00e4chsten Schritten und wie wir das, was wir diskutiert hatten, in die Tat umsetzen k\u00f6nnen.<\/p>\n\n\n\n<p>Einige Mitglieder der Untergruppe wollen sich konkret mit dem Thema gr\u00fcner Wasserstoff und erneuerbare Energien in verschiedenen L\u00e4ndern befassen, einschlie\u00dflich Aspekten der epistemischen Gerechtigkeit und der Gestaltung von Umweltgerechtigkeit in verschiedenen Kontexten. Das Organisationsteam wird sich im September treffen und die weiteren Schritte besprechen.<\/p>\n\n\n\n<p>Wenn Sie Informationen \u00fcber die n\u00e4chsten Schritte w\u00fcnschen oder\/und sich an der Arbeit dieser Untergruppe beteiligen m\u00f6chten, senden Sie einfach eine E-Mail an <a href=\"mailto:enjust@geographie.uni-kiel.de\">enjust(at)geographie.uni-kiel.de<\/a><\/p>\n","protected":false},"excerpt":{"rendered":"<p>Die Frage der Umweltgerechtigkeit im Globalen Norden ist immer dringlicher geworden. Dies gilt insbesondere im Zusammenhang mit politischen Massnahmen zur Bew\u00e4ltigung des Klimawandels und der sozio-\u00f6kologischen Transformation. Um diese Fragen zu untersuchen, wurde auf der EnJust-Konferenz 2022 in Bern von interessierten Netzwerkmitgliedern eine Untergruppe zum Thema \u201eUmweltgerechtigkeit im Globalen Norden\u201c gebildet. In Fortf\u00fchrung der Berner Diskussionen haben wir am 5. Mai 2023 unseren ersten Online-Workshop durchgef\u00fchrt. Ziel war es, herauszufinden, wer im EnJust-Netzwerk an diesen Themen arbeitet und welche Aspekte von Interesse sind. Im Laufe unserer Diskussionen kristallisierten sich drei verschiedene Themen heraus: Insbesondere die Gruppe der Energieinfrastrukturen wollte ihre&#8230; <\/p>\n","protected":false},"author":5,"featured_media":0,"parent":0,"menu_order":0,"comment_status":"closed","ping_status":"closed","template":"","meta":{"footnotes":""},"class_list":["post-1694","page","type-page","status-publish","hentry"],"translation":{"provider":"WPGlobus","version":"3.0.2","language":"de","enabled_languages":["en","de","es"],"languages":{"en":{"title":true,"content":true,"excerpt":false},"de":{"title":true,"content":true,"excerpt":false},"es":{"title":true,"content":true,"excerpt":false}}},"yoast_head":"<!-- This site is optimized with the Yoast SEO plugin v27.3 - https:\/\/yoast.com\/product\/yoast-seo-wordpress\/ -->\n<title>EJ im Globalen Norden -<\/title>\n<meta name=\"robots\" content=\"index, follow, max-snippet:-1, max-image-preview:large, max-video-preview:-1\" \/>\n<link rel=\"canonical\" href=\"https:\/\/enjust.net\/ej-in-the-global-north\/\" \/>\n<meta property=\"og:locale\" content=\"de_DE\" \/>\n<meta property=\"og:type\" content=\"article\" \/>\n<meta property=\"og:title\" content=\"EJ im Globalen Norden -\" \/>\n<meta property=\"og:url\" content=\"https:\/\/enjust.net\/ej-in-the-global-north\/\" \/>\n<meta property=\"article:modified_time\" content=\"2025-02-18T11:01:47+00:00\" \/>\n<meta name=\"twitter:card\" content=\"summary_large_image\" \/>\n<meta name=\"twitter:label1\" content=\"Gesch\u00e4tzte Lesezeit\" \/>\n\t<meta name=\"twitter:data1\" content=\"2\u00a0Minuten\" \/>\n<script type=\"application\/ld+json\" class=\"yoast-schema-graph\">{\"@context\":\"https:\\\/\\\/schema.org\",\"@graph\":[{\"@type\":\"WebPage\",\"@id\":\"https:\\\/\\\/enjust.net\\\/ej-in-the-global-north\\\/\",\"url\":\"https:\\\/\\\/enjust.net\\\/ej-in-the-global-north\\\/\",\"name\":\"EJ im Globalen Norden -\",\"isPartOf\":{\"@id\":\"https:\\\/\\\/enjust.net\\\/de\\\/#website\"},\"datePublished\":\"2023-05-30T09:11:51+00:00\",\"dateModified\":\"2025-02-18T11:01:47+00:00\",\"breadcrumb\":{\"@id\":\"https:\\\/\\\/enjust.net\\\/ej-in-the-global-north\\\/#breadcrumb\"},\"inLanguage\":\"de\",\"potentialAction\":[{\"@type\":\"ReadAction\",\"target\":[\"https:\\\/\\\/enjust.net\\\/ej-in-the-global-north\\\/\"]}]},{\"@type\":\"BreadcrumbList\",\"@id\":\"https:\\\/\\\/enjust.net\\\/ej-in-the-global-north\\\/#breadcrumb\",\"itemListElement\":[{\"@type\":\"ListItem\",\"position\":1,\"name\":\"Startseite\",\"item\":\"https:\\\/\\\/enjust.net\\\/\"},{\"@type\":\"ListItem\",\"position\":2,\"name\":\"EJ im Globalen Norden\"}]},{\"@type\":\"WebSite\",\"@id\":\"https:\\\/\\\/enjust.net\\\/de\\\/#website\",\"url\":\"https:\\\/\\\/enjust.net\\\/de\\\/\",\"name\":\"\",\"description\":\"         \",\"potentialAction\":[{\"@type\":\"SearchAction\",\"target\":{\"@type\":\"EntryPoint\",\"urlTemplate\":\"https:\\\/\\\/enjust.net\\\/de\\\/?s={search_term_string}\"},\"query-input\":{\"@type\":\"PropertyValueSpecification\",\"valueRequired\":true,\"valueName\":\"search_term_string\"}}],\"inLanguage\":\"de\"}]}<\/script>\n<!-- \/ Yoast SEO plugin. -->","yoast_head_json":{"title":"EJ im Globalen Norden -","robots":{"index":"index","follow":"follow","max-snippet":"max-snippet:-1","max-image-preview":"max-image-preview:large","max-video-preview":"max-video-preview:-1"},"canonical":"https:\/\/enjust.net\/ej-in-the-global-north\/","og_locale":"de_DE","og_type":"article","og_title":"EJ im Globalen Norden -","og_url":"https:\/\/enjust.net\/ej-in-the-global-north\/","article_modified_time":"2025-02-18T11:01:47+00:00","twitter_card":"summary_large_image","twitter_misc":{"Gesch\u00e4tzte Lesezeit":"2\u00a0Minuten"},"schema":{"@context":"https:\/\/schema.org","@graph":[{"@type":"WebPage","@id":"https:\/\/enjust.net\/ej-in-the-global-north\/","url":"https:\/\/enjust.net\/ej-in-the-global-north\/","name":"EJ im Globalen Norden -","isPartOf":{"@id":"https:\/\/enjust.net\/de\/#website"},"datePublished":"2023-05-30T09:11:51+00:00","dateModified":"2025-02-18T11:01:47+00:00","breadcrumb":{"@id":"https:\/\/enjust.net\/ej-in-the-global-north\/#breadcrumb"},"inLanguage":"de","potentialAction":[{"@type":"ReadAction","target":["https:\/\/enjust.net\/ej-in-the-global-north\/"]}]},{"@type":"BreadcrumbList","@id":"https:\/\/enjust.net\/ej-in-the-global-north\/#breadcrumb","itemListElement":[{"@type":"ListItem","position":1,"name":"Startseite","item":"https:\/\/enjust.net\/"},{"@type":"ListItem","position":2,"name":"EJ im Globalen Norden"}]},{"@type":"WebSite","@id":"https:\/\/enjust.net\/de\/#website","url":"https:\/\/enjust.net\/de\/","name":"","description":"         ","potentialAction":[{"@type":"SearchAction","target":{"@type":"EntryPoint","urlTemplate":"https:\/\/enjust.net\/de\/?s={search_term_string}"},"query-input":{"@type":"PropertyValueSpecification","valueRequired":true,"valueName":"search_term_string"}}],"inLanguage":"de"}]}},"_links":{"self":[{"href":"https:\/\/enjust.net\/de\/wp-json\/wp\/v2\/pages\/1694","targetHints":{"allow":["GET"]}}],"collection":[{"href":"https:\/\/enjust.net\/de\/wp-json\/wp\/v2\/pages"}],"about":[{"href":"https:\/\/enjust.net\/de\/wp-json\/wp\/v2\/types\/page"}],"author":[{"embeddable":true,"href":"https:\/\/enjust.net\/de\/wp-json\/wp\/v2\/users\/5"}],"replies":[{"embeddable":true,"href":"https:\/\/enjust.net\/de\/wp-json\/wp\/v2\/comments?post=1694"}],"version-history":[{"count":5,"href":"https:\/\/enjust.net\/de\/wp-json\/wp\/v2\/pages\/1694\/revisions"}],"predecessor-version":[{"id":3141,"href":"https:\/\/enjust.net\/de\/wp-json\/wp\/v2\/pages\/1694\/revisions\/3141"}],"wp:attachment":[{"href":"https:\/\/enjust.net\/de\/wp-json\/wp\/v2\/media?parent=1694"}],"curies":[{"name":"wp","href":"https:\/\/api.w.org\/{rel}","templated":true}]}}