{"id":19,"date":"2020-06-04T16:52:57","date_gmt":"2020-06-04T16:52:57","guid":{"rendered":"http:\/\/enjust.net\/?page_id=19"},"modified":"2025-01-14T11:00:32","modified_gmt":"2025-01-14T11:00:32","slug":"uber-enjust","status":"publish","type":"page","link":"https:\/\/enjust.net\/de\/uber-enjust\/","title":{"rendered":"\u00dcber EnJust"},"content":{"rendered":"\n<p>Wir sind ein lebendiges Netzwerk, das f\u00fcr Fragen der Umweltgerechtigkeit sensibilisiert und die demokratische Beteiligung der Betroffenen von Umweltproblemen st\u00e4rkt. Wir verbinden Akteure aus Wissenschaft, Planung und Zivilgesellschaft. Wir schaffen analoge und digitale Kommunikationsr\u00e4ume und initiieren gemeinschaftliche Forschung.<\/p>\n\n\n\n<h3 class=\"wp-block-heading\">Leitbild<\/h3>\n\n\n\n<p>Das sich verschlechternde Klima und die vielf\u00e4ltigen Umweltkrisen betreffen verschiedene demografische Gruppen auf unterschiedliche Weise, was beispielswiese zu Gesundheitssch\u00e4den und Einkommensausfall f\u00fcr Milliarden von Menschen f\u00fchren kann. Auch sind vielerorts einkommensschwache Mieter*innen, die in der N\u00e4he von verkehrsreichen Stra\u00dfen leben, deutlich h\u00f6heren Emissionen ausgesetzt als der Rest der lokalen Bev\u00f6lkerung. Weltweit gehen Menschen auf die Stra\u00dfe, um f\u00fcr wirksame Ma\u00dfnahmen gegen den Klimawandel und f\u00fcr Generationen- und Klimagerechtigkeit einzutreten. Ebenso klagt ein peruanischer Kleinbauer vor dem Oberlandesgericht Hamm gegen den Energiekonzern RWE, weil er seine Existenz von dem in Deutschland ausgesto\u00dfenen CO2 gef\u00e4hrdet sieht. W\u00e4hrenddessen protestieren jedoch in Frankreich zehntausende Menschen gegen die Einf\u00fchrung einer CO2 Abgabe. Diese Beispiele zeigen: Die Umwelt- und Klimakrise ist in unserem Alltag angekommen und wirft neue Verteilungs- und Gerechtigkeitsfragen auf, die nicht einfach zu beantworten und nur unter Beteiligung der Gesellschaft zu l\u00f6sen sind. Dies liegt daran, dass ein m\u00f6glicher Weg zu w\u00fcnschenswerteren Zukunftsperspektiven die Mehrheit der Weltbev\u00f6lkerung die Lebensweisen aller Menschen und die vorherrschenden Entwicklungsmodelle in Frage stellt.<\/p>\n\n\n\n<p>Ziel des EnJust-Netzwerkes Umweltgerechtigkeit ist die F\u00f6rderung des Austausches zwischen Wissenschaft, Politik, Wirtschaft und Zivilgesellschaft. Die gegenw\u00e4rtigen Transformationsprozesse erfordern, dass wir uns gegenseitig zuh\u00f6ren und bereit sind, voneinander zu lernen. Umwelt- und Klimagerechtigkeitsfragen sind komplex. Deswegen ist es aus unserer Sicht notwendig, verschiedene Perspektiven zu h\u00f6ren und darauf aufbauend nach gemeinsamen Lesarten zu suchen. Da bisher kaum deutschsprachige Formate zur F\u00f6rderung eines inter- und transdisziplin\u00e4ren Austausches zu Umwelt- und Klimagerechtigkeit bestehen, haben wir uns dazu entschlossen, zur Schlie\u00dfung dieser Leerstelle beizutragen. Das EnJust Netzwerk soll also neue Impulse f\u00fcr vielf\u00e4ltige Kooperationen zwischen Forschung und Praxis setzen und gemeinschaftliche transdisziplin\u00e4re Forschung unterst\u00fctzen.<\/p>\n\n\n\n<p>Insbesondere will das EnJust-Netzwerk innovative Forschung, Dialoge und wirksame Ma\u00dfnahmen zu den folgenden Fragen der Umwelt- und Klimagerechtigkeit f\u00f6rdern:<\/p>\n\n\n\n<p>\u2013 Wer oder was erf\u00e4hrt neue oder versch\u00e4rfte Formen der Ungerechtigkeit als Folge des rasanten Klima- und\/oder Umweltwandels?<\/p>\n\n\n\n<p>\u2013 Welche politischen Strategien, welche sozialen und wirtschaftlichen Prozesse \u2013 auf welcher Ebene \u2013 k\u00f6nnen dazu beitragen, die Lasten aus dem Klimawandel und dem Umweltschutz gerechter zu verteilen?<\/p>\n\n\n\n<p>\u2013 Welche innovativen Formen der Kommunikation von Umweltgerechtigkeit und gerechtigkeitsbasierten Antworten auf Klima- und Umweltkrisen gibt es?<\/p>\n\n\n\n<h3 class=\"wp-block-heading\"><strong>Wissenschaft und Aktivismus<\/strong><\/h3>\n\n\n\n<p>Innerhalb des EnJust-Netzwerks werden fortw\u00e4hrend Fragen nach der Rolle von Wissenschaft in Bezug auf Aktivismus, alternativen Wissenssystemen und dekolonialen Gedanken in Bezug auf Umweltgerechtigkeit diskutiert. Dabei ist eine breite Spanne an Meinungen im Netzwerk vorhanden. Wir freuen uns \u00fcber die vielf\u00e4ltigen Diskussionsans\u00e4tze.<\/p>\n\n\n\n<hr class=\"wp-block-separator has-css-opacity\"\/>\n\n\n\n<h3 class=\"wp-block-heading\">Geschichte des Netzwerks<\/h3>\n\n\n\n<p>Das EnJust-Netzwerk wurde 2018 am Geographischen Institut an der Christian-Albrechts-Universit\u00e4t zu Kiel von <a href=\"https:\/\/www.marinesocialscience.uni-kiel.de\/de\/team\/prof-dr-silja-klepp\" target=\"_blank\" rel=\"noreferrer noopener\">Silja Klepp<\/a>, <a href=\"https:\/\/www.kulturgeo.uni-kiel.de\/de\/team\/duenckmann\" target=\"_blank\" rel=\"noreferrer noopener\">Florian D\u00fcnckmann<\/a> und <a href=\"https:\/\/www.idos-research.de\/jonas-hein\/\" target=\"_blank\" rel=\"noreferrer noopener\">Jonas Hein<\/a> initiiert. Zu den meist wissenschaftlichen Gr\u00fcndungsmitgliedern z\u00e4hlen neben Geograph*innen auch Rechtswissenschaftler*innen, Philosoph*innen und Politikwissenschaftler*innen. Als ersten Schritt organisierte diese Gruppe eine internationale Konferenz zum Thema Umweltgerechtigkeit, die im Juni 2019 Praktiker*innen, K\u00fcnstler*innen und Wissenschaftler*innen verschiedener Disziplinen nach Kiel f\u00fchrte. Diese Konferenz, auf der auch die Webseite offiziell online ging, schaffte einen ersten analogen Kommunikationsraum. K\u00fcnftig w\u00fcnschen wir uns sowohl on- als auch offline einen regen Austausch.<\/p>\n\n\n\n<hr class=\"wp-block-separator has-css-opacity\"\/>\n\n\n\n<p><\/p>\n\n\n\n<div data-wp-interactive=\"core\/file\" class=\"wp-block-file\"><object data-wp-bind--hidden=\"!state.hasPdfPreview\" hidden class=\"wp-block-file__embed\" data=\"https:\/\/enjust.net\/wp-content\/uploads\/2025\/01\/Netzwerkstruktur_DE.pdf\" type=\"application\/pdf\" style=\"width:100%;height:600px\" aria-label=\"Einbettung von Netzwerkstruktur_DE.\"><\/object><a id=\"wp-block-file--media-f81e4422-c025-4855-88b9-a4613451080d\" href=\"https:\/\/enjust.net\/wp-content\/uploads\/2025\/01\/Netzwerkstruktur_DE.pdf\">Netzwerkstruktur_DE<\/a><a href=\"https:\/\/enjust.net\/wp-content\/uploads\/2025\/01\/Netzwerkstruktur_DE.pdf\" class=\"wp-block-file__button wp-element-button\" download aria-describedby=\"wp-block-file--media-f81e4422-c025-4855-88b9-a4613451080d\">Herunterladen<\/a><\/div>\n\n\n\n<p>Wir freuen uns sehr \u00fcber neue Mitglieder. Um mehr zu erfahren, klicken Sie <a href=\"https:\/\/enjust.net\/de\/become-a-member\/\">hier<\/a>.<\/p>\n","protected":false},"excerpt":{"rendered":"<p>Wir sind ein lebendiges Netzwerk, das f\u00fcr Fragen der Umweltgerechtigkeit sensibilisiert und die demokratische Beteiligung der Betroffenen von Umweltproblemen st\u00e4rkt. Wir verbinden Akteure aus Wissenschaft, Planung und Zivilgesellschaft. Wir schaffen analoge und digitale Kommunikationsr\u00e4ume und initiieren gemeinschaftliche Forschung. Leitbild Das sich verschlechternde Klima und die vielf\u00e4ltigen Umweltkrisen betreffen verschiedene demografische Gruppen auf unterschiedliche Weise, was beispielswiese zu Gesundheitssch\u00e4den und Einkommensausfall f\u00fcr Milliarden von Menschen f\u00fchren kann. Auch sind vielerorts einkommensschwache Mieter*innen, die in der N\u00e4he von verkehrsreichen Stra\u00dfen leben, deutlich h\u00f6heren Emissionen ausgesetzt als der Rest der lokalen Bev\u00f6lkerung. Weltweit gehen Menschen auf die Stra\u00dfe, um f\u00fcr wirksame Ma\u00dfnahmen gegen&#8230; <\/p>\n","protected":false},"author":1,"featured_media":107,"parent":0,"menu_order":0,"comment_status":"closed","ping_status":"closed","template":"","meta":{"footnotes":""},"class_list":["post-19","page","type-page","status-publish","has-post-thumbnail","hentry"],"translation":{"provider":"WPGlobus","version":"3.0.2","language":"de","enabled_languages":["en","de","es"],"languages":{"en":{"title":true,"content":true,"excerpt":false},"de":{"title":true,"content":true,"excerpt":false},"es":{"title":true,"content":true,"excerpt":false}}},"yoast_head":"<!-- This site is optimized with the Yoast SEO plugin v27.3 - https:\/\/yoast.com\/product\/yoast-seo-wordpress\/ -->\n<title>\u00dcber EnJust -<\/title>\n<meta name=\"robots\" content=\"index, follow, max-snippet:-1, max-image-preview:large, max-video-preview:-1\" \/>\n<link rel=\"canonical\" href=\"https:\/\/enjust.net\/uber-enjust\/\" \/>\n<meta property=\"og:locale\" content=\"de_DE\" \/>\n<meta property=\"og:type\" content=\"article\" \/>\n<meta property=\"og:title\" content=\"\u00dcber EnJust -\" \/>\n<meta property=\"og:url\" content=\"https:\/\/enjust.net\/uber-enjust\/\" \/>\n<meta property=\"article:modified_time\" content=\"2025-01-14T11:00:32+00:00\" \/>\n<meta property=\"og:image\" content=\"https:\/\/enjust.net\/wp-content\/uploads\/2020\/06\/tim-gouw-209217-unsplash-1-1024x683-schmaler.jpg\" \/>\n\t<meta property=\"og:image:width\" content=\"1024\" \/>\n\t<meta property=\"og:image:height\" content=\"379\" \/>\n\t<meta property=\"og:image:type\" content=\"image\/jpeg\" \/>\n<meta name=\"twitter:card\" content=\"summary_large_image\" \/>\n<meta name=\"twitter:label1\" content=\"Gesch\u00e4tzte Lesezeit\" \/>\n\t<meta name=\"twitter:data1\" content=\"3\u00a0Minuten\" \/>\n<script type=\"application\/ld+json\" class=\"yoast-schema-graph\">{\"@context\":\"https:\\\/\\\/schema.org\",\"@graph\":[{\"@type\":\"WebPage\",\"@id\":\"https:\\\/\\\/enjust.net\\\/uber-enjust\\\/\",\"url\":\"https:\\\/\\\/enjust.net\\\/uber-enjust\\\/\",\"name\":\"\u00dcber EnJust -\",\"isPartOf\":{\"@id\":\"https:\\\/\\\/enjust.net\\\/de\\\/#website\"},\"primaryImageOfPage\":{\"@id\":\"https:\\\/\\\/enjust.net\\\/uber-enjust\\\/#primaryimage\"},\"image\":{\"@id\":\"https:\\\/\\\/enjust.net\\\/uber-enjust\\\/#primaryimage\"},\"thumbnailUrl\":\"https:\\\/\\\/enjust.net\\\/wp-content\\\/uploads\\\/2020\\\/06\\\/tim-gouw-209217-unsplash-1-1024x683-schmaler.jpg\",\"datePublished\":\"2020-06-04T16:52:57+00:00\",\"dateModified\":\"2025-01-14T11:00:32+00:00\",\"breadcrumb\":{\"@id\":\"https:\\\/\\\/enjust.net\\\/uber-enjust\\\/#breadcrumb\"},\"inLanguage\":\"de\",\"potentialAction\":[{\"@type\":\"ReadAction\",\"target\":[\"https:\\\/\\\/enjust.net\\\/uber-enjust\\\/\"]}]},{\"@type\":\"ImageObject\",\"inLanguage\":\"de\",\"@id\":\"https:\\\/\\\/enjust.net\\\/uber-enjust\\\/#primaryimage\",\"url\":\"https:\\\/\\\/enjust.net\\\/wp-content\\\/uploads\\\/2020\\\/06\\\/tim-gouw-209217-unsplash-1-1024x683-schmaler.jpg\",\"contentUrl\":\"https:\\\/\\\/enjust.net\\\/wp-content\\\/uploads\\\/2020\\\/06\\\/tim-gouw-209217-unsplash-1-1024x683-schmaler.jpg\",\"width\":1024,\"height\":379},{\"@type\":\"BreadcrumbList\",\"@id\":\"https:\\\/\\\/enjust.net\\\/uber-enjust\\\/#breadcrumb\",\"itemListElement\":[{\"@type\":\"ListItem\",\"position\":1,\"name\":\"Startseite\",\"item\":\"https:\\\/\\\/enjust.net\\\/\"},{\"@type\":\"ListItem\",\"position\":2,\"name\":\"About EnJust\"}]},{\"@type\":\"WebSite\",\"@id\":\"https:\\\/\\\/enjust.net\\\/de\\\/#website\",\"url\":\"https:\\\/\\\/enjust.net\\\/de\\\/\",\"name\":\"\",\"description\":\"         \",\"potentialAction\":[{\"@type\":\"SearchAction\",\"target\":{\"@type\":\"EntryPoint\",\"urlTemplate\":\"https:\\\/\\\/enjust.net\\\/de\\\/?s={search_term_string}\"},\"query-input\":{\"@type\":\"PropertyValueSpecification\",\"valueRequired\":true,\"valueName\":\"search_term_string\"}}],\"inLanguage\":\"de\"}]}<\/script>\n<!-- \/ Yoast SEO plugin. -->","yoast_head_json":{"title":"\u00dcber EnJust -","robots":{"index":"index","follow":"follow","max-snippet":"max-snippet:-1","max-image-preview":"max-image-preview:large","max-video-preview":"max-video-preview:-1"},"canonical":"https:\/\/enjust.net\/uber-enjust\/","og_locale":"de_DE","og_type":"article","og_title":"\u00dcber EnJust -","og_url":"https:\/\/enjust.net\/uber-enjust\/","article_modified_time":"2025-01-14T11:00:32+00:00","og_image":[{"width":1024,"height":379,"url":"https:\/\/enjust.net\/wp-content\/uploads\/2020\/06\/tim-gouw-209217-unsplash-1-1024x683-schmaler.jpg","type":"image\/jpeg"}],"twitter_card":"summary_large_image","twitter_misc":{"Gesch\u00e4tzte Lesezeit":"3\u00a0Minuten"},"schema":{"@context":"https:\/\/schema.org","@graph":[{"@type":"WebPage","@id":"https:\/\/enjust.net\/uber-enjust\/","url":"https:\/\/enjust.net\/uber-enjust\/","name":"\u00dcber EnJust -","isPartOf":{"@id":"https:\/\/enjust.net\/de\/#website"},"primaryImageOfPage":{"@id":"https:\/\/enjust.net\/uber-enjust\/#primaryimage"},"image":{"@id":"https:\/\/enjust.net\/uber-enjust\/#primaryimage"},"thumbnailUrl":"https:\/\/enjust.net\/wp-content\/uploads\/2020\/06\/tim-gouw-209217-unsplash-1-1024x683-schmaler.jpg","datePublished":"2020-06-04T16:52:57+00:00","dateModified":"2025-01-14T11:00:32+00:00","breadcrumb":{"@id":"https:\/\/enjust.net\/uber-enjust\/#breadcrumb"},"inLanguage":"de","potentialAction":[{"@type":"ReadAction","target":["https:\/\/enjust.net\/uber-enjust\/"]}]},{"@type":"ImageObject","inLanguage":"de","@id":"https:\/\/enjust.net\/uber-enjust\/#primaryimage","url":"https:\/\/enjust.net\/wp-content\/uploads\/2020\/06\/tim-gouw-209217-unsplash-1-1024x683-schmaler.jpg","contentUrl":"https:\/\/enjust.net\/wp-content\/uploads\/2020\/06\/tim-gouw-209217-unsplash-1-1024x683-schmaler.jpg","width":1024,"height":379},{"@type":"BreadcrumbList","@id":"https:\/\/enjust.net\/uber-enjust\/#breadcrumb","itemListElement":[{"@type":"ListItem","position":1,"name":"Startseite","item":"https:\/\/enjust.net\/"},{"@type":"ListItem","position":2,"name":"About EnJust"}]},{"@type":"WebSite","@id":"https:\/\/enjust.net\/de\/#website","url":"https:\/\/enjust.net\/de\/","name":"","description":"         ","potentialAction":[{"@type":"SearchAction","target":{"@type":"EntryPoint","urlTemplate":"https:\/\/enjust.net\/de\/?s={search_term_string}"},"query-input":{"@type":"PropertyValueSpecification","valueRequired":true,"valueName":"search_term_string"}}],"inLanguage":"de"}]}},"_links":{"self":[{"href":"https:\/\/enjust.net\/de\/wp-json\/wp\/v2\/pages\/19","targetHints":{"allow":["GET"]}}],"collection":[{"href":"https:\/\/enjust.net\/de\/wp-json\/wp\/v2\/pages"}],"about":[{"href":"https:\/\/enjust.net\/de\/wp-json\/wp\/v2\/types\/page"}],"author":[{"embeddable":true,"href":"https:\/\/enjust.net\/de\/wp-json\/wp\/v2\/users\/1"}],"replies":[{"embeddable":true,"href":"https:\/\/enjust.net\/de\/wp-json\/wp\/v2\/comments?post=19"}],"version-history":[{"count":34,"href":"https:\/\/enjust.net\/de\/wp-json\/wp\/v2\/pages\/19\/revisions"}],"predecessor-version":[{"id":3674,"href":"https:\/\/enjust.net\/de\/wp-json\/wp\/v2\/pages\/19\/revisions\/3674"}],"wp:featuredmedia":[{"embeddable":true,"href":"https:\/\/enjust.net\/de\/wp-json\/wp\/v2\/media\/107"}],"wp:attachment":[{"href":"https:\/\/enjust.net\/de\/wp-json\/wp\/v2\/media?parent=19"}],"curies":[{"name":"wp","href":"https:\/\/api.w.org\/{rel}","templated":true}]}}