{"id":226,"date":"2020-06-05T14:36:50","date_gmt":"2020-06-05T14:36:50","guid":{"rendered":"http:\/\/enjust.net\/?page_id=226"},"modified":"2025-10-01T14:00:10","modified_gmt":"2025-10-01T14:00:10","slug":"ressourcen","status":"publish","type":"page","link":"https:\/\/enjust.net\/de\/ressourcen\/","title":{"rendered":"Claudia Horn"},"content":{"rendered":"<\/p>\n\n\n<p class=\"has-medium-font-size\"><strong>Klimahilfe mit Nebenwirkungen<\/strong><\/p>\n\n\n\n<p class=\"has-medium-font-size\"><strong>Kooperation und Konflikt im Namen des Amazonas-Schutzes.Globale Klimafinanzierung in Brasilien: Zwischen Klimaschutz und Greenwashing<\/strong><\/p>\n\n\n\n<p>Klimafinanzierung gilt als zentrales Instrument f\u00fcr eine gerechte \u00f6kologische Transformation. Doch was, wenn die Milliardenhilfen f\u00fcr den Globalen S\u00fcden neue Ungleichheiten schaffen und koloniale Naturausbeutung unter gr\u00fcnem Vorzeichen fortschreiben?<br>Am Beispiel Brasiliens zeigt Claudia Horn, wie internationale staatliche Gelder f\u00fcr den Amazonas-Schutz &#8211; etwa aus Deutschland, Norwegen und Gro\u00dfbritannien &#8211; wichtige Umweltma\u00dfnahmen unterst\u00fctzen. Gleichzeitig tragen sie jedoch dazu bei, die sozio\u00f6kologischen Risiken von Rohstoffhandel und Agrarwirtschaft zu normalisieren und traditionelle&nbsp;Nutzungsrechte infrage zu stellen. Umstrittene Projekte, die den finanziellen Wert der Natur an erste Stelle setzen, beeinflussen lokale territoriale Konflikte &#8211; mit weitreichenden sozialen Folgen.<br>Ein scharfsinniger Blick auf die politischen sowie wirtschaftlichen Mechanismen und Widerspr\u00fcche der Klimafinanzierung und die zentrale Frage, unter welchen Bedingungen sie wirklich zu mehr Klimagerechtigkeit f\u00fchren kann.<\/p>\n\n\n\n<p><a href=\"https:\/\/www.oekom.de\/buch\/klimahilfe-mit-nebenwirkungen-9783987261848\">Link zum Buch<\/a><\/p>\n\n\n\n<div data-wp-interactive=\"core\/file\" class=\"wp-block-file\"><object data-wp-bind--hidden=\"!state.hasPdfPreview\" hidden class=\"wp-block-file__embed\" data=\"https:\/\/enjust.net\/wp-content\/uploads\/2025\/10\/pressemappe-1.pdf\" type=\"application\/pdf\" style=\"width:100%;height:600px\" aria-label=\"Einbettung von pressemappe.\"><\/object><a id=\"wp-block-file--media-445a1c09-95c6-497c-968a-3aced6099975\" href=\"https:\/\/enjust.net\/wp-content\/uploads\/2025\/10\/pressemappe-1.pdf\">pressemappe<\/a><a href=\"https:\/\/enjust.net\/wp-content\/uploads\/2025\/10\/pressemappe-1.pdf\" class=\"wp-block-file__button wp-element-button\" download aria-describedby=\"wp-block-file--media-445a1c09-95c6-497c-968a-3aced6099975\">Download<\/a><\/div>\n\n\n<p>","protected":false},"excerpt":{"rendered":"<p>Here you find a collection of various contents related to environmental justice International workshop \u201cNarratives and Practices of Environmental Justice\u201d Kiel 06.-08. June 2019 Mehr als 60 Wissenschaftler*innen aus 14 L\u00e4ndern trafen sich vom 6. bis zum 8. Juni an der Kieler Universit\u00e4t zum Workshop \u201eNarratives and Practices of Environmental Justice\u201c, um sich zu Themen und Fragen der Umweltgerechtigkeit miteinander auszutauschen. Ein kleiner und wohlhabender Teil der Weltbev\u00f6lkerung beansprucht einen immer gr\u00f6\u00dferen Anteil der Ressourcen auf der Erde und verschmutzt und zerst\u00f6rt gleichzeitig wertvolle Lebensr\u00e4ume an Land und in den Weltmeeren. Betroffen sind oft diejenigen Gruppen, die am wenigsten f\u00fcr&#8230; <\/p>\n","protected":false},"author":2,"featured_media":0,"parent":0,"menu_order":0,"comment_status":"closed","ping_status":"closed","template":"blog-post-right-sidebar.php","meta":{"footnotes":""},"class_list":["post-226","page","type-page","status-publish","hentry"],"translation":{"provider":"WPGlobus","version":"3.0.2","language":"de","enabled_languages":["en","de","es"],"languages":{"en":{"title":true,"content":true,"excerpt":false},"de":{"title":true,"content":true,"excerpt":false},"es":{"title":false,"content":false,"excerpt":false}}},"yoast_head":"<!-- This site is optimized with the Yoast SEO plugin v27.5 - https:\/\/yoast.com\/product\/yoast-seo-wordpress\/ -->\n<title>Claudia Horn -<\/title>\n<meta name=\"robots\" content=\"index, follow, max-snippet:-1, max-image-preview:large, max-video-preview:-1\" \/>\n<link rel=\"canonical\" href=\"https:\/\/enjust.net\/ressourcen\/\" \/>\n<link rel=\"next\" href=\"https:\/\/enjust.net\/ressourcen\/2\/\" \/>\n<meta property=\"og:locale\" content=\"de_DE\" \/>\n<meta property=\"og:type\" content=\"article\" \/>\n<meta property=\"og:title\" content=\"Claudia Horn -\" \/>\n<meta property=\"og:url\" content=\"https:\/\/enjust.net\/ressourcen\/\" \/>\n<meta property=\"article:modified_time\" content=\"2025-10-01T14:00:10+00:00\" \/>\n<meta property=\"og:image\" content=\"https:\/\/enjust.net\/wp-content\/uploads\/2020\/06\/MG_0297-2-1024x683-2.jpg\" \/>\n\t<meta property=\"og:image:width\" content=\"1024\" \/>\n\t<meta property=\"og:image:height\" content=\"683\" \/>\n\t<meta property=\"og:image:type\" content=\"image\/jpeg\" \/>\n<meta name=\"twitter:card\" content=\"summary_large_image\" \/>\n<meta name=\"twitter:label1\" content=\"Gesch\u00e4tzte Lesezeit\" \/>\n\t<meta name=\"twitter:data1\" content=\"27\u00a0Minuten\" \/>\n<script type=\"application\/ld+json\" class=\"yoast-schema-graph\">{\"@context\":\"https:\\\/\\\/schema.org\",\"@graph\":[{\"@type\":\"WebPage\",\"@id\":\"https:\\\/\\\/enjust.net\\\/ressourcen\\\/\",\"url\":\"https:\\\/\\\/enjust.net\\\/ressourcen\\\/\",\"name\":\"Claudia Horn -\",\"isPartOf\":{\"@id\":\"https:\\\/\\\/enjust.net\\\/de\\\/#website\"},\"primaryImageOfPage\":{\"@id\":\"https:\\\/\\\/enjust.net\\\/ressourcen\\\/#primaryimage\"},\"image\":{\"@id\":\"https:\\\/\\\/enjust.net\\\/ressourcen\\\/#primaryimage\"},\"thumbnailUrl\":\"https:\\\/\\\/enjust.net\\\/wp-content\\\/uploads\\\/2020\\\/06\\\/MG_0297-2-1024x683-2.jpg\",\"datePublished\":\"2020-06-05T14:36:50+00:00\",\"dateModified\":\"2025-10-01T14:00:10+00:00\",\"inLanguage\":\"de\",\"potentialAction\":[{\"@type\":\"ReadAction\",\"target\":[\"https:\\\/\\\/enjust.net\\\/ressourcen\\\/\"]}]},{\"@type\":\"ImageObject\",\"inLanguage\":\"de\",\"@id\":\"https:\\\/\\\/enjust.net\\\/ressourcen\\\/#primaryimage\",\"url\":\"https:\\\/\\\/enjust.net\\\/wp-content\\\/uploads\\\/2020\\\/06\\\/MG_0297-2-1024x683-2.jpg\",\"contentUrl\":\"https:\\\/\\\/enjust.net\\\/wp-content\\\/uploads\\\/2020\\\/06\\\/MG_0297-2-1024x683-2.jpg\"},{\"@type\":\"WebSite\",\"@id\":\"https:\\\/\\\/enjust.net\\\/de\\\/#website\",\"url\":\"https:\\\/\\\/enjust.net\\\/de\\\/\",\"name\":\"\",\"description\":\"         \",\"potentialAction\":[{\"@type\":\"SearchAction\",\"target\":{\"@type\":\"EntryPoint\",\"urlTemplate\":\"https:\\\/\\\/enjust.net\\\/de\\\/?s={search_term_string}\"},\"query-input\":{\"@type\":\"PropertyValueSpecification\",\"valueRequired\":true,\"valueName\":\"search_term_string\"}}],\"inLanguage\":\"de\"}]}<\/script>\n<!-- \/ Yoast SEO plugin. -->","yoast_head_json":{"title":"Claudia Horn -","robots":{"index":"index","follow":"follow","max-snippet":"max-snippet:-1","max-image-preview":"max-image-preview:large","max-video-preview":"max-video-preview:-1"},"canonical":"https:\/\/enjust.net\/ressourcen\/","next":"https:\/\/enjust.net\/ressourcen\/2\/","og_locale":"de_DE","og_type":"article","og_title":"Claudia Horn -","og_url":"https:\/\/enjust.net\/ressourcen\/","article_modified_time":"2025-10-01T14:00:10+00:00","og_image":[{"width":1024,"height":683,"url":"https:\/\/enjust.net\/wp-content\/uploads\/2020\/06\/MG_0297-2-1024x683-2.jpg","type":"image\/jpeg"}],"twitter_card":"summary_large_image","twitter_misc":{"Gesch\u00e4tzte Lesezeit":"27\u00a0Minuten"},"schema":{"@context":"https:\/\/schema.org","@graph":[{"@type":"WebPage","@id":"https:\/\/enjust.net\/ressourcen\/","url":"https:\/\/enjust.net\/ressourcen\/","name":"Claudia Horn -","isPartOf":{"@id":"https:\/\/enjust.net\/de\/#website"},"primaryImageOfPage":{"@id":"https:\/\/enjust.net\/ressourcen\/#primaryimage"},"image":{"@id":"https:\/\/enjust.net\/ressourcen\/#primaryimage"},"thumbnailUrl":"https:\/\/enjust.net\/wp-content\/uploads\/2020\/06\/MG_0297-2-1024x683-2.jpg","datePublished":"2020-06-05T14:36:50+00:00","dateModified":"2025-10-01T14:00:10+00:00","inLanguage":"de","potentialAction":[{"@type":"ReadAction","target":["https:\/\/enjust.net\/ressourcen\/"]}]},{"@type":"ImageObject","inLanguage":"de","@id":"https:\/\/enjust.net\/ressourcen\/#primaryimage","url":"https:\/\/enjust.net\/wp-content\/uploads\/2020\/06\/MG_0297-2-1024x683-2.jpg","contentUrl":"https:\/\/enjust.net\/wp-content\/uploads\/2020\/06\/MG_0297-2-1024x683-2.jpg"},{"@type":"WebSite","@id":"https:\/\/enjust.net\/de\/#website","url":"https:\/\/enjust.net\/de\/","name":"","description":"         ","potentialAction":[{"@type":"SearchAction","target":{"@type":"EntryPoint","urlTemplate":"https:\/\/enjust.net\/de\/?s={search_term_string}"},"query-input":{"@type":"PropertyValueSpecification","valueRequired":true,"valueName":"search_term_string"}}],"inLanguage":"de"}]}},"_links":{"self":[{"href":"https:\/\/enjust.net\/de\/wp-json\/wp\/v2\/pages\/226","targetHints":{"allow":["GET"]}}],"collection":[{"href":"https:\/\/enjust.net\/de\/wp-json\/wp\/v2\/pages"}],"about":[{"href":"https:\/\/enjust.net\/de\/wp-json\/wp\/v2\/types\/page"}],"author":[{"embeddable":true,"href":"https:\/\/enjust.net\/de\/wp-json\/wp\/v2\/users\/2"}],"replies":[{"embeddable":true,"href":"https:\/\/enjust.net\/de\/wp-json\/wp\/v2\/comments?post=226"}],"version-history":[{"count":15,"href":"https:\/\/enjust.net\/de\/wp-json\/wp\/v2\/pages\/226\/revisions"}],"predecessor-version":[{"id":3358,"href":"https:\/\/enjust.net\/de\/wp-json\/wp\/v2\/pages\/226\/revisions\/3358"}],"wp:attachment":[{"href":"https:\/\/enjust.net\/de\/wp-json\/wp\/v2\/media?parent=226"}],"curies":[{"name":"wp","href":"https:\/\/api.w.org\/{rel}","templated":true}]}}