{"id":3196,"date":"2025-03-18T14:02:37","date_gmt":"2025-03-18T14:02:37","guid":{"rendered":"https:\/\/enjust.net\/?page_id=3196"},"modified":"2025-03-25T13:13:26","modified_gmt":"2025-03-25T13:13:26","slug":"blue-justice","status":"publish","type":"page","link":"https:\/\/enjust.net\/de\/blue-justice\/","title":{"rendered":"Blue Justice"},"content":{"rendered":"\n<p>Die Untergruppe \u201eBlaue Gerechtigkeit\u201c befasst sich mit den sozialen und \u00f6kologischen Ungerechtigkeiten, mit denen K\u00fcsten- und Meeresgemeinschaften konfrontiert sind, insbesondere in Bezug auf die Verwaltung, den Zugang und die Nachhaltigkeit dieser Gebiete. Die Gruppe m\u00f6chte Diskussionen \u00fcber Gleichberechtigung und Gerechtigkeit in der Meeresumwelt f\u00f6rdern und dabei die vorherrschenden Rahmenkonzepte in Frage stellen, die die Vielfalt und Komplexit\u00e4t der Beziehungen zwischen Mensch und Meer noch nicht ausreichend erfasst haben.<\/p>\n\n\n\n<p>Die Gruppe entwickelt und organisiert Formate, die einen sinnvollen Dialog und die Zusammenarbeit in diesem komplexen Forschungsbereich f\u00f6rdern. So entwickelte sie beispielsweise einen <a href=\"https:\/\/enjust.net\/introductory-course-marine-borders-conceptual-basis-and-regional-overview-from-21-to-24-october-2024\/\">Hybridkurs \u00fcber Meeresgrenzen<\/a>, der in San Crist\u00f3bal de las Casas, Chiapas, Mexiko, stattfand. Dieser Kurs bot eine eingehende Untersuchung der komplexen Dynamik von Meeresgrenzen und konzentrierte sich auf die politischen, sozialen und \u00f6kologischen Herausforderungen, die f\u00fcr lateinamerikanische K\u00fcstengebiete typisch sind. Unter der Leitung von Celia Ruiz de O\u00f1a Plaza (CIMSUR-UNAM) und V\u00edctor Vel\u00e1zquez Dur\u00e1n (ECOSUR-Tapachula) bot der Kurs den Teilnehmern eine Plattform zur kritischen Auseinandersetzung mit den Ungerechtigkeiten, die in verschiedenen maritimen Regionen auftreten.<\/p>\n\n\n\n<p>Dar\u00fcber hinaus organisiert die Untergruppe virtuelle Treffen, um die gemeinsame Forschungsplanung zu erleichtern, sowie eine <a href=\"https:\/\/www.umr-amure.fr\/recherche\/axe-b\/#webinar-blue-justice\">Reihe von Webinaren<\/a>, die sich mit kritischen Fragen der Blue Justice befassen. Panels wurden auch auf internationalen Konferenzen wie dem V. Lateinamerikanischen Kongress \u00fcber Umweltkonflikte in Brasilien (2024) und den Konferenzen des Enjust-Netzwerks in Mexiko (2023) und Hamburg (2024) abgehalten, um zu interdisziplin\u00e4ren Diskussionen beizutragen und kritische Perspektiven auf Gerechtigkeit in Meeresr\u00e4umen zu bieten.<\/p>\n","protected":false},"excerpt":{"rendered":"<p>Die Untergruppe \u201eBlaue Gerechtigkeit\u201c befasst sich mit den sozialen und \u00f6kologischen Ungerechtigkeiten, mit denen K\u00fcsten- und Meeresgemeinschaften konfrontiert sind, insbesondere in Bezug auf die Verwaltung, den Zugang und die Nachhaltigkeit dieser Gebiete. Die Gruppe m\u00f6chte Diskussionen \u00fcber Gleichberechtigung und Gerechtigkeit in der Meeresumwelt f\u00f6rdern und dabei die vorherrschenden Rahmenkonzepte in Frage stellen, die die Vielfalt und Komplexit\u00e4t der Beziehungen zwischen Mensch und Meer noch nicht ausreichend erfasst haben. Die Gruppe entwickelt und organisiert Formate, die einen sinnvollen Dialog und die Zusammenarbeit in diesem komplexen Forschungsbereich f\u00f6rdern. So entwickelte sie beispielsweise einen Hybridkurs \u00fcber Meeresgrenzen, der in San Crist\u00f3bal de las&#8230; <\/p>\n","protected":false},"author":10,"featured_media":3204,"parent":0,"menu_order":0,"comment_status":"closed","ping_status":"closed","template":"","meta":{"footnotes":""},"class_list":["post-3196","page","type-page","status-publish","has-post-thumbnail","hentry"],"translation":{"provider":"WPGlobus","version":"3.0.2","language":"de","enabled_languages":["en","de","es"],"languages":{"en":{"title":true,"content":true,"excerpt":false},"de":{"title":true,"content":true,"excerpt":false},"es":{"title":true,"content":true,"excerpt":false}}},"yoast_head":"<!-- This site is optimized with the Yoast SEO plugin v27.4 - https:\/\/yoast.com\/product\/yoast-seo-wordpress\/ -->\n<title>Blue Justice -<\/title>\n<meta name=\"robots\" content=\"index, follow, max-snippet:-1, max-image-preview:large, max-video-preview:-1\" \/>\n<link rel=\"canonical\" href=\"https:\/\/enjust.net\/blue-justice\/\" \/>\n<meta property=\"og:locale\" content=\"de_DE\" \/>\n<meta property=\"og:type\" content=\"article\" \/>\n<meta property=\"og:title\" content=\"Blue Justice -\" \/>\n<meta property=\"og:url\" content=\"https:\/\/enjust.net\/blue-justice\/\" \/>\n<meta property=\"article:modified_time\" content=\"2025-03-25T13:13:26+00:00\" \/>\n<meta property=\"og:image\" content=\"https:\/\/enjust.net\/wp-content\/uploads\/2025\/03\/EnJust-Konferenz_5-e1742306730987.jpg\" \/>\n\t<meta property=\"og:image:width\" content=\"900\" \/>\n\t<meta property=\"og:image:height\" content=\"280\" \/>\n\t<meta property=\"og:image:type\" content=\"image\/jpeg\" \/>\n<meta name=\"twitter:card\" content=\"summary_large_image\" \/>\n<meta name=\"twitter:label1\" content=\"Gesch\u00e4tzte Lesezeit\" \/>\n\t<meta name=\"twitter:data1\" content=\"2\u00a0Minuten\" \/>\n<script type=\"application\/ld+json\" class=\"yoast-schema-graph\">{\"@context\":\"https:\\\/\\\/schema.org\",\"@graph\":[{\"@type\":\"WebPage\",\"@id\":\"https:\\\/\\\/enjust.net\\\/blue-justice\\\/\",\"url\":\"https:\\\/\\\/enjust.net\\\/blue-justice\\\/\",\"name\":\"Blue Justice -\",\"isPartOf\":{\"@id\":\"https:\\\/\\\/enjust.net\\\/de\\\/#website\"},\"primaryImageOfPage\":{\"@id\":\"https:\\\/\\\/enjust.net\\\/blue-justice\\\/#primaryimage\"},\"image\":{\"@id\":\"https:\\\/\\\/enjust.net\\\/blue-justice\\\/#primaryimage\"},\"thumbnailUrl\":\"https:\\\/\\\/enjust.net\\\/wp-content\\\/uploads\\\/2025\\\/03\\\/EnJust-Konferenz_5-e1742306730987.jpg\",\"datePublished\":\"2025-03-18T14:02:37+00:00\",\"dateModified\":\"2025-03-25T13:13:26+00:00\",\"breadcrumb\":{\"@id\":\"https:\\\/\\\/enjust.net\\\/blue-justice\\\/#breadcrumb\"},\"inLanguage\":\"de\",\"potentialAction\":[{\"@type\":\"ReadAction\",\"target\":[\"https:\\\/\\\/enjust.net\\\/blue-justice\\\/\"]}]},{\"@type\":\"ImageObject\",\"inLanguage\":\"de\",\"@id\":\"https:\\\/\\\/enjust.net\\\/blue-justice\\\/#primaryimage\",\"url\":\"https:\\\/\\\/enjust.net\\\/wp-content\\\/uploads\\\/2025\\\/03\\\/EnJust-Konferenz_5-e1742306730987.jpg\",\"contentUrl\":\"https:\\\/\\\/enjust.net\\\/wp-content\\\/uploads\\\/2025\\\/03\\\/EnJust-Konferenz_5-e1742306730987.jpg\",\"width\":900,\"height\":280},{\"@type\":\"BreadcrumbList\",\"@id\":\"https:\\\/\\\/enjust.net\\\/blue-justice\\\/#breadcrumb\",\"itemListElement\":[{\"@type\":\"ListItem\",\"position\":1,\"name\":\"Startseite\",\"item\":\"https:\\\/\\\/enjust.net\\\/\"},{\"@type\":\"ListItem\",\"position\":2,\"name\":\"Blue Justice\"}]},{\"@type\":\"WebSite\",\"@id\":\"https:\\\/\\\/enjust.net\\\/de\\\/#website\",\"url\":\"https:\\\/\\\/enjust.net\\\/de\\\/\",\"name\":\"\",\"description\":\"         \",\"potentialAction\":[{\"@type\":\"SearchAction\",\"target\":{\"@type\":\"EntryPoint\",\"urlTemplate\":\"https:\\\/\\\/enjust.net\\\/de\\\/?s={search_term_string}\"},\"query-input\":{\"@type\":\"PropertyValueSpecification\",\"valueRequired\":true,\"valueName\":\"search_term_string\"}}],\"inLanguage\":\"de\"}]}<\/script>\n<!-- \/ Yoast SEO plugin. -->","yoast_head_json":{"title":"Blue Justice -","robots":{"index":"index","follow":"follow","max-snippet":"max-snippet:-1","max-image-preview":"max-image-preview:large","max-video-preview":"max-video-preview:-1"},"canonical":"https:\/\/enjust.net\/blue-justice\/","og_locale":"de_DE","og_type":"article","og_title":"Blue Justice -","og_url":"https:\/\/enjust.net\/blue-justice\/","article_modified_time":"2025-03-25T13:13:26+00:00","og_image":[{"width":900,"height":280,"url":"https:\/\/enjust.net\/wp-content\/uploads\/2025\/03\/EnJust-Konferenz_5-e1742306730987.jpg","type":"image\/jpeg"}],"twitter_card":"summary_large_image","twitter_misc":{"Gesch\u00e4tzte Lesezeit":"2\u00a0Minuten"},"schema":{"@context":"https:\/\/schema.org","@graph":[{"@type":"WebPage","@id":"https:\/\/enjust.net\/blue-justice\/","url":"https:\/\/enjust.net\/blue-justice\/","name":"Blue Justice -","isPartOf":{"@id":"https:\/\/enjust.net\/de\/#website"},"primaryImageOfPage":{"@id":"https:\/\/enjust.net\/blue-justice\/#primaryimage"},"image":{"@id":"https:\/\/enjust.net\/blue-justice\/#primaryimage"},"thumbnailUrl":"https:\/\/enjust.net\/wp-content\/uploads\/2025\/03\/EnJust-Konferenz_5-e1742306730987.jpg","datePublished":"2025-03-18T14:02:37+00:00","dateModified":"2025-03-25T13:13:26+00:00","breadcrumb":{"@id":"https:\/\/enjust.net\/blue-justice\/#breadcrumb"},"inLanguage":"de","potentialAction":[{"@type":"ReadAction","target":["https:\/\/enjust.net\/blue-justice\/"]}]},{"@type":"ImageObject","inLanguage":"de","@id":"https:\/\/enjust.net\/blue-justice\/#primaryimage","url":"https:\/\/enjust.net\/wp-content\/uploads\/2025\/03\/EnJust-Konferenz_5-e1742306730987.jpg","contentUrl":"https:\/\/enjust.net\/wp-content\/uploads\/2025\/03\/EnJust-Konferenz_5-e1742306730987.jpg","width":900,"height":280},{"@type":"BreadcrumbList","@id":"https:\/\/enjust.net\/blue-justice\/#breadcrumb","itemListElement":[{"@type":"ListItem","position":1,"name":"Startseite","item":"https:\/\/enjust.net\/"},{"@type":"ListItem","position":2,"name":"Blue Justice"}]},{"@type":"WebSite","@id":"https:\/\/enjust.net\/de\/#website","url":"https:\/\/enjust.net\/de\/","name":"","description":"         ","potentialAction":[{"@type":"SearchAction","target":{"@type":"EntryPoint","urlTemplate":"https:\/\/enjust.net\/de\/?s={search_term_string}"},"query-input":{"@type":"PropertyValueSpecification","valueRequired":true,"valueName":"search_term_string"}}],"inLanguage":"de"}]}},"_links":{"self":[{"href":"https:\/\/enjust.net\/de\/wp-json\/wp\/v2\/pages\/3196","targetHints":{"allow":["GET"]}}],"collection":[{"href":"https:\/\/enjust.net\/de\/wp-json\/wp\/v2\/pages"}],"about":[{"href":"https:\/\/enjust.net\/de\/wp-json\/wp\/v2\/types\/page"}],"author":[{"embeddable":true,"href":"https:\/\/enjust.net\/de\/wp-json\/wp\/v2\/users\/10"}],"replies":[{"embeddable":true,"href":"https:\/\/enjust.net\/de\/wp-json\/wp\/v2\/comments?post=3196"}],"version-history":[{"count":5,"href":"https:\/\/enjust.net\/de\/wp-json\/wp\/v2\/pages\/3196\/revisions"}],"predecessor-version":[{"id":3222,"href":"https:\/\/enjust.net\/de\/wp-json\/wp\/v2\/pages\/3196\/revisions\/3222"}],"wp:featuredmedia":[{"embeddable":true,"href":"https:\/\/enjust.net\/de\/wp-json\/wp\/v2\/media\/3204"}],"wp:attachment":[{"href":"https:\/\/enjust.net\/de\/wp-json\/wp\/v2\/media?parent=3196"}],"curies":[{"name":"wp","href":"https:\/\/api.w.org\/{rel}","templated":true}]}}