{"id":3516,"date":"2025-12-17T15:18:04","date_gmt":"2025-12-17T15:18:04","guid":{"rendered":"https:\/\/enjust.net\/?page_id=3516"},"modified":"2025-12-17T16:21:44","modified_gmt":"2025-12-17T16:21:44","slug":"conference-bonn-2025","status":"publish","type":"page","link":"https:\/\/enjust.net\/de\/conference-bonn-2025\/","title":{"rendered":"Konferenz Bonn 2025"},"content":{"rendered":"<div class=\"wp-block-image\">\n<figure class=\"aligncenter size-full is-resized\"><img loading=\"lazy\" decoding=\"async\" width=\"636\" height=\"94\" src=\"https:\/\/enjust.net\/wp-content\/uploads\/2025\/12\/grafik-1.png\" alt=\"\" class=\"wp-image-3542\" style=\"width:840px;height:auto\" srcset=\"https:\/\/enjust.net\/wp-content\/uploads\/2025\/12\/grafik-1.png 636w, https:\/\/enjust.net\/wp-content\/uploads\/2025\/12\/grafik-1-300x44.png 300w\" sizes=\"auto, (max-width: 636px) 100vw, 636px\" \/><\/figure>\n<\/div>\n\n\n<p class=\"has-text-align-center\"><strong>6. internationale EnJust-Konferenz \u2013 3. bis 5. Dezember 2025 in Bonn<\/strong><\/p>\n\n\n\n<p class=\"has-text-align-center\"><strong>\u201cOffsetting Justice? Environmental justice in the age of market and militarized conservation\u201d<\/strong><\/p>\n\n\n\n<p>Das EnJust Netzwerk wurde 2019 am Geographischen Institut der Christian-Albrechts-Universit\u00e4t zu Kiel von Silja Klepp, Jonas Hein und Florian D\u00fcnckmann gegr\u00fcndet. Ziel des Netzwerks ist es, f\u00fcr Fragen der Umweltgerechtigkeit zu sensibilisieren und die demokratische Beteiligung derjenigen, die von Umweltproblemen betroffen sind zu st\u00e4rken. Dar\u00fcber hinaus sollen Akteur:innen aus Wissenschaft, Planung und Zivilgesellschaft vernetzt, Kommunikationsr\u00e4ume ge\u00f6ffnet und gemeinsame Forschung initiiert werden. Mit rund 400 Mitgliedern aus 40 L\u00e4ndern verbindet das Netzwerk Menschen aus unterschiedlichen wissenschaftlichen Disziplinen (unter anderem Geographie, Politikwissenschaft, Biologie, Rechtswissenschaft, Philosophie, Wirtschaftswissenschaft) sowie aus k\u00fcnstlerischen und aktivistischen Bereichen.<\/p>\n\n\n\n<p>Die sechste internationale EnJust Konferenz fand vom 3. bis 5. Dezember 2025 am German Institute of Development and Sustainability (IDOS) in Bonn statt. Das Thema war \u201eOffsetting Justice? Environmental justice in the age of market and militarized conservation \u201c. \u00dcber 60 Wissenschaftler:innen, K\u00fcnstler:innen und Praktiker:innen aus Afrika, Europa, Asien sowie Nord- und S\u00fcdamerika nahmen teil. Die Konferenz bot Fachsitzungen, Vortr\u00e4ge, Gruppendiskussionen, k\u00fcnstlerische Auff\u00fchrungen und Ausstellungen.<\/p>\n\n\n\n<p>Der zentrale Fokus lag auf Gerechtigkeitsfragen im Kontext marktbasierter Naturschutzans\u00e4tze, insbesondere sogenannter Offsets wie freiwillige Kohlenstoffmarktprojekte oder Biodiversit\u00e4tsoffsets. Diese Ans\u00e4tze wurden anhand internationaler Fallstudien analysiert, beispielsweise aus Brasilien, Mexiko, Westafrika und Indonesien. Dabei zeigte sich, dass solche Projekte h\u00e4ufig bestehende Machtasymmetrien verst\u00e4rken und zu Konflikten um Landrechte, Ressourcen und Entscheidungsbefugnisse f\u00fchren k\u00f6nnen. Auch \u00f6kologische Unsicherheiten, wie die problematische Messbarkeit von Biodiversit\u00e4t und die Schwierigkeit, langfristige Effekte zu bewerten, wurden kritisch diskutiert.<\/p>\n\n\n\n<p>Diese Diskussion kn\u00fcpft an zentrale Konzepte der Umweltgerechtigkeit an, die die sozialen, \u00f6kologischen und politischen Folgen von Naturmarktorientierung kritisch hinterfragen. Dabei wurde diskutiert, inwiefern marktbasierte Instrumente soziale Ungleichheiten versch\u00e4rfen oder abmildern k\u00f6nnen.<\/p>\n\n\n\n<p>Ein weiterer Schwerpunkt war die kritische Auseinandersetzung mit militarisierten Formen des Naturschutzes. Forschungen aus Kolumbien, Ecuador und der Karibik zeigten, dass sicherheitsorientierte Ma\u00dfnahmen h\u00e4ufig zur Kriminalisierung von Kleinb\u00e4uer:innen, Fischer:innen oder indigenen Gruppen f\u00fchren. Traditionelle Nutzungsrechte und Lebensweisen werden dadurch erheblich eingeschr\u00e4nkt. Gleichzeitig wurden Beispiele kollektiver Selbstorganisation vorgestellt, die Alternativen zu solchen repressiven Schutzpolitiken aufzeigen.<\/p>\n\n\n\n<p>K\u00fcnstlerische Formate wie Performances, Installationen und kreative Erz\u00e4hlweisen erm\u00f6glichten es, Umweltgerechtigkeit erfahrbar zu machen und alternative, mehr-als-menschliche Gerechtigkeitskonzepte zu diskutieren. Diese Perspektiven erweitern die analytische Debatte um kreative und emotionale Zug\u00e4nge und machen soziale und \u00f6kologische Ungleichheiten sichtbar.<\/p>\n\n\n\n<p>Die Konferenzteilnehmenden entwickelten Thesen und Handlungsempfehlungen, um Natur- und Klimaschutz sozial gerechter zu gestalten. Dabei wurden landrechtsbasierter Naturschutz, die faire Umsetzung bestehender Umweltgesetze, die Beschr\u00e4nkung auf in-situ-Biodiversit\u00e4tsoffsets sowie die gezielte F\u00f6rderung indigener Gruppen und Kleinb\u00e4uer:innen als zentrale Ma\u00dfnahmen hervorgehoben. Partizipative Entscheidungsprozesse auf lokaler Ebene wurden als entscheidend f\u00fcr die Verbindung von Klimaschutz und sozialer Gerechtigkeit bewertet.<\/p>\n\n\n\n<p>Weitere Details findest Du in dem Book of Abstracts:<\/p>\n\n\n\n<div data-wp-interactive=\"core\/file\" class=\"wp-block-file\"><object data-wp-bind--hidden=\"!state.hasPdfPreview\" hidden class=\"wp-block-file__embed\" data=\"https:\/\/enjust.net\/wp-content\/uploads\/2025\/12\/Abstract-Book-Bonn-2025-1.pdf\" type=\"application\/pdf\" style=\"width:100%;height:600px\" aria-label=\"Einbettung von Abstract Book Bonn 2025.\"><\/object><a id=\"wp-block-file--media-2e23c169-1da1-4f7b-a39d-a133d8ff9440\" href=\"https:\/\/enjust.net\/wp-content\/uploads\/2025\/12\/Abstract-Book-Bonn-2025-1.pdf\">Abstract Book Bonn 2025<\/a><a href=\"https:\/\/enjust.net\/wp-content\/uploads\/2025\/12\/Abstract-Book-Bonn-2025-1.pdf\" class=\"wp-block-file__button wp-element-button\" download aria-describedby=\"wp-block-file--media-2e23c169-1da1-4f7b-a39d-a133d8ff9440\">Herunterladen<\/a><\/div>\n\n\n\n<p>Das war das Programm der Konferenz: <\/p>\n\n\n\n<div data-wp-interactive=\"core\/file\" class=\"wp-block-file\"><object data-wp-bind--hidden=\"!state.hasPdfPreview\" hidden class=\"wp-block-file__embed\" data=\"https:\/\/enjust.net\/wp-content\/uploads\/2025\/12\/Enjust_Konferenz_Programm_Final-1.pdf\" type=\"application\/pdf\" style=\"width:100%;height:600px\" aria-label=\"Einbettung von Enjust_Konferenz_Programm_Final.\"><\/object><a id=\"wp-block-file--media-488729b1-b7ec-4f18-9a9c-348cadd7160f\" href=\"https:\/\/enjust.net\/wp-content\/uploads\/2025\/12\/Enjust_Konferenz_Programm_Final-1.pdf\">Enjust_Konferenz_Programm_Final<\/a><a href=\"https:\/\/enjust.net\/wp-content\/uploads\/2025\/12\/Enjust_Konferenz_Programm_Final-1.pdf\" class=\"wp-block-file__button wp-element-button\" download aria-describedby=\"wp-block-file--media-488729b1-b7ec-4f18-9a9c-348cadd7160f\">Herunterladen<\/a><\/div>\n\n\n\n<p>Hier ein paar Bilder:<\/p>\n\n\n\n<figure class=\"wp-block-gallery has-nested-images columns-default is-cropped wp-block-gallery-1 is-layout-flex wp-block-gallery-is-layout-flex\">\n<figure class=\"wp-block-image size-large\"><img loading=\"lazy\" decoding=\"async\" width=\"768\" height=\"1024\" data-id=\"3547\" src=\"https:\/\/enjust.net\/wp-content\/uploads\/2025\/12\/1.EnJust_Networ_Session_2025-1-768x1024.jpg\" alt=\"\" class=\"wp-image-3547\" srcset=\"https:\/\/enjust.net\/wp-content\/uploads\/2025\/12\/1.EnJust_Networ_Session_2025-1-768x1024.jpg 768w, https:\/\/enjust.net\/wp-content\/uploads\/2025\/12\/1.EnJust_Networ_Session_2025-1-225x300.jpg 225w, https:\/\/enjust.net\/wp-content\/uploads\/2025\/12\/1.EnJust_Networ_Session_2025-1.jpg 900w\" sizes=\"auto, (max-width: 768px) 100vw, 768px\" \/><\/figure>\n\n\n\n<figure class=\"wp-block-image size-large\"><img loading=\"lazy\" decoding=\"async\" width=\"768\" height=\"1024\" data-id=\"3546\" src=\"https:\/\/enjust.net\/wp-content\/uploads\/2025\/12\/2.Grundungsmitglieder_Enjust-1-768x1024.jpg\" alt=\"\" class=\"wp-image-3546\" srcset=\"https:\/\/enjust.net\/wp-content\/uploads\/2025\/12\/2.Grundungsmitglieder_Enjust-1-768x1024.jpg 768w, https:\/\/enjust.net\/wp-content\/uploads\/2025\/12\/2.Grundungsmitglieder_Enjust-1-225x300.jpg 225w, https:\/\/enjust.net\/wp-content\/uploads\/2025\/12\/2.Grundungsmitglieder_Enjust-1.jpg 900w\" sizes=\"auto, (max-width: 768px) 100vw, 768px\" \/><\/figure>\n\n\n\n<figure class=\"wp-block-image size-large\"><img loading=\"lazy\" decoding=\"async\" width=\"1024\" height=\"768\" data-id=\"3545\" src=\"https:\/\/enjust.net\/wp-content\/uploads\/2025\/12\/3.EJ_Konferenzraum_2025-1-1024x768.jpg\" alt=\"\" class=\"wp-image-3545\" srcset=\"https:\/\/enjust.net\/wp-content\/uploads\/2025\/12\/3.EJ_Konferenzraum_2025-1-1024x768.jpg 1024w, https:\/\/enjust.net\/wp-content\/uploads\/2025\/12\/3.EJ_Konferenzraum_2025-1-300x225.jpg 300w, https:\/\/enjust.net\/wp-content\/uploads\/2025\/12\/3.EJ_Konferenzraum_2025-1-768x576.jpg 768w, https:\/\/enjust.net\/wp-content\/uploads\/2025\/12\/3.EJ_Konferenzraum_2025-1.jpg 1200w\" sizes=\"auto, (max-width: 1024px) 100vw, 1024px\" \/><\/figure>\n<\/figure>\n\n\n\n<p>Fotos von: Kim Nierobisch &amp; Paula Deppenbrock <\/p>\n\n\n\n<p><\/p>\n","protected":false},"excerpt":{"rendered":"<p>6. internationale EnJust-Konferenz \u2013 3. bis 5. Dezember 2025 in Bonn \u201cOffsetting Justice? Environmental justice in the age of market and militarized conservation\u201d Das EnJust Netzwerk wurde 2019 am Geographischen Institut der Christian-Albrechts-Universit\u00e4t zu Kiel von Silja Klepp, Jonas Hein und Florian D\u00fcnckmann gegr\u00fcndet. Ziel des Netzwerks ist es, f\u00fcr Fragen der Umweltgerechtigkeit zu sensibilisieren und die demokratische Beteiligung derjenigen, die von Umweltproblemen betroffen sind zu st\u00e4rken. Dar\u00fcber hinaus sollen Akteur:innen aus Wissenschaft, Planung und Zivilgesellschaft vernetzt, Kommunikationsr\u00e4ume ge\u00f6ffnet und gemeinsame Forschung initiiert werden. Mit rund 400 Mitgliedern aus 40 L\u00e4ndern verbindet das Netzwerk Menschen aus unterschiedlichen wissenschaftlichen Disziplinen (unter&#8230; <\/p>\n","protected":false},"author":11,"featured_media":0,"parent":0,"menu_order":0,"comment_status":"closed","ping_status":"closed","template":"","meta":{"footnotes":""},"class_list":["post-3516","page","type-page","status-publish","hentry"],"translation":{"provider":"WPGlobus","version":"3.0.2","language":"de","enabled_languages":["en","de","es"],"languages":{"en":{"title":true,"content":true,"excerpt":false},"de":{"title":true,"content":true,"excerpt":false},"es":{"title":true,"content":true,"excerpt":false}}},"yoast_head":"<!-- This site is optimized with the Yoast SEO plugin v27.4 - https:\/\/yoast.com\/product\/yoast-seo-wordpress\/ -->\n<title>Konferenz Bonn 2025 -<\/title>\n<meta name=\"robots\" content=\"index, follow, max-snippet:-1, max-image-preview:large, max-video-preview:-1\" \/>\n<link rel=\"canonical\" href=\"https:\/\/enjust.net\/conference-bonn-2025\/\" \/>\n<meta property=\"og:locale\" content=\"de_DE\" \/>\n<meta property=\"og:type\" content=\"article\" \/>\n<meta property=\"og:title\" content=\"Konferenz Bonn 2025 -\" \/>\n<meta property=\"og:url\" content=\"https:\/\/enjust.net\/conference-bonn-2025\/\" \/>\n<meta property=\"article:modified_time\" content=\"2025-12-17T16:21:44+00:00\" \/>\n<meta property=\"og:image\" content=\"https:\/\/enjust.net\/wp-content\/uploads\/2025\/12\/grafik.png\" \/>\n\t<meta property=\"og:image:width\" content=\"808\" \/>\n\t<meta property=\"og:image:height\" content=\"186\" \/>\n\t<meta property=\"og:image:type\" content=\"image\/png\" \/>\n<meta name=\"twitter:card\" content=\"summary_large_image\" \/>\n<meta name=\"twitter:label1\" content=\"Gesch\u00e4tzte Lesezeit\" \/>\n\t<meta name=\"twitter:data1\" content=\"4\u00a0Minuten\" \/>\n<script type=\"application\/ld+json\" class=\"yoast-schema-graph\">{\"@context\":\"https:\\\/\\\/schema.org\",\"@graph\":[{\"@type\":\"WebPage\",\"@id\":\"https:\\\/\\\/enjust.net\\\/conference-bonn-2025\\\/\",\"url\":\"https:\\\/\\\/enjust.net\\\/conference-bonn-2025\\\/\",\"name\":\"Konferenz Bonn 2025 -\",\"isPartOf\":{\"@id\":\"https:\\\/\\\/enjust.net\\\/de\\\/#website\"},\"primaryImageOfPage\":{\"@id\":\"https:\\\/\\\/enjust.net\\\/conference-bonn-2025\\\/#primaryimage\"},\"image\":{\"@id\":\"https:\\\/\\\/enjust.net\\\/conference-bonn-2025\\\/#primaryimage\"},\"thumbnailUrl\":\"https:\\\/\\\/enjust.net\\\/wp-content\\\/uploads\\\/2025\\\/12\\\/grafik.png\",\"datePublished\":\"2025-12-17T15:18:04+00:00\",\"dateModified\":\"2025-12-17T16:21:44+00:00\",\"breadcrumb\":{\"@id\":\"https:\\\/\\\/enjust.net\\\/conference-bonn-2025\\\/#breadcrumb\"},\"inLanguage\":\"de\",\"potentialAction\":[{\"@type\":\"ReadAction\",\"target\":[\"https:\\\/\\\/enjust.net\\\/conference-bonn-2025\\\/\"]}]},{\"@type\":\"ImageObject\",\"inLanguage\":\"de\",\"@id\":\"https:\\\/\\\/enjust.net\\\/conference-bonn-2025\\\/#primaryimage\",\"url\":\"https:\\\/\\\/enjust.net\\\/wp-content\\\/uploads\\\/2025\\\/12\\\/grafik.png\",\"contentUrl\":\"https:\\\/\\\/enjust.net\\\/wp-content\\\/uploads\\\/2025\\\/12\\\/grafik.png\"},{\"@type\":\"BreadcrumbList\",\"@id\":\"https:\\\/\\\/enjust.net\\\/conference-bonn-2025\\\/#breadcrumb\",\"itemListElement\":[{\"@type\":\"ListItem\",\"position\":1,\"name\":\"Startseite\",\"item\":\"https:\\\/\\\/enjust.net\\\/\"},{\"@type\":\"ListItem\",\"position\":2,\"name\":\"Conference Bonn 2025\"}]},{\"@type\":\"WebSite\",\"@id\":\"https:\\\/\\\/enjust.net\\\/de\\\/#website\",\"url\":\"https:\\\/\\\/enjust.net\\\/de\\\/\",\"name\":\"\",\"description\":\"         \",\"potentialAction\":[{\"@type\":\"SearchAction\",\"target\":{\"@type\":\"EntryPoint\",\"urlTemplate\":\"https:\\\/\\\/enjust.net\\\/de\\\/?s={search_term_string}\"},\"query-input\":{\"@type\":\"PropertyValueSpecification\",\"valueRequired\":true,\"valueName\":\"search_term_string\"}}],\"inLanguage\":\"de\"}]}<\/script>\n<!-- \/ Yoast SEO plugin. -->","yoast_head_json":{"title":"Konferenz Bonn 2025 -","robots":{"index":"index","follow":"follow","max-snippet":"max-snippet:-1","max-image-preview":"max-image-preview:large","max-video-preview":"max-video-preview:-1"},"canonical":"https:\/\/enjust.net\/conference-bonn-2025\/","og_locale":"de_DE","og_type":"article","og_title":"Konferenz Bonn 2025 -","og_url":"https:\/\/enjust.net\/conference-bonn-2025\/","article_modified_time":"2025-12-17T16:21:44+00:00","og_image":[{"width":808,"height":186,"url":"https:\/\/enjust.net\/wp-content\/uploads\/2025\/12\/grafik.png","type":"image\/png"}],"twitter_card":"summary_large_image","twitter_misc":{"Gesch\u00e4tzte Lesezeit":"4\u00a0Minuten"},"schema":{"@context":"https:\/\/schema.org","@graph":[{"@type":"WebPage","@id":"https:\/\/enjust.net\/conference-bonn-2025\/","url":"https:\/\/enjust.net\/conference-bonn-2025\/","name":"Konferenz Bonn 2025 -","isPartOf":{"@id":"https:\/\/enjust.net\/de\/#website"},"primaryImageOfPage":{"@id":"https:\/\/enjust.net\/conference-bonn-2025\/#primaryimage"},"image":{"@id":"https:\/\/enjust.net\/conference-bonn-2025\/#primaryimage"},"thumbnailUrl":"https:\/\/enjust.net\/wp-content\/uploads\/2025\/12\/grafik.png","datePublished":"2025-12-17T15:18:04+00:00","dateModified":"2025-12-17T16:21:44+00:00","breadcrumb":{"@id":"https:\/\/enjust.net\/conference-bonn-2025\/#breadcrumb"},"inLanguage":"de","potentialAction":[{"@type":"ReadAction","target":["https:\/\/enjust.net\/conference-bonn-2025\/"]}]},{"@type":"ImageObject","inLanguage":"de","@id":"https:\/\/enjust.net\/conference-bonn-2025\/#primaryimage","url":"https:\/\/enjust.net\/wp-content\/uploads\/2025\/12\/grafik.png","contentUrl":"https:\/\/enjust.net\/wp-content\/uploads\/2025\/12\/grafik.png"},{"@type":"BreadcrumbList","@id":"https:\/\/enjust.net\/conference-bonn-2025\/#breadcrumb","itemListElement":[{"@type":"ListItem","position":1,"name":"Startseite","item":"https:\/\/enjust.net\/"},{"@type":"ListItem","position":2,"name":"Conference Bonn 2025"}]},{"@type":"WebSite","@id":"https:\/\/enjust.net\/de\/#website","url":"https:\/\/enjust.net\/de\/","name":"","description":"         ","potentialAction":[{"@type":"SearchAction","target":{"@type":"EntryPoint","urlTemplate":"https:\/\/enjust.net\/de\/?s={search_term_string}"},"query-input":{"@type":"PropertyValueSpecification","valueRequired":true,"valueName":"search_term_string"}}],"inLanguage":"de"}]}},"_links":{"self":[{"href":"https:\/\/enjust.net\/de\/wp-json\/wp\/v2\/pages\/3516","targetHints":{"allow":["GET"]}}],"collection":[{"href":"https:\/\/enjust.net\/de\/wp-json\/wp\/v2\/pages"}],"about":[{"href":"https:\/\/enjust.net\/de\/wp-json\/wp\/v2\/types\/page"}],"author":[{"embeddable":true,"href":"https:\/\/enjust.net\/de\/wp-json\/wp\/v2\/users\/11"}],"replies":[{"embeddable":true,"href":"https:\/\/enjust.net\/de\/wp-json\/wp\/v2\/comments?post=3516"}],"version-history":[{"count":5,"href":"https:\/\/enjust.net\/de\/wp-json\/wp\/v2\/pages\/3516\/revisions"}],"predecessor-version":[{"id":3556,"href":"https:\/\/enjust.net\/de\/wp-json\/wp\/v2\/pages\/3516\/revisions\/3556"}],"wp:attachment":[{"href":"https:\/\/enjust.net\/de\/wp-json\/wp\/v2\/media?parent=3516"}],"curies":[{"name":"wp","href":"https:\/\/api.w.org\/{rel}","templated":true}]}}