{"id":1065,"date":"2022-06-14T13:23:17","date_gmt":"2022-06-14T13:23:17","guid":{"rendered":"https:\/\/enjust.net\/?page_id=1065"},"modified":"2025-01-21T09:18:20","modified_gmt":"2025-01-21T09:18:20","slug":"special-issues","status":"publish","type":"page","link":"https:\/\/enjust.net\/es\/special-issues\/","title":{"rendered":"Publicaciones especiales"},"content":{"rendered":"\n<figure class=\"wp-block-image size-large\"><img loading=\"lazy\" decoding=\"async\" width=\"1024\" height=\"387\" src=\"https:\/\/enjust.net\/wp-content\/uploads\/2023\/03\/Belo-Monte-e1679408887825-1024x387.jpg\" alt=\"\" class=\"wp-image-1603\" srcset=\"https:\/\/enjust.net\/wp-content\/uploads\/2023\/03\/Belo-Monte-e1679408887825-1024x387.jpg 1024w, https:\/\/enjust.net\/wp-content\/uploads\/2023\/03\/Belo-Monte-e1679408887825-300x113.jpg 300w, https:\/\/enjust.net\/wp-content\/uploads\/2023\/03\/Belo-Monte-e1679408887825-768x290.jpg 768w, https:\/\/enjust.net\/wp-content\/uploads\/2023\/03\/Belo-Monte-e1679408887825.jpg 1200w\" sizes=\"auto, (max-width: 1024px) 100vw, 1024px\" \/><\/figure>\n\n\n\n<p>Esta secci\u00f3n ofrece una visi\u00f3n general de los n\u00fameros especiales de acceso libre publicados por los miembros de EnJust..<\/p>\n\n\n\n<hr class=\"wp-block-separator has-alpha-channel-opacity\"\/>\n\n\n\n<p><strong>N\u00famero especial 2020:<\/strong><br><a href=\"https:\/\/www.die-erde.org\/index.php\/die-erde\/issue\/view\/45\" target=\"_blank\" rel=\"noreferrer noopener\">Narrativas y pr\u00e1cticas de justicia medioambientaental.<\/a>&nbsp;DIE ERDE \u2013 Revista de la Sociedad Geogr\u00e1fica de Berl\u00edn, 151(2-3).<\/p>\n\n\n\n<p>El primer n\u00famero especial <strong>\u201cNarrativas y pr\u00e1cticas de justicia ambiental\u201d<\/strong>&nbsp;recopila los resultados del primer taller Enjust de 2019. Incluye un conjunto diverso de contribuciones emp\u00edricas y conceptuales sobre justicia ambiental. Los art\u00edculos aportan nuevas ideas conceptuales (por ejemplo, participaci\u00f3n, justicia epist\u00e9mica, justicia socioecol\u00f3gica, el Marco de Inconmensurabilidades de la Justicia Ambiental) y proporcionan interesantes perspectivas sobre las luchas en curso por la justicia ambiental y sobre el papel que desempe\u00f1an las narrativas en dichas luchas. Desde el punto de vista emp\u00edrico, las contribuciones abarcan desde la resistencia contra las iniciativas hidroel\u00e9ctricas (Turqu\u00eda y Brasil), pasando por los movimientos contra el carb\u00f3n (Egipto) y la producci\u00f3n de bioetanol (Argentina), hasta la gesti\u00f3n espacial del riesgo de inundaciones (Austria y Pa\u00edses Bajos) y la movilidad urbana (M\u00e9xico).<\/p>\n\n\n\n<hr class=\"wp-block-separator has-alpha-channel-opacity\"\/>\n\n\n\n<p><strong>N\u00famero especial 2021:<\/strong><br><a href=\"https:\/\/gh.copernicus.org\/articles\/special_issue1054.html\">Justicia clim\u00e1tica y marina &#8211; Debates y perspectivas cr\u00edticas<\/a>. Helv\u00e9tica Geogr\u00e1fica 75\/76.<\/p>\n\n\n\n<p>El segundo n\u00famero especial <strong>\u201cClima y Justicia Marina &#8211; Debates y Perspectivas Cr\u00edticas\u201d<\/strong>&nbsp;muestra que las perspectivas de justicia ambiental son \u00fatiles para analizar los conflictos socioecol\u00f3gicos actuales. Los art\u00edculos profundizan en las narrativas clim\u00e1ticas y marinas, las reivindicaciones de conocimiento medioambiental, las ontolog\u00edas m\u00faltiples, la adaptaci\u00f3n al cambio clim\u00e1tico y la configuraci\u00f3n espacial y temporal de las luchas socioecol\u00f3gicas por la justicia clim\u00e1tica y marina. Adem\u00e1s, el n\u00famero retoma las l\u00edneas actuales de los estudios sobre justicia clim\u00e1tica y marina y explora v\u00edas para futuras investigaciones.<\/p>\n\n\n\n<hr class=\"wp-block-separator has-alpha-channel-opacity\"\/>\n\n\n\n<p><strong>N\u00famero especial 2024<\/strong>:<\/p>\n\n\n\n<p><a href=\"https:\/\/enjust.net\/wp-content\/uploads\/2024\/06\/21MAYO-PUBLICACIOoN-ENJUST.pdf\">Justicia ambiental en Am\u00e9rica Latina: entre violencias y resistencias<\/a><\/p>\n\n\n\n<p>El n\u00famero especial \u201c<strong>Justicia ambiental en Am\u00e9rica Latina: entre violencias y resistencias\u201d\u00a0<\/strong>recopila los resultados del cuarto Encuentro EnJust 2023. Esta publicaci\u00f3n pretende visibilizar un campo de problemas urgentes que enfrentan naciones y pueblos de M\u00e9xico, Am\u00e9rica Latina y el resto del mundo: las luchas por transformar el modelo pol\u00edtico-ecol\u00f3gico dominante de explotaci\u00f3n extractora, excluyente, patriarcal y ecocida. A trav\u00e9s de una amplia gama de temas y situaciones de justicia ambiental, crea una narrativa colectiva que revela tanto la violencia perpetrada contra las comunidades y sus entornos, como las formas de resistencia y esperanza que surgen en respuesta. Las contribuciones de esta obra se esfuerzan por captar de forma \u00e1gil y clara el cr\u00edtico estado de cosas actual, subrayando la relevancia de la organizaci\u00f3n comunitaria, la tenacidad ante la adversidad y la generaci\u00f3n de conocimiento colectivo como elementos cruciales para la deseada transformaci\u00f3n socioecol\u00f3gica.<\/p>\n\n\n\n<p>La versi\u00f3n en ingl\u00e9s: <a href=\"https:\/\/enjust.net\/wp-content\/uploads\/2025\/01\/Enjust_inLA_eng_noISBN.pdf\">Environmental Justice in Latin America: Violence and Resistance<\/a><\/p>\n","protected":false},"excerpt":{"rendered":"<p>Esta secci\u00f3n ofrece una visi\u00f3n general de los n\u00fameros especiales de acceso libre publicados por los miembros de EnJust.. N\u00famero especial 2020:Narrativas y pr\u00e1cticas de justicia medioambientaental.&nbsp;DIE ERDE \u2013 Revista de la Sociedad Geogr\u00e1fica de Berl\u00edn, 151(2-3). El primer n\u00famero especial \u201cNarrativas y pr\u00e1cticas de justicia ambiental\u201d&nbsp;recopila los resultados del primer taller Enjust de 2019. Incluye un conjunto diverso de contribuciones emp\u00edricas y conceptuales sobre justicia ambiental. Los art\u00edculos aportan nuevas ideas conceptuales (por ejemplo, participaci\u00f3n, justicia epist\u00e9mica, justicia socioecol\u00f3gica, el Marco de Inconmensurabilidades de la Justicia Ambiental) y proporcionan interesantes perspectivas sobre las luchas en curso por la justicia&#8230; <\/p>\n","protected":false},"author":5,"featured_media":0,"parent":0,"menu_order":0,"comment_status":"closed","ping_status":"closed","template":"","meta":{"footnotes":""},"class_list":["post-1065","page","type-page","status-publish","hentry"],"translation":{"provider":"WPGlobus","version":"3.0.2","language":"es","enabled_languages":["en","de","es"],"languages":{"en":{"title":true,"content":true,"excerpt":false},"de":{"title":true,"content":true,"excerpt":false},"es":{"title":true,"content":true,"excerpt":false}}},"yoast_head":"<!-- This site is optimized with the Yoast SEO plugin v27.4 - https:\/\/yoast.com\/product\/yoast-seo-wordpress\/ -->\n<title>Publicaciones especiales -<\/title>\n<meta name=\"robots\" content=\"index, follow, max-snippet:-1, max-image-preview:large, max-video-preview:-1\" \/>\n<link rel=\"canonical\" href=\"https:\/\/enjust.net\/special-issues\/\" \/>\n<meta property=\"og:locale\" content=\"es_ES\" \/>\n<meta property=\"og:type\" content=\"article\" \/>\n<meta property=\"og:title\" content=\"Publicaciones especiales -\" \/>\n<meta property=\"og:url\" content=\"https:\/\/enjust.net\/special-issues\/\" \/>\n<meta property=\"article:modified_time\" content=\"2025-01-21T09:18:20+00:00\" \/>\n<meta property=\"og:image\" content=\"https:\/\/enjust.net\/wp-content\/uploads\/2023\/03\/Belo-Monte-e1679408887825.jpg\" \/>\n\t<meta property=\"og:image:width\" content=\"1200\" \/>\n\t<meta property=\"og:image:height\" content=\"453\" \/>\n\t<meta property=\"og:image:type\" content=\"image\/jpeg\" \/>\n<meta name=\"twitter:card\" content=\"summary_large_image\" \/>\n<meta name=\"twitter:label1\" content=\"Tiempo de lectura\" \/>\n\t<meta name=\"twitter:data1\" content=\"2 minutos\" \/>\n<script type=\"application\/ld+json\" class=\"yoast-schema-graph\">{\"@context\":\"https:\\\/\\\/schema.org\",\"@graph\":[{\"@type\":\"WebPage\",\"@id\":\"https:\\\/\\\/enjust.net\\\/special-issues\\\/\",\"url\":\"https:\\\/\\\/enjust.net\\\/special-issues\\\/\",\"name\":\"Publicaciones especiales -\",\"isPartOf\":{\"@id\":\"https:\\\/\\\/enjust.net\\\/de\\\/#website\"},\"primaryImageOfPage\":{\"@id\":\"https:\\\/\\\/enjust.net\\\/special-issues\\\/#primaryimage\"},\"image\":{\"@id\":\"https:\\\/\\\/enjust.net\\\/special-issues\\\/#primaryimage\"},\"thumbnailUrl\":\"https:\\\/\\\/enjust.net\\\/wp-content\\\/uploads\\\/2023\\\/03\\\/Belo-Monte-e1679408887825-1024x387.jpg\",\"datePublished\":\"2022-06-14T13:23:17+00:00\",\"dateModified\":\"2025-01-21T09:18:20+00:00\",\"breadcrumb\":{\"@id\":\"https:\\\/\\\/enjust.net\\\/special-issues\\\/#breadcrumb\"},\"inLanguage\":\"es\",\"potentialAction\":[{\"@type\":\"ReadAction\",\"target\":[\"https:\\\/\\\/enjust.net\\\/special-issues\\\/\"]}]},{\"@type\":\"ImageObject\",\"inLanguage\":\"es\",\"@id\":\"https:\\\/\\\/enjust.net\\\/special-issues\\\/#primaryimage\",\"url\":\"https:\\\/\\\/enjust.net\\\/wp-content\\\/uploads\\\/2023\\\/03\\\/Belo-Monte-e1679408887825-1024x387.jpg\",\"contentUrl\":\"https:\\\/\\\/enjust.net\\\/wp-content\\\/uploads\\\/2023\\\/03\\\/Belo-Monte-e1679408887825-1024x387.jpg\"},{\"@type\":\"BreadcrumbList\",\"@id\":\"https:\\\/\\\/enjust.net\\\/special-issues\\\/#breadcrumb\",\"itemListElement\":[{\"@type\":\"ListItem\",\"position\":1,\"name\":\"Startseite\",\"item\":\"https:\\\/\\\/enjust.net\\\/\"},{\"@type\":\"ListItem\",\"position\":2,\"name\":\"Special Issues\"}]},{\"@type\":\"WebSite\",\"@id\":\"https:\\\/\\\/enjust.net\\\/de\\\/#website\",\"url\":\"https:\\\/\\\/enjust.net\\\/de\\\/\",\"name\":\"\",\"description\":\"\",\"potentialAction\":[{\"@type\":\"SearchAction\",\"target\":{\"@type\":\"EntryPoint\",\"urlTemplate\":\"https:\\\/\\\/enjust.net\\\/de\\\/?s={search_term_string}\"},\"query-input\":{\"@type\":\"PropertyValueSpecification\",\"valueRequired\":true,\"valueName\":\"search_term_string\"}}],\"inLanguage\":\"es\"}]}<\/script>\n<!-- \/ Yoast SEO plugin. -->","yoast_head_json":{"title":"Publicaciones especiales -","robots":{"index":"index","follow":"follow","max-snippet":"max-snippet:-1","max-image-preview":"max-image-preview:large","max-video-preview":"max-video-preview:-1"},"canonical":"https:\/\/enjust.net\/special-issues\/","og_locale":"es_ES","og_type":"article","og_title":"Publicaciones especiales -","og_url":"https:\/\/enjust.net\/special-issues\/","article_modified_time":"2025-01-21T09:18:20+00:00","og_image":[{"width":1200,"height":453,"url":"https:\/\/enjust.net\/wp-content\/uploads\/2023\/03\/Belo-Monte-e1679408887825.jpg","type":"image\/jpeg"}],"twitter_card":"summary_large_image","twitter_misc":{"Tiempo de lectura":"2 minutos"},"schema":{"@context":"https:\/\/schema.org","@graph":[{"@type":"WebPage","@id":"https:\/\/enjust.net\/special-issues\/","url":"https:\/\/enjust.net\/special-issues\/","name":"Publicaciones especiales -","isPartOf":{"@id":"https:\/\/enjust.net\/de\/#website"},"primaryImageOfPage":{"@id":"https:\/\/enjust.net\/special-issues\/#primaryimage"},"image":{"@id":"https:\/\/enjust.net\/special-issues\/#primaryimage"},"thumbnailUrl":"https:\/\/enjust.net\/wp-content\/uploads\/2023\/03\/Belo-Monte-e1679408887825-1024x387.jpg","datePublished":"2022-06-14T13:23:17+00:00","dateModified":"2025-01-21T09:18:20+00:00","breadcrumb":{"@id":"https:\/\/enjust.net\/special-issues\/#breadcrumb"},"inLanguage":"es","potentialAction":[{"@type":"ReadAction","target":["https:\/\/enjust.net\/special-issues\/"]}]},{"@type":"ImageObject","inLanguage":"es","@id":"https:\/\/enjust.net\/special-issues\/#primaryimage","url":"https:\/\/enjust.net\/wp-content\/uploads\/2023\/03\/Belo-Monte-e1679408887825-1024x387.jpg","contentUrl":"https:\/\/enjust.net\/wp-content\/uploads\/2023\/03\/Belo-Monte-e1679408887825-1024x387.jpg"},{"@type":"BreadcrumbList","@id":"https:\/\/enjust.net\/special-issues\/#breadcrumb","itemListElement":[{"@type":"ListItem","position":1,"name":"Startseite","item":"https:\/\/enjust.net\/"},{"@type":"ListItem","position":2,"name":"Special Issues"}]},{"@type":"WebSite","@id":"https:\/\/enjust.net\/de\/#website","url":"https:\/\/enjust.net\/de\/","name":"","description":"","potentialAction":[{"@type":"SearchAction","target":{"@type":"EntryPoint","urlTemplate":"https:\/\/enjust.net\/de\/?s={search_term_string}"},"query-input":{"@type":"PropertyValueSpecification","valueRequired":true,"valueName":"search_term_string"}}],"inLanguage":"es"}]}},"_links":{"self":[{"href":"https:\/\/enjust.net\/es\/wp-json\/wp\/v2\/pages\/1065","targetHints":{"allow":["GET"]}}],"collection":[{"href":"https:\/\/enjust.net\/es\/wp-json\/wp\/v2\/pages"}],"about":[{"href":"https:\/\/enjust.net\/es\/wp-json\/wp\/v2\/types\/page"}],"author":[{"embeddable":true,"href":"https:\/\/enjust.net\/es\/wp-json\/wp\/v2\/users\/5"}],"replies":[{"embeddable":true,"href":"https:\/\/enjust.net\/es\/wp-json\/wp\/v2\/comments?post=1065"}],"version-history":[{"count":13,"href":"https:\/\/enjust.net\/es\/wp-json\/wp\/v2\/pages\/1065\/revisions"}],"predecessor-version":[{"id":2670,"href":"https:\/\/enjust.net\/es\/wp-json\/wp\/v2\/pages\/1065\/revisions\/2670"}],"wp:attachment":[{"href":"https:\/\/enjust.net\/es\/wp-json\/wp\/v2\/media?parent=1065"}],"curies":[{"name":"wp","href":"https:\/\/api.w.org\/{rel}","templated":true}]}}