{"id":1125,"date":"2021-09-29T14:37:56","date_gmt":"2021-09-29T14:37:56","guid":{"rendered":"https:\/\/enjust.net\/?page_id=1125"},"modified":"2025-12-17T15:00:36","modified_gmt":"2025-12-17T15:00:36","slug":"teaching-resources","status":"publish","type":"page","link":"https:\/\/enjust.net\/es\/ressourcen\/teaching-resources\/","title":{"rendered":"Recursos did\u00e1cticos"},"content":{"rendered":"\n<p>En esta secci\u00f3n encontrar\u00e1 diversos recursos centrados en la justicia medioambiental que pueden utilizarse para la ense\u00f1anza.<\/p>\n\n\n\n<ul class=\"wp-block-list\">\n<li><strong>Presentaci\u00f3n de EnJust: Introducci\u00f3n a la justicia medioambiental<\/strong><br>Hemos creado una peque\u00f1a introducci\u00f3n a la justicia ambiental, que puedes utilizar como gu\u00eda o herramienta para educar a otros sobre el tema. Si est\u00e1s interesado en las versiones en alem\u00e1n o PowerPoint, no dudes en ponerte en contacto con nosotros a trav\u00e9s de:<br>enjust[at]geographie.uni-kiel.de<br>Para descargar la presentaci\u00f3n en ingl\u00e9s, haga clic en el siguiente enlace:<\/li>\n<\/ul>\n\n\n\n<p><a href=\"https:\/\/enjust.net\/wp-content\/uploads\/2021\/09\/VL_Umweltgerechtigkeit_EnJust_ENG.pdf\">Presentation_Introduction_Environmental_Justice<\/a><\/p>\n\n\n\n<ul class=\"wp-block-list\">\n<li><strong>Atlas de Justicia Ambiental &#8211; Atlas Global de Justicia Ambiental<\/strong><br>El Atlas de la Justicia Ambiental presenta casos de justicia ambiental en todo el mundo. Ofrece una buena panor\u00e1mica de los conflictos actuales y pasados.<br><a href=\"https:\/\/ejatlas.org\/\">Enlace<\/a><\/li>\n\n\n\n<li><strong>C\u00f3mic sobre justicia medioambiental<\/strong><br>En el marco del ProyectoC\u00f3mic,<em> El lote de Mayah <\/em>es un c\u00f3mic escrito por Charlie La Greca y Rebecca Bratspiess del CUER (Centro para la Reforma Medioambiental Urbana). Tomando como ejemplo una historia de ficci\u00f3n, el libro presenta una exploraci\u00f3n art\u00edstica de los distintos niveles y problemas de la justicia ambiental, incluida la participaci\u00f3n de los responsables de la toma de decisiones.<br>M\u00e1s informaci\u00f3n sobre el proyecto&nbsp;<a href=\"https:\/\/cuer.law.cuny.edu\/?page_id=1272\">aqu\u00ed<\/a>.<\/li>\n\n\n\n<li><strong>Ministerio Federal de Educaci\u00f3n e Investigaci\u00f3n<\/strong><br>Diversos recursos did\u00e1cticos sobre distintos temas del desarrollo sostenible (por ejemplo, justicia clim\u00e1tica, equidad). Lamentablemente, el material est\u00e1 mayoritariamente en alem\u00e1n.<br>Acceda a la p\u00e1gina web <a href=\"https:\/\/www.bne-portal.de\/SiteGlobals\/Forms\/bne\/lernmaterialien\/suche_formular.html\">aqu\u00ed<\/a>.<\/li>\n\n\n\n<li><strong>Klimaretter Hamburg<\/strong><br>Material did\u00e1ctico sobre justicia clim\u00e1tica, cambio clim\u00e1tico y otros temas. Especialmente para profesores.<br>Acceda a la p\u00e1gina web <a href=\"https:\/\/klimaretter.hamburg\/materialien\/\">aqu\u00ed<\/a>.<\/li>\n<\/ul>\n\n\n\n<p><\/p>\n\n\n\n<div class=\"wp-block-group is-vertical is-layout-flex wp-container-core-group-is-layout-8cf370e7 wp-block-group-is-layout-flex\">\n<ul class=\"wp-block-list\">\n<li><strong>Justicia medioambiental: preguntas y respuestas<\/strong><\/li>\n<\/ul>\n\n\n\n<p>Material did\u00e1ctico accesible de la Agencia Estatal de Berl\u00edn para la Educaci\u00f3n C\u00edvica. Tomando Berl\u00edn como ejemplo, se explica de forma exhaustiva y con un lenguaje sencillo el concepto de justicia medioambiental, ilustrado con bonitas im\u00e1genes.<\/p>\n\n\n\n<p>El documento se puede consultar <a href=\"https:\/\/enjust.net\/wp-content\/uploads\/2025\/12\/LPB_Umweltgerechtigkeit-barrierefrei-5.pdf\">aqu\u00ed<\/a>.<\/p>\n<\/div>\n","protected":false},"excerpt":{"rendered":"<p>En esta secci\u00f3n encontrar\u00e1 diversos recursos centrados en la justicia medioambiental que pueden utilizarse para la ense\u00f1anza. Presentation_Introduction_Environmental_Justice Material did\u00e1ctico accesible de la Agencia Estatal de Berl\u00edn para la Educaci\u00f3n C\u00edvica. Tomando Berl\u00edn como ejemplo, se explica de forma exhaustiva y con un lenguaje sencillo el concepto de justicia medioambiental, ilustrado con bonitas im\u00e1genes. El documento se puede consultar aqu\u00ed.<\/p>\n","protected":false},"author":5,"featured_media":0,"parent":226,"menu_order":0,"comment_status":"closed","ping_status":"closed","template":"","meta":{"footnotes":""},"class_list":["post-1125","page","type-page","status-publish","hentry"],"translation":{"provider":"WPGlobus","version":"3.0.2","language":"es","enabled_languages":["en","de","es"],"languages":{"en":{"title":true,"content":true,"excerpt":false},"de":{"title":true,"content":true,"excerpt":false},"es":{"title":true,"content":true,"excerpt":false}}},"yoast_head":"<!-- This site is optimized with the Yoast SEO plugin v27.4 - https:\/\/yoast.com\/product\/yoast-seo-wordpress\/ -->\n<title>Recursos did\u00e1cticos -<\/title>\n<meta name=\"robots\" content=\"index, follow, max-snippet:-1, max-image-preview:large, max-video-preview:-1\" \/>\n<link rel=\"canonical\" href=\"https:\/\/enjust.net\/ressourcen\/teaching-resources\/\" \/>\n<meta property=\"og:locale\" content=\"es_ES\" \/>\n<meta property=\"og:type\" content=\"article\" \/>\n<meta property=\"og:title\" content=\"Recursos did\u00e1cticos -\" \/>\n<meta property=\"og:url\" content=\"https:\/\/enjust.net\/ressourcen\/teaching-resources\/\" \/>\n<meta property=\"article:modified_time\" content=\"2025-12-17T15:00:36+00:00\" \/>\n<meta name=\"twitter:card\" content=\"summary_large_image\" \/>\n<meta name=\"twitter:label1\" content=\"Tiempo de lectura\" \/>\n\t<meta name=\"twitter:data1\" content=\"2 minutos\" \/>\n<script type=\"application\/ld+json\" class=\"yoast-schema-graph\">{\"@context\":\"https:\\\/\\\/schema.org\",\"@graph\":[{\"@type\":\"WebPage\",\"@id\":\"https:\\\/\\\/enjust.net\\\/ressourcen\\\/teaching-resources\\\/\",\"url\":\"https:\\\/\\\/enjust.net\\\/ressourcen\\\/teaching-resources\\\/\",\"name\":\"Recursos did\u00e1cticos -\",\"isPartOf\":{\"@id\":\"https:\\\/\\\/enjust.net\\\/de\\\/#website\"},\"datePublished\":\"2021-09-29T14:37:56+00:00\",\"dateModified\":\"2025-12-17T15:00:36+00:00\",\"breadcrumb\":{\"@id\":\"https:\\\/\\\/enjust.net\\\/ressourcen\\\/teaching-resources\\\/#breadcrumb\"},\"inLanguage\":\"es\",\"potentialAction\":[{\"@type\":\"ReadAction\",\"target\":[\"https:\\\/\\\/enjust.net\\\/ressourcen\\\/teaching-resources\\\/\"]}]},{\"@type\":\"BreadcrumbList\",\"@id\":\"https:\\\/\\\/enjust.net\\\/ressourcen\\\/teaching-resources\\\/#breadcrumb\",\"itemListElement\":[{\"@type\":\"ListItem\",\"position\":1,\"name\":\"Startseite\",\"item\":\"https:\\\/\\\/enjust.net\\\/\"},{\"@type\":\"ListItem\",\"position\":2,\"name\":\"Resources\",\"item\":\"https:\\\/\\\/enjust.net\\\/ressourcen\\\/\"},{\"@type\":\"ListItem\",\"position\":3,\"name\":\"Learning Resources\"}]},{\"@type\":\"WebSite\",\"@id\":\"https:\\\/\\\/enjust.net\\\/de\\\/#website\",\"url\":\"https:\\\/\\\/enjust.net\\\/de\\\/\",\"name\":\"\",\"description\":\"\",\"potentialAction\":[{\"@type\":\"SearchAction\",\"target\":{\"@type\":\"EntryPoint\",\"urlTemplate\":\"https:\\\/\\\/enjust.net\\\/de\\\/?s={search_term_string}\"},\"query-input\":{\"@type\":\"PropertyValueSpecification\",\"valueRequired\":true,\"valueName\":\"search_term_string\"}}],\"inLanguage\":\"es\"}]}<\/script>\n<!-- \/ Yoast SEO plugin. -->","yoast_head_json":{"title":"Recursos did\u00e1cticos -","robots":{"index":"index","follow":"follow","max-snippet":"max-snippet:-1","max-image-preview":"max-image-preview:large","max-video-preview":"max-video-preview:-1"},"canonical":"https:\/\/enjust.net\/ressourcen\/teaching-resources\/","og_locale":"es_ES","og_type":"article","og_title":"Recursos did\u00e1cticos -","og_url":"https:\/\/enjust.net\/ressourcen\/teaching-resources\/","article_modified_time":"2025-12-17T15:00:36+00:00","twitter_card":"summary_large_image","twitter_misc":{"Tiempo de lectura":"2 minutos"},"schema":{"@context":"https:\/\/schema.org","@graph":[{"@type":"WebPage","@id":"https:\/\/enjust.net\/ressourcen\/teaching-resources\/","url":"https:\/\/enjust.net\/ressourcen\/teaching-resources\/","name":"Recursos did\u00e1cticos -","isPartOf":{"@id":"https:\/\/enjust.net\/de\/#website"},"datePublished":"2021-09-29T14:37:56+00:00","dateModified":"2025-12-17T15:00:36+00:00","breadcrumb":{"@id":"https:\/\/enjust.net\/ressourcen\/teaching-resources\/#breadcrumb"},"inLanguage":"es","potentialAction":[{"@type":"ReadAction","target":["https:\/\/enjust.net\/ressourcen\/teaching-resources\/"]}]},{"@type":"BreadcrumbList","@id":"https:\/\/enjust.net\/ressourcen\/teaching-resources\/#breadcrumb","itemListElement":[{"@type":"ListItem","position":1,"name":"Startseite","item":"https:\/\/enjust.net\/"},{"@type":"ListItem","position":2,"name":"Resources","item":"https:\/\/enjust.net\/ressourcen\/"},{"@type":"ListItem","position":3,"name":"Learning Resources"}]},{"@type":"WebSite","@id":"https:\/\/enjust.net\/de\/#website","url":"https:\/\/enjust.net\/de\/","name":"","description":"","potentialAction":[{"@type":"SearchAction","target":{"@type":"EntryPoint","urlTemplate":"https:\/\/enjust.net\/de\/?s={search_term_string}"},"query-input":{"@type":"PropertyValueSpecification","valueRequired":true,"valueName":"search_term_string"}}],"inLanguage":"es"}]}},"_links":{"self":[{"href":"https:\/\/enjust.net\/es\/wp-json\/wp\/v2\/pages\/1125","targetHints":{"allow":["GET"]}}],"collection":[{"href":"https:\/\/enjust.net\/es\/wp-json\/wp\/v2\/pages"}],"about":[{"href":"https:\/\/enjust.net\/es\/wp-json\/wp\/v2\/types\/page"}],"author":[{"embeddable":true,"href":"https:\/\/enjust.net\/es\/wp-json\/wp\/v2\/users\/5"}],"replies":[{"embeddable":true,"href":"https:\/\/enjust.net\/es\/wp-json\/wp\/v2\/comments?post=1125"}],"version-history":[{"count":28,"href":"https:\/\/enjust.net\/es\/wp-json\/wp\/v2\/pages\/1125\/revisions"}],"predecessor-version":[{"id":3513,"href":"https:\/\/enjust.net\/es\/wp-json\/wp\/v2\/pages\/1125\/revisions\/3513"}],"up":[{"embeddable":true,"href":"https:\/\/enjust.net\/es\/wp-json\/wp\/v2\/pages\/226"}],"wp:attachment":[{"href":"https:\/\/enjust.net\/es\/wp-json\/wp\/v2\/media?parent=1125"}],"curies":[{"name":"wp","href":"https:\/\/api.w.org\/{rel}","templated":true}]}}