{"id":1408,"date":"2022-11-02T18:11:22","date_gmt":"2022-11-02T18:11:22","guid":{"rendered":"https:\/\/enjust.net\/?page_id=1408"},"modified":"2025-01-28T10:30:22","modified_gmt":"2025-01-28T10:30:22","slug":"conference-mexico-2023","status":"publish","type":"page","link":"https:\/\/enjust.net\/es\/conference-mexico-2023\/","title":{"rendered":"Conferencia Mexico 2023"},"content":{"rendered":"\n<figure class=\"wp-block-image size-large\"><img loading=\"lazy\" decoding=\"async\" width=\"1024\" height=\"302\" src=\"https:\/\/enjust.net\/wp-content\/uploads\/2022\/11\/IMG_20190929_150436486-edited-e1671545415179-1024x302.jpg\" alt=\"\" class=\"wp-image-1418\" srcset=\"https:\/\/enjust.net\/wp-content\/uploads\/2022\/11\/IMG_20190929_150436486-edited-e1671545415179-1024x302.jpg 1024w, https:\/\/enjust.net\/wp-content\/uploads\/2022\/11\/IMG_20190929_150436486-edited-e1671545415179-300x89.jpg 300w, https:\/\/enjust.net\/wp-content\/uploads\/2022\/11\/IMG_20190929_150436486-edited-e1671545415179-768x227.jpg 768w, https:\/\/enjust.net\/wp-content\/uploads\/2022\/11\/IMG_20190929_150436486-edited-e1671545415179.jpg 1200w\" sizes=\"auto, (max-width: 1024px) 100vw, 1024px\" \/><\/figure>\n\n\n\n<h4 class=\"wp-block-heading has-text-align-center\">4th EnJust Network Meeting | San Crist\u00f3bal de las Casas, Mexico | 4-6 October, 2023<\/h4>\n\n\n\n<p class=\"has-text-align-center\"><strong>\u00abEnvironmental Justice and violence: <br>Resistances, articulations, and intersections\u00bb<\/strong><\/p>\n\n\n\n<p class=\"has-text-align-center\">San Crist\u00f3bal de las Casas, Mexico<br>4-6 October 2023<\/p>\n\n\n\n<p class=\"has-text-align-center\"><strong>Jointly organized by:<\/strong><br><em>CIESAS<\/em><br>(Center for Research and Advanced Studies in Social<br>Anthropology, Mexico)<br><em>CIMSUR-UNAM<\/em><br>(Centre for Multidisciplinary Research on Chiapas and the Southern<br>Border &#8211; National Autonomous University of Mexico)<br><em>FCPyS-UNAM<\/em><br>(Faculty of Political and Social Sciences &#8211; National Autonomous University of Mexico)<\/p>\n\n\n\n<figure class=\"wp-block-image size-full\"><img loading=\"lazy\" decoding=\"async\" width=\"726\" height=\"182\" src=\"https:\/\/enjust.net\/wp-content\/uploads\/2022\/11\/Unbenannt.png\" alt=\"\" class=\"wp-image-1409\" srcset=\"https:\/\/enjust.net\/wp-content\/uploads\/2022\/11\/Unbenannt.png 726w, https:\/\/enjust.net\/wp-content\/uploads\/2022\/11\/Unbenannt-300x75.png 300w\" sizes=\"auto, (max-width: 726px) 100vw, 726px\" \/><\/figure>\n\n\n\n<p>Workshop email: <span style=\"text-decoration: underline;\"><a href=\"Mailto:enjustmx@gmail.com\">enjustmx[at]gmail.com<\/a><\/span><\/p>\n\n\n\n<hr class=\"wp-block-separator has-alpha-channel-opacity\"\/>\n\n\n\n<p><\/p>\n\n\n\n<div data-wp-interactive=\"core\/file\" class=\"wp-block-file\"><object data-wp-bind--hidden=\"!state.hasPdfPreview\" hidden class=\"wp-block-file__embed\" data=\"https:\/\/enjust.net\/wp-content\/uploads\/2024\/05\/21_MAYO_PUBLICACION_ENJUST.pdf\" type=\"application\/pdf\" style=\"width:100%;height:600px\" aria-label=\"Incrustado de 21_MAYO_PUBLICACION_ENJUST.\"><\/object><a id=\"wp-block-file--media-8b56dcc0-ddc5-49b5-aa56-fd04970ce1d7\" href=\"https:\/\/enjust.net\/wp-content\/uploads\/2024\/05\/21_MAYO_PUBLICACION_ENJUST.pdf\">21_MAYO_PUBLICACION_ENJUST<\/a><a href=\"https:\/\/enjust.net\/wp-content\/uploads\/2024\/05\/21_MAYO_PUBLICACION_ENJUST.pdf\" class=\"wp-block-file__button wp-element-button\" download aria-describedby=\"wp-block-file--media-8b56dcc0-ddc5-49b5-aa56-fd04970ce1d7\">Download<\/a><\/div>\n\n\n\n<p><\/p>\n\n\n\n<hr class=\"wp-block-separator has-alpha-channel-opacity\"\/>\n\n\n\n<p><\/p>\n\n\n\n<div class=\"wp-block-columns is-layout-flex wp-container-core-columns-is-layout-9d6595d7 wp-block-columns-is-layout-flex\">\n<div class=\"wp-block-column is-layout-flow wp-block-column-is-layout-flow\">\n<figure class=\"wp-block-image size-large\"><img loading=\"lazy\" decoding=\"async\" width=\"1024\" height=\"768\" src=\"https:\/\/enjust.net\/wp-content\/uploads\/2024\/01\/EnJust_Konferenz_1-1024x768.jpg\" alt=\"\" class=\"wp-image-2129\" srcset=\"https:\/\/enjust.net\/wp-content\/uploads\/2024\/01\/EnJust_Konferenz_1-1024x768.jpg 1024w, https:\/\/enjust.net\/wp-content\/uploads\/2024\/01\/EnJust_Konferenz_1-300x225.jpg 300w, https:\/\/enjust.net\/wp-content\/uploads\/2024\/01\/EnJust_Konferenz_1-768x576.jpg 768w, https:\/\/enjust.net\/wp-content\/uploads\/2024\/01\/EnJust_Konferenz_1.jpg 1200w\" sizes=\"auto, (max-width: 1024px) 100vw, 1024px\" \/><\/figure>\n<\/div>\n\n\n\n<div class=\"wp-block-column is-layout-flow wp-block-column-is-layout-flow\">\n<figure class=\"wp-block-image size-full\"><img loading=\"lazy\" decoding=\"async\" width=\"1024\" height=\"768\" src=\"https:\/\/enjust.net\/wp-content\/uploads\/2024\/01\/EnJust_Konferenz_3.jpg\" alt=\"\" class=\"wp-image-2133\" srcset=\"https:\/\/enjust.net\/wp-content\/uploads\/2024\/01\/EnJust_Konferenz_3.jpg 1024w, https:\/\/enjust.net\/wp-content\/uploads\/2024\/01\/EnJust_Konferenz_3-300x225.jpg 300w, https:\/\/enjust.net\/wp-content\/uploads\/2024\/01\/EnJust_Konferenz_3-768x576.jpg 768w\" sizes=\"auto, (max-width: 1024px) 100vw, 1024px\" \/><\/figure>\n<\/div>\n<\/div>\n\n\n\n<div class=\"wp-block-columns is-layout-flex wp-container-core-columns-is-layout-9d6595d7 wp-block-columns-is-layout-flex\">\n<div class=\"wp-block-column is-layout-flow wp-block-column-is-layout-flow\">\n<figure class=\"wp-block-image size-large\"><img loading=\"lazy\" decoding=\"async\" width=\"1024\" height=\"768\" src=\"https:\/\/enjust.net\/wp-content\/uploads\/2024\/01\/EnJust_Konferenz_2-1024x768.jpg\" alt=\"\" class=\"wp-image-2132\" srcset=\"https:\/\/enjust.net\/wp-content\/uploads\/2024\/01\/EnJust_Konferenz_2-1024x768.jpg 1024w, https:\/\/enjust.net\/wp-content\/uploads\/2024\/01\/EnJust_Konferenz_2-300x225.jpg 300w, https:\/\/enjust.net\/wp-content\/uploads\/2024\/01\/EnJust_Konferenz_2-768x576.jpg 768w, https:\/\/enjust.net\/wp-content\/uploads\/2024\/01\/EnJust_Konferenz_2.jpg 1200w\" sizes=\"auto, (max-width: 1024px) 100vw, 1024px\" \/><\/figure>\n<\/div>\n\n\n\n<div class=\"wp-block-column is-layout-flow wp-block-column-is-layout-flow\">\n<figure class=\"wp-block-image size-large\"><img loading=\"lazy\" decoding=\"async\" width=\"1024\" height=\"768\" src=\"https:\/\/enjust.net\/wp-content\/uploads\/2024\/01\/EnJust_Konferenz_4-1024x768.jpg\" alt=\"\" class=\"wp-image-2134\" srcset=\"https:\/\/enjust.net\/wp-content\/uploads\/2024\/01\/EnJust_Konferenz_4-1024x768.jpg 1024w, https:\/\/enjust.net\/wp-content\/uploads\/2024\/01\/EnJust_Konferenz_4-300x225.jpg 300w, https:\/\/enjust.net\/wp-content\/uploads\/2024\/01\/EnJust_Konferenz_4-768x576.jpg 768w, https:\/\/enjust.net\/wp-content\/uploads\/2024\/01\/EnJust_Konferenz_4.jpg 1200w\" sizes=\"auto, (max-width: 1024px) 100vw, 1024px\" \/><\/figure>\n<\/div>\n<\/div>\n\n\n\n<p>@KimNierobisch<\/p>\n\n\n\n<p><\/p>\n\n\n\n<hr class=\"wp-block-separator has-alpha-channel-opacity\"\/>\n\n\n\n<div data-wp-interactive=\"core\/file\" class=\"wp-block-file\"><object data-wp-bind--hidden=\"!state.hasPdfPreview\" hidden class=\"wp-block-file__embed\" data=\"https:\/\/enjust.net\/wp-content\/uploads\/2024\/01\/Report-EnJust-Conference-Mexiko-2023.pdf\" type=\"application\/pdf\" style=\"width:100%;height:600px\" aria-label=\"Incrustado de Report EnJust Conference Mexiko 2023.\"><\/object><a id=\"wp-block-file--media-4f5cc9e9-099c-4907-b4fc-80f56077e2b5\" href=\"https:\/\/enjust.net\/wp-content\/uploads\/2024\/01\/Report-EnJust-Conference-Mexiko-2023.pdf\">Report EnJust Conference Mexiko 2023<\/a><a href=\"https:\/\/enjust.net\/wp-content\/uploads\/2024\/01\/Report-EnJust-Conference-Mexiko-2023.pdf\" class=\"wp-block-file__button wp-element-button\" download aria-describedby=\"wp-block-file--media-4f5cc9e9-099c-4907-b4fc-80f56077e2b5\">Download<\/a><\/div>\n\n\n\n<p><\/p>\n\n\n\n<hr class=\"wp-block-separator has-alpha-channel-opacity\"\/>\n\n\n\n<p><strong>Thematic focus<\/strong><br>The EnJust 2023 meeting will be <strong>a space for collective reflection on the violence faced by environmental justice movements<\/strong> in order to make visible, characterize and to understand its different modalities and origins. We seek to address the situation of administrative, political, and legal protections as part of structural violence. We want to think about resistance strategies at different scales, and collaborate for the <strong>strengthening and expansion of the networks that environmental justice movements have been weaving and for the defense of territory and life.<\/strong> This implies reflecting on the degree of incidence of environmental justice struggles in institutional, political, and legislative structures and their impact on society; the scope and potential of <strong>environmental justice discourses as an engine for the construction of social alternatives and imaginaries<\/strong>; and the emergence of novel and transnational ways of articulating environmental justice struggles in differentiated contexts. We will especially pay attention to the <strong>intersection between EJ and the rise of the most recalcitrant political right-wing <\/strong>and so-called populist regimes around the world. These regimes try to undermine innovative efforts towards a new style of social development and EJ movements; tend to delegitimize, restrict, or outright eliminate particular, locally bounded, traditional, or critical forms of knowledge; and to restrict or even eliminate fundamental human freedoms and human rights.<\/p>\n\n\n\n<p><strong>Workshop format<\/strong><br>The meeting will take place in person in San Cristobal de las Casas and will bring together around 35 participants, both members of the EnJust Network and interested professionals.<br>The format will include short communications in different formats and interactive discussions in an informal and collegial environment.<br>On this occasion we call for academic contributions on topics related, although not exclusively, to the various sources and forms of violence in the field of environmental justice, such as:<br>\u25cf Violence as legality\/illegality<br>\u25cf Symbolic violence, structural violence<br>\u25cf Extreme violence (extermination, disappearance, necro politics)<br>\u25cf Violence and resistance in urban environments<br>\u25cf Resistances, agencies, networks, strategies, responses: how to overcome violence,<br>strategies to build hope (art, methodologies), role of critical academia<br>\u25cf Climate change and environmental degradation as slow violence.<\/p>\n\n\n\n<hr class=\"wp-block-separator has-alpha-channel-opacity\"\/>\n\n\n\n<p><strong>Meeting structure<\/strong><\/p>\n\n\n\n<ul class=\"wp-block-list\">\n<li>Event closed to participants, with some selected activities open to the public and online transmission.<\/li>\n\n\n\n<li>Thematic sessions of max. 4-5 people with short presentations (15min), with a commentator moderator.<\/li>\n\n\n\n<li>Testimonial session with local and regional environmental activists.<\/li>\n<\/ul>\n\n\n\n<hr class=\"wp-block-separator has-alpha-channel-opacity\"\/>\n\n\n\n<p><strong>Access the PDF Version of the Call for Paper:<\/strong><\/p>\n\n\n\n<div class=\"wp-block-file\"><a id=\"wp-block-file--media-32c2521d-1215-4391-b9e7-2af5a96719e0\" href=\"https:\/\/enjust.net\/wp-content\/uploads\/2023\/02\/Convocatoria-EnJust-2023-Mex_4-6Oct_Sp_plazoext-3.pdf\">In Spanish<\/a><a href=\"https:\/\/enjust.net\/wp-content\/uploads\/2023\/02\/Convocatoria-EnJust-2023-Mex_4-6Oct_Sp_plazoext-3.pdf\" class=\"wp-block-file__button wp-element-button\" download aria-describedby=\"wp-block-file--media-32c2521d-1215-4391-b9e7-2af5a96719e0\">Download<\/a><\/div>\n\n\n\n<hr class=\"wp-block-separator has-alpha-channel-opacity\"\/>\n\n\n\n<p><strong>Programm of the public and online Sessions:<\/strong><\/p>\n\n\n\n<figure class=\"wp-block-image size-large\"><img loading=\"lazy\" decoding=\"async\" width=\"640\" height=\"1024\" src=\"https:\/\/enjust.net\/wp-content\/uploads\/2023\/08\/CIESAS-conferencia-POSTER-12x18-pulg-edited-640x1024.jpg\" alt=\"\" class=\"wp-image-2034\" srcset=\"https:\/\/enjust.net\/wp-content\/uploads\/2023\/08\/CIESAS-conferencia-POSTER-12x18-pulg-edited-640x1024.jpg 640w, https:\/\/enjust.net\/wp-content\/uploads\/2023\/08\/CIESAS-conferencia-POSTER-12x18-pulg-edited-188x300.jpg 188w, https:\/\/enjust.net\/wp-content\/uploads\/2023\/08\/CIESAS-conferencia-POSTER-12x18-pulg-edited.jpg 750w\" sizes=\"auto, (max-width: 640px) 100vw, 640px\" \/><\/figure>\n\n\n\n<figure class=\"wp-block-image size-large\"><img loading=\"lazy\" decoding=\"async\" width=\"719\" height=\"1024\" src=\"https:\/\/enjust.net\/wp-content\/uploads\/2023\/08\/CIESAS-conferencia-POSTER-B-Zugeschnitten-719x1024.jpg\" alt=\"\" class=\"wp-image-2030\" srcset=\"https:\/\/enjust.net\/wp-content\/uploads\/2023\/08\/CIESAS-conferencia-POSTER-B-Zugeschnitten-719x1024.jpg 719w, https:\/\/enjust.net\/wp-content\/uploads\/2023\/08\/CIESAS-conferencia-POSTER-B-Zugeschnitten-211x300.jpg 211w, https:\/\/enjust.net\/wp-content\/uploads\/2023\/08\/CIESAS-conferencia-POSTER-B-Zugeschnitten-768x1093.jpg 768w, https:\/\/enjust.net\/wp-content\/uploads\/2023\/08\/CIESAS-conferencia-POSTER-B-Zugeschnitten.jpg 843w\" sizes=\"auto, (max-width: 719px) 100vw, 719px\" \/><\/figure>\n\n\n\n<hr class=\"wp-block-separator has-alpha-channel-opacity\"\/>\n\n\n\n<p><strong>Sesi\u00f3n h\u00edbrida sobre Justicia Marina &#8211; Entiendo la Justicia Azul: Construyendo puentes de di\u00e1logo y colaboraci\u00f3n entre investigadores del Norte y Sur Global<\/strong><\/p>\n\n\n\n<figure class=\"wp-block-embed is-type-video is-provider-youtube wp-block-embed-youtube wp-embed-aspect-16-9 wp-has-aspect-ratio\"><div class=\"wp-block-embed__wrapper\">\n<iframe loading=\"lazy\" title=\"Blue Session - EnJust Conference Mexico 2023\" width=\"500\" height=\"281\" src=\"https:\/\/www.youtube.com\/embed\/NcAV_dlaNhM?feature=oembed\" frameborder=\"0\" allow=\"accelerometer; autoplay; clipboard-write; encrypted-media; gyroscope; picture-in-picture; web-share\" referrerpolicy=\"strict-origin-when-cross-origin\" allowfullscreen><\/iframe>\n<\/div><\/figure>\n\n\n\n<hr class=\"wp-block-separator has-alpha-channel-opacity\"\/>\n\n\n\n<p><strong>Workshop organizing commitee: <\/strong><\/p>\n\n\n\n<ul class=\"wp-block-list\">\n<li><em>Celia Ruiz de O\u00f1a Plaza<\/em><br>Centre for Multidisciplinary Research on Chiapas and the Southern Border, CIMSUR-UNAM (National Autonomous University of Mexico)<\/li>\n\n\n\n<li><em>Ignacio Rubio Carriquiriborde<\/em><br>Faculty of Political and Social Sciences, FCPyS-UNAM (National  Autonomous University of Mexico)<\/li>\n\n\n\n<li><em>Libertad Chavez-Rodriguez <\/em><br>CIESAS (Center for Research and Advanced Studies in Social Anthropology, Mexico), Northeast Unit<\/li>\n<\/ul>\n\n\n\n<p><strong>EnJust Network Office<\/strong><br>Jenny Bischoff, EnJust Kiel<\/p>\n\n\n\n<p>With the generous support of the EnJust Core Team <br>E-mail contact: <span style=\"text-decoration: underline;\">enjustmx[at]gmail.com<\/span><\/p>\n\n\n\n<figure class=\"wp-block-image size-large\"><img loading=\"lazy\" decoding=\"async\" width=\"1024\" height=\"399\" src=\"https:\/\/enjust.net\/wp-content\/uploads\/2022\/12\/CIESAS-conferencia-flayer-WEB-1024x399.jpg\" alt=\"\" class=\"wp-image-1473\" srcset=\"https:\/\/enjust.net\/wp-content\/uploads\/2022\/12\/CIESAS-conferencia-flayer-WEB-1024x399.jpg 1024w, https:\/\/enjust.net\/wp-content\/uploads\/2022\/12\/CIESAS-conferencia-flayer-WEB-300x117.jpg 300w, https:\/\/enjust.net\/wp-content\/uploads\/2022\/12\/CIESAS-conferencia-flayer-WEB-768x299.jpg 768w, https:\/\/enjust.net\/wp-content\/uploads\/2022\/12\/CIESAS-conferencia-flayer-WEB.jpg 1200w\" sizes=\"auto, (max-width: 1024px) 100vw, 1024px\" \/><\/figure>\n","protected":false},"excerpt":{"rendered":"<p>4th EnJust Network Meeting | San Crist\u00f3bal de las Casas, Mexico | 4-6 October, 2023 \u00abEnvironmental Justice and violence: Resistances, articulations, and intersections\u00bb San Crist\u00f3bal de las Casas, Mexico4-6 October 2023 Jointly organized by:CIESAS(Center for Research and Advanced Studies in SocialAnthropology, Mexico)CIMSUR-UNAM(Centre for Multidisciplinary Research on Chiapas and the SouthernBorder &#8211; National Autonomous University of Mexico)FCPyS-UNAM(Faculty of Political and Social Sciences &#8211; National Autonomous University of Mexico) Workshop email: enjustmx[at]gmail.com @KimNierobisch Thematic focusThe EnJust 2023 meeting will be a space for collective reflection on the violence faced by environmental justice movements in order to make visible, characterize and to understand&#8230; <\/p>\n","protected":false},"author":8,"featured_media":0,"parent":0,"menu_order":0,"comment_status":"closed","ping_status":"closed","template":"","meta":{"footnotes":""},"class_list":["post-1408","page","type-page","status-publish","hentry"],"translation":{"provider":"WPGlobus","version":"3.0.2","language":"es","enabled_languages":["en","de","es"],"languages":{"en":{"title":true,"content":true,"excerpt":false},"de":{"title":true,"content":true,"excerpt":false},"es":{"title":true,"content":true,"excerpt":false}}},"yoast_head":"<!-- This site is optimized with the Yoast SEO plugin v27.3 - https:\/\/yoast.com\/product\/yoast-seo-wordpress\/ -->\n<title>Conferencia Mexico 2023 -<\/title>\n<meta name=\"robots\" content=\"index, follow, max-snippet:-1, max-image-preview:large, max-video-preview:-1\" \/>\n<link rel=\"canonical\" href=\"https:\/\/enjust.net\/conference-mexico-2023\/\" \/>\n<meta property=\"og:locale\" content=\"es_ES\" \/>\n<meta property=\"og:type\" content=\"article\" \/>\n<meta property=\"og:title\" content=\"Conferencia Mexico 2023 -\" \/>\n<meta property=\"og:url\" content=\"https:\/\/enjust.net\/conference-mexico-2023\/\" \/>\n<meta property=\"article:modified_time\" content=\"2025-01-28T10:30:22+00:00\" \/>\n<meta property=\"og:image\" content=\"https:\/\/enjust.net\/wp-content\/uploads\/2022\/11\/IMG_20190929_150436486-edited-e1671545415179.jpg\" \/>\n\t<meta property=\"og:image:width\" content=\"1200\" \/>\n\t<meta property=\"og:image:height\" content=\"354\" \/>\n\t<meta property=\"og:image:type\" content=\"image\/jpeg\" \/>\n<meta name=\"twitter:card\" content=\"summary_large_image\" \/>\n<meta name=\"twitter:label1\" content=\"Tiempo de lectura\" \/>\n\t<meta name=\"twitter:data1\" content=\"5 minutos\" \/>\n<script type=\"application\/ld+json\" class=\"yoast-schema-graph\">{\"@context\":\"https:\\\/\\\/schema.org\",\"@graph\":[{\"@type\":\"WebPage\",\"@id\":\"https:\\\/\\\/enjust.net\\\/conference-mexico-2023\\\/\",\"url\":\"https:\\\/\\\/enjust.net\\\/conference-mexico-2023\\\/\",\"name\":\"Conferencia Mexico 2023 -\",\"isPartOf\":{\"@id\":\"https:\\\/\\\/enjust.net\\\/de\\\/#website\"},\"primaryImageOfPage\":{\"@id\":\"https:\\\/\\\/enjust.net\\\/conference-mexico-2023\\\/#primaryimage\"},\"image\":{\"@id\":\"https:\\\/\\\/enjust.net\\\/conference-mexico-2023\\\/#primaryimage\"},\"thumbnailUrl\":\"https:\\\/\\\/enjust.net\\\/wp-content\\\/uploads\\\/2022\\\/11\\\/IMG_20190929_150436486-edited-e1671545415179-1024x302.jpg\",\"datePublished\":\"2022-11-02T18:11:22+00:00\",\"dateModified\":\"2025-01-28T10:30:22+00:00\",\"breadcrumb\":{\"@id\":\"https:\\\/\\\/enjust.net\\\/conference-mexico-2023\\\/#breadcrumb\"},\"inLanguage\":\"es\",\"potentialAction\":[{\"@type\":\"ReadAction\",\"target\":[\"https:\\\/\\\/enjust.net\\\/conference-mexico-2023\\\/\"]}]},{\"@type\":\"ImageObject\",\"inLanguage\":\"es\",\"@id\":\"https:\\\/\\\/enjust.net\\\/conference-mexico-2023\\\/#primaryimage\",\"url\":\"https:\\\/\\\/enjust.net\\\/wp-content\\\/uploads\\\/2022\\\/11\\\/IMG_20190929_150436486-edited-e1671545415179-1024x302.jpg\",\"contentUrl\":\"https:\\\/\\\/enjust.net\\\/wp-content\\\/uploads\\\/2022\\\/11\\\/IMG_20190929_150436486-edited-e1671545415179-1024x302.jpg\"},{\"@type\":\"BreadcrumbList\",\"@id\":\"https:\\\/\\\/enjust.net\\\/conference-mexico-2023\\\/#breadcrumb\",\"itemListElement\":[{\"@type\":\"ListItem\",\"position\":1,\"name\":\"Startseite\",\"item\":\"https:\\\/\\\/enjust.net\\\/\"},{\"@type\":\"ListItem\",\"position\":2,\"name\":\"Conference Mexico 2023\"}]},{\"@type\":\"WebSite\",\"@id\":\"https:\\\/\\\/enjust.net\\\/de\\\/#website\",\"url\":\"https:\\\/\\\/enjust.net\\\/de\\\/\",\"name\":\"\",\"description\":\"\",\"potentialAction\":[{\"@type\":\"SearchAction\",\"target\":{\"@type\":\"EntryPoint\",\"urlTemplate\":\"https:\\\/\\\/enjust.net\\\/de\\\/?s={search_term_string}\"},\"query-input\":{\"@type\":\"PropertyValueSpecification\",\"valueRequired\":true,\"valueName\":\"search_term_string\"}}],\"inLanguage\":\"es\"}]}<\/script>\n<!-- \/ Yoast SEO plugin. -->","yoast_head_json":{"title":"Conferencia Mexico 2023 -","robots":{"index":"index","follow":"follow","max-snippet":"max-snippet:-1","max-image-preview":"max-image-preview:large","max-video-preview":"max-video-preview:-1"},"canonical":"https:\/\/enjust.net\/conference-mexico-2023\/","og_locale":"es_ES","og_type":"article","og_title":"Conferencia Mexico 2023 -","og_url":"https:\/\/enjust.net\/conference-mexico-2023\/","article_modified_time":"2025-01-28T10:30:22+00:00","og_image":[{"width":1200,"height":354,"url":"https:\/\/enjust.net\/wp-content\/uploads\/2022\/11\/IMG_20190929_150436486-edited-e1671545415179.jpg","type":"image\/jpeg"}],"twitter_card":"summary_large_image","twitter_misc":{"Tiempo de lectura":"5 minutos"},"schema":{"@context":"https:\/\/schema.org","@graph":[{"@type":"WebPage","@id":"https:\/\/enjust.net\/conference-mexico-2023\/","url":"https:\/\/enjust.net\/conference-mexico-2023\/","name":"Conferencia Mexico 2023 -","isPartOf":{"@id":"https:\/\/enjust.net\/de\/#website"},"primaryImageOfPage":{"@id":"https:\/\/enjust.net\/conference-mexico-2023\/#primaryimage"},"image":{"@id":"https:\/\/enjust.net\/conference-mexico-2023\/#primaryimage"},"thumbnailUrl":"https:\/\/enjust.net\/wp-content\/uploads\/2022\/11\/IMG_20190929_150436486-edited-e1671545415179-1024x302.jpg","datePublished":"2022-11-02T18:11:22+00:00","dateModified":"2025-01-28T10:30:22+00:00","breadcrumb":{"@id":"https:\/\/enjust.net\/conference-mexico-2023\/#breadcrumb"},"inLanguage":"es","potentialAction":[{"@type":"ReadAction","target":["https:\/\/enjust.net\/conference-mexico-2023\/"]}]},{"@type":"ImageObject","inLanguage":"es","@id":"https:\/\/enjust.net\/conference-mexico-2023\/#primaryimage","url":"https:\/\/enjust.net\/wp-content\/uploads\/2022\/11\/IMG_20190929_150436486-edited-e1671545415179-1024x302.jpg","contentUrl":"https:\/\/enjust.net\/wp-content\/uploads\/2022\/11\/IMG_20190929_150436486-edited-e1671545415179-1024x302.jpg"},{"@type":"BreadcrumbList","@id":"https:\/\/enjust.net\/conference-mexico-2023\/#breadcrumb","itemListElement":[{"@type":"ListItem","position":1,"name":"Startseite","item":"https:\/\/enjust.net\/"},{"@type":"ListItem","position":2,"name":"Conference Mexico 2023"}]},{"@type":"WebSite","@id":"https:\/\/enjust.net\/de\/#website","url":"https:\/\/enjust.net\/de\/","name":"","description":"","potentialAction":[{"@type":"SearchAction","target":{"@type":"EntryPoint","urlTemplate":"https:\/\/enjust.net\/de\/?s={search_term_string}"},"query-input":{"@type":"PropertyValueSpecification","valueRequired":true,"valueName":"search_term_string"}}],"inLanguage":"es"}]}},"_links":{"self":[{"href":"https:\/\/enjust.net\/es\/wp-json\/wp\/v2\/pages\/1408","targetHints":{"allow":["GET"]}}],"collection":[{"href":"https:\/\/enjust.net\/es\/wp-json\/wp\/v2\/pages"}],"about":[{"href":"https:\/\/enjust.net\/es\/wp-json\/wp\/v2\/types\/page"}],"author":[{"embeddable":true,"href":"https:\/\/enjust.net\/es\/wp-json\/wp\/v2\/users\/8"}],"replies":[{"embeddable":true,"href":"https:\/\/enjust.net\/es\/wp-json\/wp\/v2\/comments?post=1408"}],"version-history":[{"count":59,"href":"https:\/\/enjust.net\/es\/wp-json\/wp\/v2\/pages\/1408\/revisions"}],"predecessor-version":[{"id":2769,"href":"https:\/\/enjust.net\/es\/wp-json\/wp\/v2\/pages\/1408\/revisions\/2769"}],"wp:attachment":[{"href":"https:\/\/enjust.net\/es\/wp-json\/wp\/v2\/media?parent=1408"}],"curies":[{"name":"wp","href":"https:\/\/api.w.org\/{rel}","templated":true}]}}