{"id":1621,"date":"2023-04-18T09:10:49","date_gmt":"2023-04-18T09:10:49","guid":{"rendered":"https:\/\/enjust.net\/?page_id=1621"},"modified":"2025-12-17T14:33:04","modified_gmt":"2025-12-17T14:33:04","slug":"environmental-justice-in-transdisciplinary-contexts","status":"publish","type":"page","link":"https:\/\/enjust.net\/es\/environmental-justice-in-transdisciplinary-contexts\/","title":{"rendered":"Justicia medioambiental en contextos multidisciplinares"},"content":{"rendered":"\n<p>Se habla mucho del trabajo multidisciplinario. Especialmente cuando se trata de toxicidades y peligros ambientales que suelen afectar a grupos ya considerados vulnerables, los planteamientos multidisciplinarios son \u00fatiles en la b\u00fasqueda de la justicia ambiental. Mediante la colaboraci\u00f3n y los esfuerzos conjuntos, los problemas ambientales pueden abordarse a escala local, localizada y multiescala integrando a diversas partes interesadas en la investigaci\u00f3n y la b\u00fasqueda de soluciones.<\/p>\n\n\n\n<p>Pero, \u00bfqu\u00e9 significa en la pr\u00e1ctica eso tan socorrido de \u00abmultidisciplinariedad\u00bb? \u00bfD\u00f3nde deber\u00edamos empezar a explorar y d\u00f3nde podemos aprender de los \u00e9xitos o errores de otros? Consideramos que los modos transdisciplinares son una forma especialmente valiosa de trabajar por la justicia medioambiental, pero creemos que la idea y los m\u00e9todos necesitan un compromiso reflexivo y cr\u00edtico. Tambi\u00e9n creemos que la multidisciplinariedad no es la \u00fanica forma potencial de luchar por un futuro habitable. Puede que esta forma de colaboraci\u00f3n no siempre encaje en su contexto, o que encierre demasiados riesgos pol\u00edticos.<\/p>\n\n\n\n<p>Los siguientes recursos, elaborados por el grupo de trabajo de Enjust sobre multidisciplinariedad, pretenden ayudarle en esta exploraci\u00f3n. Los miembros del grupo son: Judith Bopp, Jeanne F\u00e9aux de la Croix, Kathrin Eitel, Mennatullah Hendawy, Yvonne Kunz, Julia Rawlins y Juliane Schumacher. Existen diferentes maneras de definir la pr\u00e1ctica multidisciplinar. Aqu\u00ed la entendemos como:<\/p>\n\n\n\n<p><em>\u201c\u2026<\/em> <em>un enfoque de investigaci\u00f3n reflexivo que aborda los problemas de la sociedad mediante la colaboraci\u00f3n interdisciplinar, as\u00ed como la colaboraci\u00f3n entre investigadores y agentes extracient\u00edficos; su objetivo es posibilitar procesos de aprendizaje mutuo entre ciencia y sociedad; la integraci\u00f3n es el principal reto cognitivo del proceso de investigaci\u00f3n.\u201d<\/em>&nbsp;(Fuente: Jahn, T., Bergmann, M. &amp; Keil, F. (2012). Transdisciplinariedad: Entre la integraci\u00f3n y la marginaci\u00f3n. Ecological Economics, 79, 1-10).<\/p>\n\n\n\n<p><a href=\"https:\/\/enjust.net\/transdisciplinary-resources\/\">Pulse aqu\u00ed para acceder a la secci\u00f3n de recursos transdiciplinarios<\/a><\/p>\n\n\n\n<p class=\"has-large-font-size\">Serie de coaching entre pares de TD<\/p>\n\n\n\n<p>Estimados colegas,<\/p>\n\n\n\n<p>Como grupo de trabajo de Enjust sobre Justicia Ambiental en Contextos Transdisciplinarios, os invitamos cordialmente a nuestro<\/p>\n\n\n\n<p><strong>serie de \u00abPeer-coaching\u00bb <\/strong>sobre los \u00ab<strong>sticky-bits\u00bb <\/strong>(es decir, los momentos dif\u00edciles) <strong>en las colaboraciones de investigaci\u00f3n transdisciplinarias<\/strong>.<\/p>\n\n\n\n<p>Nuestro evento de lanzamiento de \u00absticky-bits\u00bb en la Conferencia Enjust 2024 en Hamburgo confirm\u00f3 un gran inter\u00e9s entre los colegas por un intercambio seguro y un formato de aprendizaje sobre la pr\u00e1ctica transdisciplinaria.<\/p>\n\n\n\n<p>Como seguimiento, ahora ofrecemos <strong>sesiones en l\u00ednea <\/strong>en Zoom. Nuestra primera sesi\u00f3n en l\u00ednea tuvo lugar en mayo. Tenemos previstas dos sesiones m\u00e1s antes de finales de a\u00f1o: el <strong>martes 9 de septiembre <\/strong>y <strong>el jueves 6 de noviembre<\/strong>.<\/p>\n\n\n\n<p><em>Nuestro concepto:<\/em><\/p>\n\n\n\n<p>De acuerdo con la \u00e9tica transdisciplinar, creemos que todo el mundo puede aportar su experiencia o su reflexi\u00f3n. As\u00ed pues, la sesi\u00f3n est\u00e1 dirigida a participantes acad\u00e9micos y no acad\u00e9micos que deseen presentar sus problemas con una colaboraci\u00f3n concreta, o contribuir a debatir las situaciones delicadas, los conflictos, los momentos de duda, etc. de otros participantes en proyectos transdisciplinares. El grupo practicar\u00e1 la escucha activa y el \u00abpeer-coaching\u00bb en un entorno confidencial.<\/p>\n\n\n\n<p><em>El esquema de las sesiones de 2 horas es el siguiente:<\/em><\/p>\n\n\n\n<ul class=\"wp-block-list\">\n<li>Presentaciones mutuas, concepto sobre la \u00e9tica del espacio seguro + definiciones del trabajo transdisciplinar<\/li>\n<\/ul>\n\n\n\n<ul class=\"wp-block-list\">\n<li>45-60 minutos para desarrollar el estudio de caso y el coaching entre iguales (posibilidad de sesiones separadas)<\/li>\n<\/ul>\n\n\n\n<ul class=\"wp-block-list\">\n<li>Debate general al final para extraer conclusiones y perspectivas.<\/li>\n<\/ul>\n\n\n\n<p><em>Sobre la participaci\u00f3n:<\/em><\/p>\n\n\n\n<p>La sesi\u00f3n est\u00e1 limitada a 20 participantes. Para una mejor planificaci\u00f3n, inf\u00f3rmenos por correo electr\u00f3nico si desea participar. D\u00edganos tambi\u00e9n si desea presentar su propio caso y que el grupo lo debata (opcional). Si le interesan las sesiones de \u00abpeer-coaching\u00bb pero no puede acudir en las fechas sugeridas, no dude en expresar su inter\u00e9s general a trav\u00e9s de esta breve <a href=\"https:\/\/forms.gle\/ES4mg28VfWhjHawC9\">encuesta.<\/a> Nos ayudar\u00e1 a discernir las disponibilidades y necesidades dentro del grupo, a preconocer los casos con temas recurrentes, tus zonas horarias para coordinar las sesiones, y si te gustar\u00eda asumir un papel activo, por ejemplo,coaching o presentaci\u00f3n de un caso. Asumir un papel activo es opcional: no hay obligaci\u00f3n de asesorar ni de recibir comentarios sobre su caso.<\/p>\n\n\n\n<p>Esperamos verle pronto. Gracias por ayudarnos a difundir esta invitaci\u00f3n a trav\u00e9s de sus redes. Un cordial saludo,<\/p>\n\n\n\n<p>Judith Bopp (<a href=\"mailto:judith.bopp@lmu.de\">judith.bopp@lmu.de<\/a>)<\/p>\n\n\n\n<p>Jeanne F\u00e9aux de la Croix (<a href=\"mailto:jeanne.feauxdelacroix@unibe.ch\">jeanne.feauxdelacroix@unibe.ch<\/a>)<\/p>\n\n\n\n<p>Juneseo Hwang (<a href=\"mailto:juneseo.hwang@uni-hamburg.de\">juneseo.hwang@uni-hamburg.de<\/a>)<\/p>\n\n\n\n<p>Juliane Schumacher (<a href=\"mailto:j.schumacher@jpberlin.de\">j.schumacher@jpberlin.de<\/a>)<\/p>\n\n\n\n<p><\/p>\n","protected":false},"excerpt":{"rendered":"<p>Se habla mucho del trabajo multidisciplinario. Especialmente cuando se trata de toxicidades y peligros ambientales que suelen afectar a grupos ya considerados vulnerables, los planteamientos multidisciplinarios son \u00fatiles en la b\u00fasqueda de la justicia ambiental. Mediante la colaboraci\u00f3n y los esfuerzos conjuntos, los problemas ambientales pueden abordarse a escala local, localizada y multiescala integrando a diversas partes interesadas en la investigaci\u00f3n y la b\u00fasqueda de soluciones. Pero, \u00bfqu\u00e9 significa en la pr\u00e1ctica eso tan socorrido de \u00abmultidisciplinariedad\u00bb? \u00bfD\u00f3nde deber\u00edamos empezar a explorar y d\u00f3nde podemos aprender de los \u00e9xitos o errores de otros? Consideramos que los modos transdisciplinares son una&#8230; <\/p>\n","protected":false},"author":7,"featured_media":0,"parent":0,"menu_order":0,"comment_status":"closed","ping_status":"closed","template":"","meta":{"footnotes":""},"class_list":["post-1621","page","type-page","status-publish","hentry"],"translation":{"provider":"WPGlobus","version":"3.0.2","language":"es","enabled_languages":["en","de","es"],"languages":{"en":{"title":true,"content":true,"excerpt":false},"de":{"title":true,"content":true,"excerpt":false},"es":{"title":true,"content":true,"excerpt":false}}},"yoast_head":"<!-- This site is optimized with the Yoast SEO plugin v27.4 - https:\/\/yoast.com\/product\/yoast-seo-wordpress\/ -->\n<title>Justicia medioambiental en contextos multidisciplinares -<\/title>\n<meta name=\"robots\" content=\"index, follow, max-snippet:-1, max-image-preview:large, max-video-preview:-1\" \/>\n<link rel=\"canonical\" href=\"https:\/\/enjust.net\/environmental-justice-in-transdisciplinary-contexts\/\" \/>\n<meta property=\"og:locale\" content=\"es_ES\" \/>\n<meta property=\"og:type\" content=\"article\" \/>\n<meta property=\"og:title\" content=\"Justicia medioambiental en contextos multidisciplinares -\" \/>\n<meta property=\"og:url\" content=\"https:\/\/enjust.net\/environmental-justice-in-transdisciplinary-contexts\/\" \/>\n<meta property=\"article:modified_time\" content=\"2025-12-17T14:33:04+00:00\" \/>\n<meta name=\"twitter:card\" content=\"summary_large_image\" \/>\n<meta name=\"twitter:label1\" content=\"Tiempo de lectura\" \/>\n\t<meta name=\"twitter:data1\" content=\"3 minutos\" \/>\n<script type=\"application\/ld+json\" class=\"yoast-schema-graph\">{\"@context\":\"https:\\\/\\\/schema.org\",\"@graph\":[{\"@type\":\"WebPage\",\"@id\":\"https:\\\/\\\/enjust.net\\\/environmental-justice-in-transdisciplinary-contexts\\\/\",\"url\":\"https:\\\/\\\/enjust.net\\\/environmental-justice-in-transdisciplinary-contexts\\\/\",\"name\":\"Justicia medioambiental en contextos multidisciplinares -\",\"isPartOf\":{\"@id\":\"https:\\\/\\\/enjust.net\\\/de\\\/#website\"},\"datePublished\":\"2023-04-18T09:10:49+00:00\",\"dateModified\":\"2025-12-17T14:33:04+00:00\",\"breadcrumb\":{\"@id\":\"https:\\\/\\\/enjust.net\\\/environmental-justice-in-transdisciplinary-contexts\\\/#breadcrumb\"},\"inLanguage\":\"es\",\"potentialAction\":[{\"@type\":\"ReadAction\",\"target\":[\"https:\\\/\\\/enjust.net\\\/environmental-justice-in-transdisciplinary-contexts\\\/\"]}]},{\"@type\":\"BreadcrumbList\",\"@id\":\"https:\\\/\\\/enjust.net\\\/environmental-justice-in-transdisciplinary-contexts\\\/#breadcrumb\",\"itemListElement\":[{\"@type\":\"ListItem\",\"position\":1,\"name\":\"Startseite\",\"item\":\"https:\\\/\\\/enjust.net\\\/\"},{\"@type\":\"ListItem\",\"position\":2,\"name\":\"Environmental Justice in transdisciplinary contexts\"}]},{\"@type\":\"WebSite\",\"@id\":\"https:\\\/\\\/enjust.net\\\/de\\\/#website\",\"url\":\"https:\\\/\\\/enjust.net\\\/de\\\/\",\"name\":\"\",\"description\":\"\",\"potentialAction\":[{\"@type\":\"SearchAction\",\"target\":{\"@type\":\"EntryPoint\",\"urlTemplate\":\"https:\\\/\\\/enjust.net\\\/de\\\/?s={search_term_string}\"},\"query-input\":{\"@type\":\"PropertyValueSpecification\",\"valueRequired\":true,\"valueName\":\"search_term_string\"}}],\"inLanguage\":\"es\"}]}<\/script>\n<!-- \/ Yoast SEO plugin. -->","yoast_head_json":{"title":"Justicia medioambiental en contextos multidisciplinares -","robots":{"index":"index","follow":"follow","max-snippet":"max-snippet:-1","max-image-preview":"max-image-preview:large","max-video-preview":"max-video-preview:-1"},"canonical":"https:\/\/enjust.net\/environmental-justice-in-transdisciplinary-contexts\/","og_locale":"es_ES","og_type":"article","og_title":"Justicia medioambiental en contextos multidisciplinares -","og_url":"https:\/\/enjust.net\/environmental-justice-in-transdisciplinary-contexts\/","article_modified_time":"2025-12-17T14:33:04+00:00","twitter_card":"summary_large_image","twitter_misc":{"Tiempo de lectura":"3 minutos"},"schema":{"@context":"https:\/\/schema.org","@graph":[{"@type":"WebPage","@id":"https:\/\/enjust.net\/environmental-justice-in-transdisciplinary-contexts\/","url":"https:\/\/enjust.net\/environmental-justice-in-transdisciplinary-contexts\/","name":"Justicia medioambiental en contextos multidisciplinares -","isPartOf":{"@id":"https:\/\/enjust.net\/de\/#website"},"datePublished":"2023-04-18T09:10:49+00:00","dateModified":"2025-12-17T14:33:04+00:00","breadcrumb":{"@id":"https:\/\/enjust.net\/environmental-justice-in-transdisciplinary-contexts\/#breadcrumb"},"inLanguage":"es","potentialAction":[{"@type":"ReadAction","target":["https:\/\/enjust.net\/environmental-justice-in-transdisciplinary-contexts\/"]}]},{"@type":"BreadcrumbList","@id":"https:\/\/enjust.net\/environmental-justice-in-transdisciplinary-contexts\/#breadcrumb","itemListElement":[{"@type":"ListItem","position":1,"name":"Startseite","item":"https:\/\/enjust.net\/"},{"@type":"ListItem","position":2,"name":"Environmental Justice in transdisciplinary contexts"}]},{"@type":"WebSite","@id":"https:\/\/enjust.net\/de\/#website","url":"https:\/\/enjust.net\/de\/","name":"","description":"","potentialAction":[{"@type":"SearchAction","target":{"@type":"EntryPoint","urlTemplate":"https:\/\/enjust.net\/de\/?s={search_term_string}"},"query-input":{"@type":"PropertyValueSpecification","valueRequired":true,"valueName":"search_term_string"}}],"inLanguage":"es"}]}},"_links":{"self":[{"href":"https:\/\/enjust.net\/es\/wp-json\/wp\/v2\/pages\/1621","targetHints":{"allow":["GET"]}}],"collection":[{"href":"https:\/\/enjust.net\/es\/wp-json\/wp\/v2\/pages"}],"about":[{"href":"https:\/\/enjust.net\/es\/wp-json\/wp\/v2\/types\/page"}],"author":[{"embeddable":true,"href":"https:\/\/enjust.net\/es\/wp-json\/wp\/v2\/users\/7"}],"replies":[{"embeddable":true,"href":"https:\/\/enjust.net\/es\/wp-json\/wp\/v2\/comments?post=1621"}],"version-history":[{"count":20,"href":"https:\/\/enjust.net\/es\/wp-json\/wp\/v2\/pages\/1621\/revisions"}],"predecessor-version":[{"id":3507,"href":"https:\/\/enjust.net\/es\/wp-json\/wp\/v2\/pages\/1621\/revisions\/3507"}],"wp:attachment":[{"href":"https:\/\/enjust.net\/es\/wp-json\/wp\/v2\/media?parent=1621"}],"curies":[{"name":"wp","href":"https:\/\/api.w.org\/{rel}","templated":true}]}}