{"id":169,"date":"2020-06-05T11:36:59","date_gmt":"2020-06-05T11:36:59","guid":{"rendered":"http:\/\/enjust.net\/?page_id=169"},"modified":"2025-02-18T10:55:49","modified_gmt":"2025-02-18T10:55:49","slug":"faq","status":"publish","type":"page","link":"https:\/\/enjust.net\/es\/faq\/","title":{"rendered":"FAQ"},"content":{"rendered":"\n<h3 class=\"wp-block-heading\">FAQ: \u00bfA qui\u00e9n va dirigida la Red EnJust?<\/h3>\n\n\n\n<p>Cient\u00edficos, profesionales, estudiantes e interesados en las cuestiones pertinentes.<\/p>\n\n\n\n<h3 class=\"wp-block-heading\">FAQ: \u00bfTiene alg\u00fan costo hacerse miembro? \u00bfCu\u00e1les son los requisitos?<\/h3>\n\n\n\n<p>La afiliaci\u00f3n es gratuita. Es deseable estar interesado en temas de justicia ambiental.<\/p>\n\n\n\n<h3 class=\"wp-block-heading\">FAQ: \u00bfC\u00f3mo puedo hacerme miembro?<\/h3>\n\n\n\n<p>En principio, cualquiera puede hacerse miembro de la Red EnJust. Env\u00edenos un mensaje con su nombre y una breve descripci\u00f3n de su inter\u00e9s a:<\/p>\n\n\n\n<p><a href=\"mailto:enjust@geographie.uni-kiel.de\">enjust@geographie.uni-kiel.de<\/a><\/p>\n\n\n\n<p>A continuaci\u00f3n, se convertir\u00e1 autom\u00e1ticamente en miembro y se le a\u00f1adir\u00e1 a la lista de correo de la red. Cada miembro puede compartir sus propias contribuciones sobre el tema de la justicia medioambiental en la red y proporcionar contenidos, &nbsp;temas y material en el sitio web.<\/p>\n\n\n\n<h3 class=\"wp-block-heading\">FAQ: \u00bfQu\u00e9 significa EnJust?<\/h3>\n\n\n\n<p>EnJust es la abreviatura de \u00abEnvironmental Justice\u00bb &#8211; Justicia Medioambiental.<\/p>\n\n\n\n<h3 class=\"wp-block-heading\">FAQ: \u00bfCu\u00e1l es el objetivo de la Red EnJust?<\/h3>\n\n\n\n<p>El objetivo de la Red EnJust es promover el intercambio entre la ciencia y la sociedad civil sobre cuestiones de justicia medioambiental y clim\u00e1tica.<\/p>\n","protected":false},"excerpt":{"rendered":"<p>FAQ: \u00bfA qui\u00e9n va dirigida la Red EnJust? Cient\u00edficos, profesionales, estudiantes e interesados en las cuestiones pertinentes. FAQ: \u00bfTiene alg\u00fan costo hacerse miembro? \u00bfCu\u00e1les son los requisitos? La afiliaci\u00f3n es gratuita. Es deseable estar interesado en temas de justicia ambiental. FAQ: \u00bfC\u00f3mo puedo hacerme miembro? En principio, cualquiera puede hacerse miembro de la Red EnJust. Env\u00edenos un mensaje con su nombre y una breve descripci\u00f3n de su inter\u00e9s a: enjust@geographie.uni-kiel.de A continuaci\u00f3n, se convertir\u00e1 autom\u00e1ticamente en miembro y se le a\u00f1adir\u00e1 a la lista de correo de la red. Cada miembro puede compartir sus propias contribuciones sobre el tema de&#8230; <\/p>\n","protected":false},"author":1,"featured_media":0,"parent":0,"menu_order":0,"comment_status":"closed","ping_status":"closed","template":"","meta":{"footnotes":""},"class_list":["post-169","page","type-page","status-publish","hentry"],"translation":{"provider":"WPGlobus","version":"3.0.2","language":"es","enabled_languages":["en","de","es"],"languages":{"en":{"title":true,"content":true,"excerpt":false},"de":{"title":true,"content":true,"excerpt":false},"es":{"title":true,"content":true,"excerpt":false}}},"yoast_head":"<!-- This site is optimized with the Yoast SEO plugin v27.3 - https:\/\/yoast.com\/product\/yoast-seo-wordpress\/ -->\n<title>FAQ -<\/title>\n<meta name=\"robots\" content=\"index, follow, max-snippet:-1, max-image-preview:large, max-video-preview:-1\" \/>\n<link rel=\"canonical\" href=\"https:\/\/enjust.net\/faq\/\" \/>\n<meta property=\"og:locale\" content=\"es_ES\" \/>\n<meta property=\"og:type\" content=\"article\" \/>\n<meta property=\"og:title\" content=\"FAQ -\" \/>\n<meta property=\"og:url\" content=\"https:\/\/enjust.net\/faq\/\" \/>\n<meta property=\"article:modified_time\" content=\"2025-02-18T10:55:49+00:00\" \/>\n<meta name=\"twitter:card\" content=\"summary_large_image\" \/>\n<meta name=\"twitter:label1\" content=\"Tiempo de lectura\" \/>\n\t<meta name=\"twitter:data1\" content=\"1 minuto\" \/>\n<script type=\"application\/ld+json\" class=\"yoast-schema-graph\">{\"@context\":\"https:\\\/\\\/schema.org\",\"@graph\":[{\"@type\":\"WebPage\",\"@id\":\"https:\\\/\\\/enjust.net\\\/faq\\\/\",\"url\":\"https:\\\/\\\/enjust.net\\\/faq\\\/\",\"name\":\"FAQ -\",\"isPartOf\":{\"@id\":\"https:\\\/\\\/enjust.net\\\/de\\\/#website\"},\"datePublished\":\"2020-06-05T11:36:59+00:00\",\"dateModified\":\"2025-02-18T10:55:49+00:00\",\"breadcrumb\":{\"@id\":\"https:\\\/\\\/enjust.net\\\/faq\\\/#breadcrumb\"},\"inLanguage\":\"es\",\"potentialAction\":[{\"@type\":\"ReadAction\",\"target\":[\"https:\\\/\\\/enjust.net\\\/faq\\\/\"]}]},{\"@type\":\"BreadcrumbList\",\"@id\":\"https:\\\/\\\/enjust.net\\\/faq\\\/#breadcrumb\",\"itemListElement\":[{\"@type\":\"ListItem\",\"position\":1,\"name\":\"Startseite\",\"item\":\"https:\\\/\\\/enjust.net\\\/\"},{\"@type\":\"ListItem\",\"position\":2,\"name\":\"FAQ\"}]},{\"@type\":\"WebSite\",\"@id\":\"https:\\\/\\\/enjust.net\\\/de\\\/#website\",\"url\":\"https:\\\/\\\/enjust.net\\\/de\\\/\",\"name\":\"\",\"description\":\"\",\"potentialAction\":[{\"@type\":\"SearchAction\",\"target\":{\"@type\":\"EntryPoint\",\"urlTemplate\":\"https:\\\/\\\/enjust.net\\\/de\\\/?s={search_term_string}\"},\"query-input\":{\"@type\":\"PropertyValueSpecification\",\"valueRequired\":true,\"valueName\":\"search_term_string\"}}],\"inLanguage\":\"es\"}]}<\/script>\n<!-- \/ Yoast SEO plugin. -->","yoast_head_json":{"title":"FAQ -","robots":{"index":"index","follow":"follow","max-snippet":"max-snippet:-1","max-image-preview":"max-image-preview:large","max-video-preview":"max-video-preview:-1"},"canonical":"https:\/\/enjust.net\/faq\/","og_locale":"es_ES","og_type":"article","og_title":"FAQ -","og_url":"https:\/\/enjust.net\/faq\/","article_modified_time":"2025-02-18T10:55:49+00:00","twitter_card":"summary_large_image","twitter_misc":{"Tiempo de lectura":"1 minuto"},"schema":{"@context":"https:\/\/schema.org","@graph":[{"@type":"WebPage","@id":"https:\/\/enjust.net\/faq\/","url":"https:\/\/enjust.net\/faq\/","name":"FAQ -","isPartOf":{"@id":"https:\/\/enjust.net\/de\/#website"},"datePublished":"2020-06-05T11:36:59+00:00","dateModified":"2025-02-18T10:55:49+00:00","breadcrumb":{"@id":"https:\/\/enjust.net\/faq\/#breadcrumb"},"inLanguage":"es","potentialAction":[{"@type":"ReadAction","target":["https:\/\/enjust.net\/faq\/"]}]},{"@type":"BreadcrumbList","@id":"https:\/\/enjust.net\/faq\/#breadcrumb","itemListElement":[{"@type":"ListItem","position":1,"name":"Startseite","item":"https:\/\/enjust.net\/"},{"@type":"ListItem","position":2,"name":"FAQ"}]},{"@type":"WebSite","@id":"https:\/\/enjust.net\/de\/#website","url":"https:\/\/enjust.net\/de\/","name":"","description":"","potentialAction":[{"@type":"SearchAction","target":{"@type":"EntryPoint","urlTemplate":"https:\/\/enjust.net\/de\/?s={search_term_string}"},"query-input":{"@type":"PropertyValueSpecification","valueRequired":true,"valueName":"search_term_string"}}],"inLanguage":"es"}]}},"_links":{"self":[{"href":"https:\/\/enjust.net\/es\/wp-json\/wp\/v2\/pages\/169","targetHints":{"allow":["GET"]}}],"collection":[{"href":"https:\/\/enjust.net\/es\/wp-json\/wp\/v2\/pages"}],"about":[{"href":"https:\/\/enjust.net\/es\/wp-json\/wp\/v2\/types\/page"}],"author":[{"embeddable":true,"href":"https:\/\/enjust.net\/es\/wp-json\/wp\/v2\/users\/1"}],"replies":[{"embeddable":true,"href":"https:\/\/enjust.net\/es\/wp-json\/wp\/v2\/comments?post=169"}],"version-history":[{"count":19,"href":"https:\/\/enjust.net\/es\/wp-json\/wp\/v2\/pages\/169\/revisions"}],"predecessor-version":[{"id":3139,"href":"https:\/\/enjust.net\/es\/wp-json\/wp\/v2\/pages\/169\/revisions\/3139"}],"wp:attachment":[{"href":"https:\/\/enjust.net\/es\/wp-json\/wp\/v2\/media?parent=169"}],"curies":[{"name":"wp","href":"https:\/\/api.w.org\/{rel}","templated":true}]}}