{"id":3196,"date":"2025-03-18T14:02:37","date_gmt":"2025-03-18T14:02:37","guid":{"rendered":"https:\/\/enjust.net\/?page_id=3196"},"modified":"2025-03-25T13:13:26","modified_gmt":"2025-03-25T13:13:26","slug":"blue-justice","status":"publish","type":"page","link":"https:\/\/enjust.net\/es\/blue-justice\/","title":{"rendered":"Justicia Azul"},"content":{"rendered":"\n<p>El Subgrupo de Justicia Azul se centra en abordar las injusticias sociales y medioambientales a las que se enfrentan las comunidades costeras y mar\u00edtimas, especialmente en relaci\u00f3n con la gobernanza, el acceso y la sostenibilidad de estas zonas. El grupo pretende promover debates en torno a la equidad y la justicia en los entornos marinos, cuestionando los marcos dominantes que a\u00fan no han captado suficientemente la diversidad y la complejidad de las relaciones entre los seres humanos y los oc\u00e9anos.<\/p>\n\n\n\n<p>El grupo crea y organiza formatos para fomentar un di\u00e1logo y una colaboraci\u00f3n significativos en este complejo campo de investigaci\u00f3n. Por ejemplo, desarroll\u00f3 un <a href=\"https:\/\/enjust.net\/introductory-course-marine-borders-conceptual-basis-and-regional-overview-from-21-to-24-october-2024\/\">curso h\u00edbrido sobre fronteras marinas<\/a>, que tuvo lugar en San Crist\u00f3bal de las Casas, Chiapas, M\u00e9xico. Este curso ofreci\u00f3 una exploraci\u00f3n en profundidad de la compleja din\u00e1mica de las fronteras marinas, centr\u00e1ndose en los retos pol\u00edticos, sociales y medioambientales espec\u00edficos de los contextos costeros latinoamericanos. Dirigido por Celia Ruiz de O\u00f1a Plaza (CIMSUR-UNAM) y V\u00edctor Vel\u00e1zquez Dur\u00e1n (ECOSUR-Tapachula), el curso proporcion\u00f3 una plataforma para que los participantes se comprometieran cr\u00edticamente con las injusticias que surgen en diversas regiones mar\u00edtimas.<\/p>\n\n\n\n<p>Adem\u00e1s, el subgrupo organiza reuniones virtuales para facilitar la planificaci\u00f3n de la investigaci\u00f3n colaborativa, as\u00ed como una <a href=\"https:\/\/www.umr-amure.fr\/recherche\/axe-b\/#webinar-blue-justice\">serie de seminarios web<\/a> que exploran cuestiones cr\u00edticas de la Justicia Azul. Tambi\u00e9n se han realizado paneles en conferencias internacionales como el V Congreso Latinoamericano de Conflictos Ambientales en Brasil (2024) y las Conferencias de la Red Enjust en Mexiko (2023) y Hamburgo (2024), contribuyendo a discusiones interdisciplinarias y ofreciendo perspectivas cr\u00edticas sobre la justicia en los espacios marinos.<\/p>\n","protected":false},"excerpt":{"rendered":"<p>El Subgrupo de Justicia Azul se centra en abordar las injusticias sociales y medioambientales a las que se enfrentan las comunidades costeras y mar\u00edtimas, especialmente en relaci\u00f3n con la gobernanza, el acceso y la sostenibilidad de estas zonas. El grupo pretende promover debates en torno a la equidad y la justicia en los entornos marinos, cuestionando los marcos dominantes que a\u00fan no han captado suficientemente la diversidad y la complejidad de las relaciones entre los seres humanos y los oc\u00e9anos. El grupo crea y organiza formatos para fomentar un di\u00e1logo y una colaboraci\u00f3n significativos en este complejo campo de investigaci\u00f3n&#8230;. <\/p>\n","protected":false},"author":10,"featured_media":3204,"parent":0,"menu_order":0,"comment_status":"closed","ping_status":"closed","template":"","meta":{"footnotes":""},"class_list":["post-3196","page","type-page","status-publish","has-post-thumbnail","hentry"],"translation":{"provider":"WPGlobus","version":"3.0.2","language":"es","enabled_languages":["en","de","es"],"languages":{"en":{"title":true,"content":true,"excerpt":false},"de":{"title":true,"content":true,"excerpt":false},"es":{"title":true,"content":true,"excerpt":false}}},"yoast_head":"<!-- This site is optimized with the Yoast SEO plugin v27.3 - https:\/\/yoast.com\/product\/yoast-seo-wordpress\/ -->\n<title>Justicia Azul -<\/title>\n<meta name=\"robots\" content=\"index, follow, max-snippet:-1, max-image-preview:large, max-video-preview:-1\" \/>\n<link rel=\"canonical\" href=\"https:\/\/enjust.net\/blue-justice\/\" \/>\n<meta property=\"og:locale\" content=\"es_ES\" \/>\n<meta property=\"og:type\" content=\"article\" \/>\n<meta property=\"og:title\" content=\"Justicia Azul -\" \/>\n<meta property=\"og:url\" content=\"https:\/\/enjust.net\/blue-justice\/\" \/>\n<meta property=\"article:modified_time\" content=\"2025-03-25T13:13:26+00:00\" \/>\n<meta property=\"og:image\" content=\"https:\/\/enjust.net\/wp-content\/uploads\/2025\/03\/EnJust-Konferenz_5-e1742306730987.jpg\" \/>\n\t<meta property=\"og:image:width\" content=\"900\" \/>\n\t<meta property=\"og:image:height\" content=\"280\" \/>\n\t<meta property=\"og:image:type\" content=\"image\/jpeg\" \/>\n<meta name=\"twitter:card\" content=\"summary_large_image\" \/>\n<meta name=\"twitter:label1\" content=\"Tiempo de lectura\" \/>\n\t<meta name=\"twitter:data1\" content=\"2 minutos\" \/>\n<script type=\"application\/ld+json\" class=\"yoast-schema-graph\">{\"@context\":\"https:\\\/\\\/schema.org\",\"@graph\":[{\"@type\":\"WebPage\",\"@id\":\"https:\\\/\\\/enjust.net\\\/blue-justice\\\/\",\"url\":\"https:\\\/\\\/enjust.net\\\/blue-justice\\\/\",\"name\":\"Justicia Azul -\",\"isPartOf\":{\"@id\":\"https:\\\/\\\/enjust.net\\\/de\\\/#website\"},\"primaryImageOfPage\":{\"@id\":\"https:\\\/\\\/enjust.net\\\/blue-justice\\\/#primaryimage\"},\"image\":{\"@id\":\"https:\\\/\\\/enjust.net\\\/blue-justice\\\/#primaryimage\"},\"thumbnailUrl\":\"https:\\\/\\\/enjust.net\\\/wp-content\\\/uploads\\\/2025\\\/03\\\/EnJust-Konferenz_5-e1742306730987.jpg\",\"datePublished\":\"2025-03-18T14:02:37+00:00\",\"dateModified\":\"2025-03-25T13:13:26+00:00\",\"breadcrumb\":{\"@id\":\"https:\\\/\\\/enjust.net\\\/blue-justice\\\/#breadcrumb\"},\"inLanguage\":\"es\",\"potentialAction\":[{\"@type\":\"ReadAction\",\"target\":[\"https:\\\/\\\/enjust.net\\\/blue-justice\\\/\"]}]},{\"@type\":\"ImageObject\",\"inLanguage\":\"es\",\"@id\":\"https:\\\/\\\/enjust.net\\\/blue-justice\\\/#primaryimage\",\"url\":\"https:\\\/\\\/enjust.net\\\/wp-content\\\/uploads\\\/2025\\\/03\\\/EnJust-Konferenz_5-e1742306730987.jpg\",\"contentUrl\":\"https:\\\/\\\/enjust.net\\\/wp-content\\\/uploads\\\/2025\\\/03\\\/EnJust-Konferenz_5-e1742306730987.jpg\",\"width\":900,\"height\":280},{\"@type\":\"BreadcrumbList\",\"@id\":\"https:\\\/\\\/enjust.net\\\/blue-justice\\\/#breadcrumb\",\"itemListElement\":[{\"@type\":\"ListItem\",\"position\":1,\"name\":\"Startseite\",\"item\":\"https:\\\/\\\/enjust.net\\\/\"},{\"@type\":\"ListItem\",\"position\":2,\"name\":\"Blue Justice\"}]},{\"@type\":\"WebSite\",\"@id\":\"https:\\\/\\\/enjust.net\\\/de\\\/#website\",\"url\":\"https:\\\/\\\/enjust.net\\\/de\\\/\",\"name\":\"\",\"description\":\"\",\"potentialAction\":[{\"@type\":\"SearchAction\",\"target\":{\"@type\":\"EntryPoint\",\"urlTemplate\":\"https:\\\/\\\/enjust.net\\\/de\\\/?s={search_term_string}\"},\"query-input\":{\"@type\":\"PropertyValueSpecification\",\"valueRequired\":true,\"valueName\":\"search_term_string\"}}],\"inLanguage\":\"es\"}]}<\/script>\n<!-- \/ Yoast SEO plugin. -->","yoast_head_json":{"title":"Justicia Azul -","robots":{"index":"index","follow":"follow","max-snippet":"max-snippet:-1","max-image-preview":"max-image-preview:large","max-video-preview":"max-video-preview:-1"},"canonical":"https:\/\/enjust.net\/blue-justice\/","og_locale":"es_ES","og_type":"article","og_title":"Justicia Azul -","og_url":"https:\/\/enjust.net\/blue-justice\/","article_modified_time":"2025-03-25T13:13:26+00:00","og_image":[{"width":900,"height":280,"url":"https:\/\/enjust.net\/wp-content\/uploads\/2025\/03\/EnJust-Konferenz_5-e1742306730987.jpg","type":"image\/jpeg"}],"twitter_card":"summary_large_image","twitter_misc":{"Tiempo de lectura":"2 minutos"},"schema":{"@context":"https:\/\/schema.org","@graph":[{"@type":"WebPage","@id":"https:\/\/enjust.net\/blue-justice\/","url":"https:\/\/enjust.net\/blue-justice\/","name":"Justicia Azul -","isPartOf":{"@id":"https:\/\/enjust.net\/de\/#website"},"primaryImageOfPage":{"@id":"https:\/\/enjust.net\/blue-justice\/#primaryimage"},"image":{"@id":"https:\/\/enjust.net\/blue-justice\/#primaryimage"},"thumbnailUrl":"https:\/\/enjust.net\/wp-content\/uploads\/2025\/03\/EnJust-Konferenz_5-e1742306730987.jpg","datePublished":"2025-03-18T14:02:37+00:00","dateModified":"2025-03-25T13:13:26+00:00","breadcrumb":{"@id":"https:\/\/enjust.net\/blue-justice\/#breadcrumb"},"inLanguage":"es","potentialAction":[{"@type":"ReadAction","target":["https:\/\/enjust.net\/blue-justice\/"]}]},{"@type":"ImageObject","inLanguage":"es","@id":"https:\/\/enjust.net\/blue-justice\/#primaryimage","url":"https:\/\/enjust.net\/wp-content\/uploads\/2025\/03\/EnJust-Konferenz_5-e1742306730987.jpg","contentUrl":"https:\/\/enjust.net\/wp-content\/uploads\/2025\/03\/EnJust-Konferenz_5-e1742306730987.jpg","width":900,"height":280},{"@type":"BreadcrumbList","@id":"https:\/\/enjust.net\/blue-justice\/#breadcrumb","itemListElement":[{"@type":"ListItem","position":1,"name":"Startseite","item":"https:\/\/enjust.net\/"},{"@type":"ListItem","position":2,"name":"Blue Justice"}]},{"@type":"WebSite","@id":"https:\/\/enjust.net\/de\/#website","url":"https:\/\/enjust.net\/de\/","name":"","description":"","potentialAction":[{"@type":"SearchAction","target":{"@type":"EntryPoint","urlTemplate":"https:\/\/enjust.net\/de\/?s={search_term_string}"},"query-input":{"@type":"PropertyValueSpecification","valueRequired":true,"valueName":"search_term_string"}}],"inLanguage":"es"}]}},"_links":{"self":[{"href":"https:\/\/enjust.net\/es\/wp-json\/wp\/v2\/pages\/3196","targetHints":{"allow":["GET"]}}],"collection":[{"href":"https:\/\/enjust.net\/es\/wp-json\/wp\/v2\/pages"}],"about":[{"href":"https:\/\/enjust.net\/es\/wp-json\/wp\/v2\/types\/page"}],"author":[{"embeddable":true,"href":"https:\/\/enjust.net\/es\/wp-json\/wp\/v2\/users\/10"}],"replies":[{"embeddable":true,"href":"https:\/\/enjust.net\/es\/wp-json\/wp\/v2\/comments?post=3196"}],"version-history":[{"count":5,"href":"https:\/\/enjust.net\/es\/wp-json\/wp\/v2\/pages\/3196\/revisions"}],"predecessor-version":[{"id":3222,"href":"https:\/\/enjust.net\/es\/wp-json\/wp\/v2\/pages\/3196\/revisions\/3222"}],"wp:featuredmedia":[{"embeddable":true,"href":"https:\/\/enjust.net\/es\/wp-json\/wp\/v2\/media\/3204"}],"wp:attachment":[{"href":"https:\/\/enjust.net\/es\/wp-json\/wp\/v2\/media?parent=3196"}],"curies":[{"name":"wp","href":"https:\/\/api.w.org\/{rel}","templated":true}]}}