{"id":3516,"date":"2025-12-17T15:18:04","date_gmt":"2025-12-17T15:18:04","guid":{"rendered":"https:\/\/enjust.net\/?page_id=3516"},"modified":"2025-12-17T16:21:44","modified_gmt":"2025-12-17T16:21:44","slug":"conference-bonn-2025","status":"publish","type":"page","link":"https:\/\/enjust.net\/es\/conference-bonn-2025\/","title":{"rendered":"Conferencia Bonn 2025"},"content":{"rendered":"<div class=\"wp-block-image\">\n<figure class=\"aligncenter size-full\"><img loading=\"lazy\" decoding=\"async\" width=\"719\" height=\"99\" src=\"https:\/\/enjust.net\/wp-content\/uploads\/2025\/12\/grafik-2.png\" alt=\"\" class=\"wp-image-3549\" srcset=\"https:\/\/enjust.net\/wp-content\/uploads\/2025\/12\/grafik-2.png 719w, https:\/\/enjust.net\/wp-content\/uploads\/2025\/12\/grafik-2-300x41.png 300w\" sizes=\"auto, (max-width: 719px) 100vw, 719px\" \/><\/figure>\n<\/div>\n\n\n<p class=\"has-text-align-center\"><strong>6.\u00aa Conferencia Internacional EnJust: del 3 al 5 de diciembre de 2025 en Bonn<\/strong><\/p>\n\n\n\n<p class=\"has-text-align-center\"><strong>\u201cOffsetting Justice? Environmental justice in the age of market and militarized conservation\u201d<\/strong><\/p>\n\n\n\n<p>La red EnJust fue fundada en 2019 en el Instituto Geogr\u00e1fico de la Universidad Christian-Albrechts de Kiel por Silja Klepp, Jonas Hein y Florian D\u00fcnckmann. El objetivo de la red es sensibilizar sobre cuestiones de justicia medioambiental y reforzar la participaci\u00f3n democr\u00e1tica de las personas afectadas por problemas medioambientales. Adem\u00e1s, pretende conectar a actores del \u00e1mbito cient\u00edfico, de la planificaci\u00f3n y de la sociedad civil, abrir espacios de comunicaci\u00f3n e iniciar investigaciones conjuntas. Con alrededor de 400 miembros de 40 pa\u00edses, la red conecta a personas de diferentes disciplinas cient\u00edficas (entre otras, geograf\u00eda, ciencias pol\u00edticas, biolog\u00eda, derecho, filosof\u00eda y econom\u00eda), as\u00ed como de los \u00e1mbitos art\u00edstico y activista.<\/p>\n\n\n\n<p>La sexta conferencia internacional EnJust se celebr\u00f3 del 3 al 5 de diciembre de 2025 en el Instituto Alem\u00e1n de Desarrollo y Sostenibilidad (IDOS) en Bonn. El tema fue \u00ab\u00bfCompensar la justicia? La justicia medioambiental en la era del mercado y la conservaci\u00f3n militarizada\u00bb. Participaron m\u00e1s de 60 cient\u00edficos, artistas y profesionales de \u00c1frica, Europa, Asia y Am\u00e9rica del Norte y del Sur. La conferencia ofreci\u00f3 sesiones especializadas, conferencias, debates en grupo, actuaciones art\u00edsticas y exposiciones.<\/p>\n\n\n\n<p>El enfoque central se centr\u00f3 en cuestiones de justicia en el contexto de los enfoques de conservaci\u00f3n de la naturaleza basados en el mercado, en particular las denominadas compensaciones, como los proyectos voluntarios del mercado de carbono o las compensaciones por biodiversidad. Estos enfoques se analizaron a partir de estudios de casos internacionales, por ejemplo, de Brasil, M\u00e9xico, \u00c1frica Occidental e Indonesia. Se puso de manifiesto que este tipo de proyectos suelen reforzar las asimetr\u00edas de poder existentes y pueden dar lugar a conflictos por los derechos sobre la tierra, los recursos y el poder de decisi\u00f3n. Tambi\u00e9n se debatieron cr\u00edticamente las incertidumbres ecol\u00f3gicas, como la problem\u00e1tica medibilidad de la biodiversidad y la dificultad de evaluar los efectos a largo plazo.<\/p>\n\n\n\n<p>Este debate se vincula con conceptos centrales de la justicia ambiental, que cuestionan cr\u00edticamente las consecuencias sociales, ecol\u00f3gicas y pol\u00edticas de la orientaci\u00f3n hacia el mercado de la naturaleza. Se debati\u00f3 en qu\u00e9 medida los instrumentos basados en el mercado pueden agravar o mitigar las desigualdades sociales.<\/p>\n\n\n\n<p>Otro tema central fue el an\u00e1lisis cr\u00edtico de las formas militarizadas de protecci\u00f3n de la naturaleza. Investigaciones realizadas en Colombia, Ecuador y el Caribe demostraron que las medidas orientadas a la seguridad suelen conducir a la criminalizaci\u00f3n de los peque\u00f1os agricultores, pescadores o grupos ind\u00edgenas. Esto limita considerablemente los derechos de uso tradicionales y los modos de vida. Al mismo tiempo, se presentaron ejemplos de autoorganizaci\u00f3n colectiva que muestran alternativas a estas pol\u00edticas de protecci\u00f3n represivas.<\/p>\n\n\n\n<p>Formatos art\u00edsticos como performances, instalaciones y narrativas creativas permitieron experimentar la justicia medioambiental y debatir conceptos alternativos de justicia m\u00e1s all\u00e1 de lo humano. Estas perspectivas ampl\u00edan el debate anal\u00edtico con enfoques creativos y emocionales y visibilizan las desigualdades sociales y ecol\u00f3gicas.<\/p>\n\n\n\n<p>Los participantes en la conferencia desarrollaron tesis y recomendaciones de actuaci\u00f3n para hacer que la protecci\u00f3n de la naturaleza y el clima sea m\u00e1s justa desde el punto de vista social. Se destacaron como medidas centrales la conservaci\u00f3n de la naturaleza basada en los derechos sobre la tierra, la aplicaci\u00f3n justa de las leyes medioambientales existentes, la limitaci\u00f3n a las compensaciones de biodiversidad in situ y el fomento espec\u00edfico de los grupos ind\u00edgenas y los peque\u00f1os agricultores. Los procesos de toma de decisiones participativos a nivel local se consideraron decisivos para vincular la protecci\u00f3n del clima y la justicia social.<\/p>\n\n\n\n<p>Encontrar\u00e1s m\u00e1s detalles en el Libro de Res\u00famenes:<\/p>\n\n\n\n<div data-wp-interactive=\"core\/file\" class=\"wp-block-file\"><object data-wp-bind--hidden=\"!state.hasPdfPreview\" hidden class=\"wp-block-file__embed\" data=\"https:\/\/enjust.net\/wp-content\/uploads\/2025\/12\/Abstract-Book-Bonn-2025-2.pdf\" type=\"application\/pdf\" style=\"width:100%;height:600px\" aria-label=\"Incrustado de Abstract Book Bonn 2025.\"><\/object><a id=\"wp-block-file--media-8ad9dc9a-264c-486d-9bc4-daec7893edd3\" href=\"https:\/\/enjust.net\/wp-content\/uploads\/2025\/12\/Abstract-Book-Bonn-2025-2.pdf\">Abstract Book Bonn 2025<\/a><a href=\"https:\/\/enjust.net\/wp-content\/uploads\/2025\/12\/Abstract-Book-Bonn-2025-2.pdf\" class=\"wp-block-file__button wp-element-button\" download aria-describedby=\"wp-block-file--media-8ad9dc9a-264c-486d-9bc4-daec7893edd3\">Download<\/a><\/div>\n\n\n\n<p>Este fue el programa de la conferencia:<\/p>\n\n\n\n<div data-wp-interactive=\"core\/file\" class=\"wp-block-file\"><object data-wp-bind--hidden=\"!state.hasPdfPreview\" hidden class=\"wp-block-file__embed\" data=\"https:\/\/enjust.net\/wp-content\/uploads\/2025\/12\/Enjust_Konferenz_Programm_Final-2.pdf\" type=\"application\/pdf\" style=\"width:100%;height:600px\" aria-label=\"Incrustado de Enjust_Konferenz_Programm_Final.\"><\/object><a id=\"wp-block-file--media-108f727a-b416-42ce-adbf-329c66c0415d\" href=\"https:\/\/enjust.net\/wp-content\/uploads\/2025\/12\/Enjust_Konferenz_Programm_Final-2.pdf\">Enjust_Konferenz_Programm_Final<\/a><a href=\"https:\/\/enjust.net\/wp-content\/uploads\/2025\/12\/Enjust_Konferenz_Programm_Final-2.pdf\" class=\"wp-block-file__button wp-element-button\" download aria-describedby=\"wp-block-file--media-108f727a-b416-42ce-adbf-329c66c0415d\">Download<\/a><\/div>\n\n\n\n<p>Aqu\u00ed hay algunas fotos:<\/p>\n\n\n\n<figure class=\"wp-block-gallery has-nested-images columns-default is-cropped wp-block-gallery-1 is-layout-flex wp-block-gallery-is-layout-flex\">\n<figure class=\"wp-block-image size-large\"><img loading=\"lazy\" decoding=\"async\" width=\"768\" height=\"1024\" data-id=\"3555\" src=\"https:\/\/enjust.net\/wp-content\/uploads\/2025\/12\/1.EnJust_Networ_Session_2025-2-768x1024.jpg\" alt=\"\" class=\"wp-image-3555\" srcset=\"https:\/\/enjust.net\/wp-content\/uploads\/2025\/12\/1.EnJust_Networ_Session_2025-2-768x1024.jpg 768w, https:\/\/enjust.net\/wp-content\/uploads\/2025\/12\/1.EnJust_Networ_Session_2025-2-225x300.jpg 225w, https:\/\/enjust.net\/wp-content\/uploads\/2025\/12\/1.EnJust_Networ_Session_2025-2.jpg 900w\" sizes=\"auto, (max-width: 768px) 100vw, 768px\" \/><\/figure>\n\n\n\n<figure class=\"wp-block-image size-large\"><img loading=\"lazy\" decoding=\"async\" width=\"768\" height=\"1024\" data-id=\"3554\" src=\"https:\/\/enjust.net\/wp-content\/uploads\/2025\/12\/2.Grundungsmitglieder_Enjust-2-768x1024.jpg\" alt=\"\" class=\"wp-image-3554\" srcset=\"https:\/\/enjust.net\/wp-content\/uploads\/2025\/12\/2.Grundungsmitglieder_Enjust-2-768x1024.jpg 768w, https:\/\/enjust.net\/wp-content\/uploads\/2025\/12\/2.Grundungsmitglieder_Enjust-2-225x300.jpg 225w, https:\/\/enjust.net\/wp-content\/uploads\/2025\/12\/2.Grundungsmitglieder_Enjust-2.jpg 900w\" sizes=\"auto, (max-width: 768px) 100vw, 768px\" \/><\/figure>\n\n\n\n<figure class=\"wp-block-image size-large\"><img loading=\"lazy\" decoding=\"async\" width=\"1024\" height=\"768\" data-id=\"3553\" src=\"https:\/\/enjust.net\/wp-content\/uploads\/2025\/12\/3.EJ_Konferenzraum_2025-2-1024x768.jpg\" alt=\"\" class=\"wp-image-3553\" srcset=\"https:\/\/enjust.net\/wp-content\/uploads\/2025\/12\/3.EJ_Konferenzraum_2025-2-1024x768.jpg 1024w, https:\/\/enjust.net\/wp-content\/uploads\/2025\/12\/3.EJ_Konferenzraum_2025-2-300x225.jpg 300w, https:\/\/enjust.net\/wp-content\/uploads\/2025\/12\/3.EJ_Konferenzraum_2025-2-768x576.jpg 768w, https:\/\/enjust.net\/wp-content\/uploads\/2025\/12\/3.EJ_Konferenzraum_2025-2.jpg 1200w\" sizes=\"auto, (max-width: 1024px) 100vw, 1024px\" \/><\/figure>\n<\/figure>\n\n\n\n<p>Fotos de: Kim Nierobisch y Paula Deppenbrock<\/p>\n\n\n\n<p><\/p>\n","protected":false},"excerpt":{"rendered":"<p>6.\u00aa Conferencia Internacional EnJust: del 3 al 5 de diciembre de 2025 en Bonn \u201cOffsetting Justice? Environmental justice in the age of market and militarized conservation\u201d La red EnJust fue fundada en 2019 en el Instituto Geogr\u00e1fico de la Universidad Christian-Albrechts de Kiel por Silja Klepp, Jonas Hein y Florian D\u00fcnckmann. El objetivo de la red es sensibilizar sobre cuestiones de justicia medioambiental y reforzar la participaci\u00f3n democr\u00e1tica de las personas afectadas por problemas medioambientales. Adem\u00e1s, pretende conectar a actores del \u00e1mbito cient\u00edfico, de la planificaci\u00f3n y de la sociedad civil, abrir espacios de comunicaci\u00f3n e iniciar investigaciones conjuntas. Con&#8230; <\/p>\n","protected":false},"author":11,"featured_media":0,"parent":0,"menu_order":0,"comment_status":"closed","ping_status":"closed","template":"","meta":{"footnotes":""},"class_list":["post-3516","page","type-page","status-publish","hentry"],"translation":{"provider":"WPGlobus","version":"3.0.2","language":"es","enabled_languages":["en","de","es"],"languages":{"en":{"title":true,"content":true,"excerpt":false},"de":{"title":true,"content":true,"excerpt":false},"es":{"title":true,"content":true,"excerpt":false}}},"yoast_head":"<!-- This site is optimized with the Yoast SEO plugin v27.4 - https:\/\/yoast.com\/product\/yoast-seo-wordpress\/ -->\n<title>Conferencia Bonn 2025 -<\/title>\n<meta name=\"robots\" content=\"index, follow, max-snippet:-1, max-image-preview:large, max-video-preview:-1\" \/>\n<link rel=\"canonical\" href=\"https:\/\/enjust.net\/conference-bonn-2025\/\" \/>\n<meta property=\"og:locale\" content=\"es_ES\" \/>\n<meta property=\"og:type\" content=\"article\" \/>\n<meta property=\"og:title\" content=\"Conferencia Bonn 2025 -\" \/>\n<meta property=\"og:url\" content=\"https:\/\/enjust.net\/conference-bonn-2025\/\" \/>\n<meta property=\"article:modified_time\" content=\"2025-12-17T16:21:44+00:00\" \/>\n<meta property=\"og:image\" content=\"https:\/\/enjust.net\/wp-content\/uploads\/2025\/12\/grafik.png\" \/>\n\t<meta property=\"og:image:width\" content=\"808\" \/>\n\t<meta property=\"og:image:height\" content=\"186\" \/>\n\t<meta property=\"og:image:type\" content=\"image\/png\" \/>\n<meta name=\"twitter:card\" content=\"summary_large_image\" \/>\n<meta name=\"twitter:label1\" content=\"Tiempo de lectura\" \/>\n\t<meta name=\"twitter:data1\" content=\"4 minutos\" \/>\n<script type=\"application\/ld+json\" class=\"yoast-schema-graph\">{\"@context\":\"https:\\\/\\\/schema.org\",\"@graph\":[{\"@type\":\"WebPage\",\"@id\":\"https:\\\/\\\/enjust.net\\\/conference-bonn-2025\\\/\",\"url\":\"https:\\\/\\\/enjust.net\\\/conference-bonn-2025\\\/\",\"name\":\"Conferencia Bonn 2025 -\",\"isPartOf\":{\"@id\":\"https:\\\/\\\/enjust.net\\\/de\\\/#website\"},\"primaryImageOfPage\":{\"@id\":\"https:\\\/\\\/enjust.net\\\/conference-bonn-2025\\\/#primaryimage\"},\"image\":{\"@id\":\"https:\\\/\\\/enjust.net\\\/conference-bonn-2025\\\/#primaryimage\"},\"thumbnailUrl\":\"https:\\\/\\\/enjust.net\\\/wp-content\\\/uploads\\\/2025\\\/12\\\/grafik.png\",\"datePublished\":\"2025-12-17T15:18:04+00:00\",\"dateModified\":\"2025-12-17T16:21:44+00:00\",\"breadcrumb\":{\"@id\":\"https:\\\/\\\/enjust.net\\\/conference-bonn-2025\\\/#breadcrumb\"},\"inLanguage\":\"es\",\"potentialAction\":[{\"@type\":\"ReadAction\",\"target\":[\"https:\\\/\\\/enjust.net\\\/conference-bonn-2025\\\/\"]}]},{\"@type\":\"ImageObject\",\"inLanguage\":\"es\",\"@id\":\"https:\\\/\\\/enjust.net\\\/conference-bonn-2025\\\/#primaryimage\",\"url\":\"https:\\\/\\\/enjust.net\\\/wp-content\\\/uploads\\\/2025\\\/12\\\/grafik.png\",\"contentUrl\":\"https:\\\/\\\/enjust.net\\\/wp-content\\\/uploads\\\/2025\\\/12\\\/grafik.png\"},{\"@type\":\"BreadcrumbList\",\"@id\":\"https:\\\/\\\/enjust.net\\\/conference-bonn-2025\\\/#breadcrumb\",\"itemListElement\":[{\"@type\":\"ListItem\",\"position\":1,\"name\":\"Startseite\",\"item\":\"https:\\\/\\\/enjust.net\\\/\"},{\"@type\":\"ListItem\",\"position\":2,\"name\":\"Conference Bonn 2025\"}]},{\"@type\":\"WebSite\",\"@id\":\"https:\\\/\\\/enjust.net\\\/de\\\/#website\",\"url\":\"https:\\\/\\\/enjust.net\\\/de\\\/\",\"name\":\"\",\"description\":\"\",\"potentialAction\":[{\"@type\":\"SearchAction\",\"target\":{\"@type\":\"EntryPoint\",\"urlTemplate\":\"https:\\\/\\\/enjust.net\\\/de\\\/?s={search_term_string}\"},\"query-input\":{\"@type\":\"PropertyValueSpecification\",\"valueRequired\":true,\"valueName\":\"search_term_string\"}}],\"inLanguage\":\"es\"}]}<\/script>\n<!-- \/ Yoast SEO plugin. -->","yoast_head_json":{"title":"Conferencia Bonn 2025 -","robots":{"index":"index","follow":"follow","max-snippet":"max-snippet:-1","max-image-preview":"max-image-preview:large","max-video-preview":"max-video-preview:-1"},"canonical":"https:\/\/enjust.net\/conference-bonn-2025\/","og_locale":"es_ES","og_type":"article","og_title":"Conferencia Bonn 2025 -","og_url":"https:\/\/enjust.net\/conference-bonn-2025\/","article_modified_time":"2025-12-17T16:21:44+00:00","og_image":[{"width":808,"height":186,"url":"https:\/\/enjust.net\/wp-content\/uploads\/2025\/12\/grafik.png","type":"image\/png"}],"twitter_card":"summary_large_image","twitter_misc":{"Tiempo de lectura":"4 minutos"},"schema":{"@context":"https:\/\/schema.org","@graph":[{"@type":"WebPage","@id":"https:\/\/enjust.net\/conference-bonn-2025\/","url":"https:\/\/enjust.net\/conference-bonn-2025\/","name":"Conferencia Bonn 2025 -","isPartOf":{"@id":"https:\/\/enjust.net\/de\/#website"},"primaryImageOfPage":{"@id":"https:\/\/enjust.net\/conference-bonn-2025\/#primaryimage"},"image":{"@id":"https:\/\/enjust.net\/conference-bonn-2025\/#primaryimage"},"thumbnailUrl":"https:\/\/enjust.net\/wp-content\/uploads\/2025\/12\/grafik.png","datePublished":"2025-12-17T15:18:04+00:00","dateModified":"2025-12-17T16:21:44+00:00","breadcrumb":{"@id":"https:\/\/enjust.net\/conference-bonn-2025\/#breadcrumb"},"inLanguage":"es","potentialAction":[{"@type":"ReadAction","target":["https:\/\/enjust.net\/conference-bonn-2025\/"]}]},{"@type":"ImageObject","inLanguage":"es","@id":"https:\/\/enjust.net\/conference-bonn-2025\/#primaryimage","url":"https:\/\/enjust.net\/wp-content\/uploads\/2025\/12\/grafik.png","contentUrl":"https:\/\/enjust.net\/wp-content\/uploads\/2025\/12\/grafik.png"},{"@type":"BreadcrumbList","@id":"https:\/\/enjust.net\/conference-bonn-2025\/#breadcrumb","itemListElement":[{"@type":"ListItem","position":1,"name":"Startseite","item":"https:\/\/enjust.net\/"},{"@type":"ListItem","position":2,"name":"Conference Bonn 2025"}]},{"@type":"WebSite","@id":"https:\/\/enjust.net\/de\/#website","url":"https:\/\/enjust.net\/de\/","name":"","description":"","potentialAction":[{"@type":"SearchAction","target":{"@type":"EntryPoint","urlTemplate":"https:\/\/enjust.net\/de\/?s={search_term_string}"},"query-input":{"@type":"PropertyValueSpecification","valueRequired":true,"valueName":"search_term_string"}}],"inLanguage":"es"}]}},"_links":{"self":[{"href":"https:\/\/enjust.net\/es\/wp-json\/wp\/v2\/pages\/3516","targetHints":{"allow":["GET"]}}],"collection":[{"href":"https:\/\/enjust.net\/es\/wp-json\/wp\/v2\/pages"}],"about":[{"href":"https:\/\/enjust.net\/es\/wp-json\/wp\/v2\/types\/page"}],"author":[{"embeddable":true,"href":"https:\/\/enjust.net\/es\/wp-json\/wp\/v2\/users\/11"}],"replies":[{"embeddable":true,"href":"https:\/\/enjust.net\/es\/wp-json\/wp\/v2\/comments?post=3516"}],"version-history":[{"count":5,"href":"https:\/\/enjust.net\/es\/wp-json\/wp\/v2\/pages\/3516\/revisions"}],"predecessor-version":[{"id":3556,"href":"https:\/\/enjust.net\/es\/wp-json\/wp\/v2\/pages\/3516\/revisions\/3556"}],"wp:attachment":[{"href":"https:\/\/enjust.net\/es\/wp-json\/wp\/v2\/media?parent=3516"}],"curies":[{"name":"wp","href":"https:\/\/api.w.org\/{rel}","templated":true}]}}